{"id":290,"date":"2021-04-12T15:06:31","date_gmt":"2021-04-12T15:06:31","guid":{"rendered":"http:\/\/bmmaf.org\/la-federation\/team-copy\/"},"modified":"2024-12-05T13:52:33","modified_gmt":"2024-12-05T13:52:33","slug":"sponsors","status":"publish","type":"page","link":"https:\/\/bmmaf.org\/en\/sponsors\/","title":{"rendered":"Sponsors"},"content":{"rendered":"<!--themify_builder_content-->\n<div id=\"themify_builder_content-290\" data-postid=\"290\" class=\"themify_builder_content themify_builder_content-290 themify_builder tf_clear\">\n                    <div  data-css_id=\"t4mf003\" data-lazy=\"1\" class=\"module_row themify_builder_row fullwidth tb_t4mf003 tb_first tf_w\">\n            <span  class=\"builder_row_cover tf_abs\" data-lazy=\"1\"><\/span>            <div class=\"row_inner col_align_top tb_col_count_1 tf_box tf_rel\">\n                        <div  data-lazy=\"1\" class=\"module_column tb-column col-full tb_yej7000 first\">\n                            <\/div>\n                        <\/div>\n        <\/div>\n                        <div  data-anchor=\"board\" data-lazy=\"1\" class=\"module_row themify_builder_row tb_has_section tb_section-board tb_4sr4623 tf_w\">\n                        <div class=\"row_inner col_align_top tb_col_count_1 tf_box tf_rel\">\n                        <div  data-lazy=\"1\" class=\"module_column tb-column col-full tb_9xxg023 first\">\n                    <!-- module text -->\n<div  class=\"module module-text tb_eaem033\" data-lazy=\"1\">\n        <div  class=\"tb_text_wrap\">\n        <p><h5-page-header>Sponsors<\/h5-page-header><\/p>    <\/div>\n<\/div>\n<!-- \/module text --><!-- module text -->\n<div  class=\"module module-text tb_eypq403\" data-lazy=\"1\">\n        <div  class=\"tb_text_wrap\">\n        <p><span>Our sponsors and partners are essential to the success of our activities. We aim to create long-term relationships that benefit both our members and our sponsors and provide financial support to the federation.<\/span><\/p>\n<p><span>Interest in MMA is growing all the time and the target audience is becoming increasingly diverse, both locally and worldwide. BMMAF's many activities not only allow you to target the audience you want (clubs, girls, athletes....) but also to customise your actions and communications according to the impact you are looking for (B2C, social media, etc.).<\/span><\/p>    <\/div>\n<\/div>\n<!-- \/module text --><!-- module buttons -->\n<div  class=\"module module-buttons tb_qj5i650 buttons-horizontal outline  large rounded\" data-lazy=\"1\">\n        <div class=\"module-buttons-item tf_in_flx\">\n                        <a href=\"mailto:bmmaf.org@gmail.com\" class=\"ui builder_button tf_in_flx black\" >\n                                                Become a sponsor                                        <\/a>\n                <\/div>\n            <\/div>\n<!-- \/module buttons -->\n        <\/div>\n                        <\/div>\n        <\/div>\n                        <div  data-anchor=\"board\" data-lazy=\"1\" class=\"module_row themify_builder_row tb_has_section tb_section-board tb_g365300 tf_w\">\n                        <div class=\"row_inner col_align_top tb_col_count_3 tf_box tf_rel\">\n                        <div  data-lazy=\"1\" class=\"module_column tb-column col3-1 tb_itgn305 first\">\n                    <!-- module image -->\n<div  class=\"module module-image tb_prjf300 image-top   active-caption-hover tf_mw\" data-lazy=\"1\">\n        <div class=\"image-wrap tf_rel tf_mw\">\n            <img loading=\"lazy\" decoding=\"async\" src=\"http:\/\/bmmaf.org\/wp-content\/uploads\/2021\/08\/fightoff_0.png\" width=\"225\" height=\"225\" title=\"FightOff\" alt=\"Sports centre, combat sports\">    \n        <\/div>\n    <!-- \/image-wrap -->\n    \n        <div class=\"image-content\">\n                    <h3 class=\"image-title\">\n                                    FightOff                            <\/h3>\n                        <div class=\"image-caption tb_text_wrap\">\n            Sports centre, combat sports        <\/div>\n        <!-- \/image-caption -->\n            <\/div>\n    <!-- \/image-content -->\n        <\/div>\n<!-- \/module image --><!-- module accordion -->\n<div  class=\"module module-accordion tb_qfp3930\" data-behavior=\"toggle\" data-lazy=\"1\">\n    \n    <ul class=\"ui module-accordion   transparent\">\n            <li>\n            <div class=\"accordion-title tf_rel\">\n                <a href=\"#acc-qfp3930-0\" class=\"tb_title_accordion\" aria-controls=\"acc-qfp3930-0-content\" aria-expanded=\"false\">\n                    <i class=\"accordion-icon\"><svg  class=\"tf_fa tf-ti-plus\" xmlns:xlink=\"http:\/\/www.w3.org\/1999\/xlink\" aria-hidden=\"true\"><use href=\"#tf-ti-plus\" xlink:href=\"#tf-ti-plus\"><\/use><\/svg><\/i>                    <i class=\"accordion-active-icon tf_hide\"><svg  class=\"tf_fa tf-ti-minus\" xmlns:xlink=\"http:\/\/www.w3.org\/1999\/xlink\" aria-hidden=\"true\"><use href=\"#tf-ti-minus\" xlink:href=\"#tf-ti-minus\"><\/use><\/svg><\/i>                    <span class=\"accordion-title-wrap\">BIO<\/span>                <\/a>\n            <\/div><!-- .accordion-title -->\n            <div id=\"acc-qfp3930-0-content\" data-id=\"acc-qfp3930-0\" aria-hidden=\"true\" class=\"accordion-content tf_hide tf_clearfix\">\n                                    <div class=\"tb_text_wrap\">\n                        <p><a href=\"https:\/\/www.fight-off.com\/\">Website<\/a><\/p>\n<p class=\"font_8\">We are an organisation dedicated to the practice of combat sports and martial arts. We offer activities in our 1,500m\u00b2 facilities in Wavre (Walloon Brabant, Wallonia, Belgium).<\/p>\n<p class=\"font_8\"><span class=\"wixGuard\">\u200b<\/span><span class=\"color_28\">For adults<\/span>we offer\u00a0<a href=\"https:\/\/www.fight-off.com\/adultes\" target=\"_self\">group courses<\/a>\u00a0to the general public or to competitors, by\u00a0<a href=\"https:\/\/www.fight-off.com\/boxe-anglaise\" target=\"_self\">English boxing<\/a>,\u00a0<a href=\"https:\/\/www.fight-off.com\/boxe-thai-kick-boxing\" target=\"_self\">muay tha\u00ef<\/a>\u00a0(Thai boxing),\u00a0<a href=\"https:\/\/www.fight-off.com\/boxe-thai-kick-boxing\" target=\"_self\">kick boxing<\/a>,\u00a0<a href=\"https:\/\/www.fight-off.com\/mma\" target=\"_self\">MMA<\/a> (mixed martial arts), <a href=\"https:\/\/www.fight-off.com\/lutte-et-grappling\" target=\"_self\">grappling<\/a>\u00a0and\u00a0<a href=\"https:\/\/www.fight-off.com\/lutte-et-grappling\" target=\"_self\">fight<\/a>\u00a0as well as private lessons, corporate activities (courses and team building) and fitness coaching.<\/p>\n<p class=\"font_8\"><span class=\"wixGuard\">\u200b<\/span><span class=\"color_28\">For children<\/span>We offer group lessons (<a href=\"https:\/\/www.fight-off.com\/boxe-thai-kick-boxing\" target=\"_self\">Thai boxing<\/a>,\u00a0<a href=\"https:\/\/www.fight-off.com\/boxe-anglaise\" target=\"_self\">English boxing<\/a>\u00a0and\u00a0<a href=\"https:\/\/www.fight-off.com\/judo\" target=\"_self\">judo<\/a>) during the year\u00a0<a href=\"https:\/\/www.fight-off.com\/stages\" target=\"_self\">sports courses during the school holidays<\/a>\u00a0(martial arts and fun activities), the\u00a0<a href=\"https:\/\/www.fight-off.com\/anniversaires\" target=\"_self\">birthdays<\/a>\u00a0and private lessons.<\/p>\n<ul class=\"font_8\">\n<li>\n<p class=\"font_8\">1 training centre of 1500m\u00b2 entirely dedicated to the practice of combat sports and martial arts;<\/p>\n<\/li>\n<li>\n<p class=\"font_8\">4 training rooms;<\/p>\n<\/li>\n<li>\n<p class=\"font_8\">2 professional rings;<\/p>\n<\/li>\n<li>\n<p class=\"font_8\">1 professional cage;<\/p>\n<\/li>\n<li>\n<p class=\"font_8\">650m\u00b2 of tatami mats;<\/p>\n<\/li>\n<li>\n<p class=\"font_8\">40 punching bags;<\/p>\n<\/li>\n<li>\n<p class=\"font_8\">1 bodybuilding\/cross-training area;<\/p>\n<\/li>\n<li>\n<p class=\"font_8\">1 cardio area;<\/p>\n<\/li>\n<li>\n<p class=\"font_8\">1 combat sports shop;<\/p>\n<\/li>\n<li>\n<p class=\"font_8\">1 bar;<\/p>\n<\/li>\n<li>\n<p class=\"font_8\">1 lounge area;<\/p>\n<\/li>\n<li>\n<p class=\"font_8\">1 defibrillator.<\/p>\n<\/li>\n<\/ul>                    <\/div>\n                            <\/div><!-- .accordion-content -->\n        <\/li>\n        <\/ul>\n\n<\/div><!-- \/module accordion -->        <\/div>\n                    <div  data-lazy=\"1\" class=\"module_column tb-column col3-1 tb_86hw006\">\n                            <\/div>\n                    <div  data-lazy=\"1\" class=\"module_column tb-column col3-1 tb_210d400 last\">\n                            <\/div>\n                        <\/div>\n        <\/div>\n                        <div  data-lazy=\"1\" class=\"module_row themify_builder_row tb_2i7z534 tf_w\">\n                        <div class=\"row_inner col_align_top tb_col_count_3 tf_box tf_rel\">\n                        <div  data-lazy=\"1\" class=\"module_column tb-column col3-1 tb_fcuf033 first\">\n                            <\/div>\n                    <div  data-lazy=\"1\" class=\"module_column tb-column col3-1 tb_bwnl022\">\n                            <\/div>\n                    <div  data-lazy=\"1\" class=\"module_column tb-column col3-1 tb_w8xu633 last\">\n                            <\/div>\n                        <\/div>\n        <\/div>\n                        <div  data-lazy=\"1\" class=\"module_row themify_builder_row tb_gust308 tf_w\">\n                        <div class=\"row_inner col_align_top tb_col_count_3 tf_box tf_rel\">\n                        <div  data-lazy=\"1\" class=\"module_column tb-column col3-1 tb_jcyr319 first\">\n                            <\/div>\n                    <div  data-lazy=\"1\" class=\"module_column tb-column col3-1 tb_g2sn300\">\n                            <\/div>\n                    <div  data-lazy=\"1\" class=\"module_column tb-column col3-1 tb_jnvb001 last\">\n                            <\/div>\n                        <\/div>\n        <\/div>\n                        <div  data-lazy=\"1\" class=\"module_row themify_builder_row tb_39o5001 tf_w\">\n                        <div class=\"row_inner col_align_top tb_col_count_3 tf_box tf_rel\">\n                        <div  data-lazy=\"1\" class=\"module_column tb-column col3-1 tb_8ffq110 first\">\n                            <\/div>\n                    <div  data-lazy=\"1\" class=\"module_column tb-column col3-1 tb_oj7l303\">\n                            <\/div>\n                    <div  data-lazy=\"1\" class=\"module_column tb-column col3-1 tb_ztc0630 last\">\n                            <\/div>\n                        <\/div>\n        <\/div>\n        <\/div>\n<!--\/themify_builder_content-->","protected":false},"excerpt":{"rendered":"<p>Sponsors Nos sponsors et partenaires sont essentiels \u00e0 la r\u00e9alisation de nos activit\u00e9s. Nous visons \u00e0 cr\u00e9er des relations long termes qui profitent autant \u00e0 nos membres qu\u2019\u00e0 nos sponsors et apportent un soutien financier \u00e0 la f\u00e9d\u00e9ration. L\u2019int\u00e9r\u00eat pour le MMA ne cesse de grandir et le public impact\u00e9 se diversifie de plus en [&hellip;]<\/p>\n","protected":false},"author":3,"featured_media":0,"parent":0,"menu_order":0,"comment_status":"closed","ping_status":"closed","template":"","meta":{"iawp_total_views":314,"footnotes":""},"class_list":["post-290","page","type-page","status-publish","hentry","has-post-title","has-post-date","has-post-category","has-post-tag","has-post-comment","has-post-author",""],"yoast_head":"<!-- This site is optimized with the Yoast SEO plugin v27.2 - https:\/\/yoast.com\/product\/yoast-seo-wordpress\/ -->\n<title>Sponsors - Belgian Mixed Martial Arts Federation<\/title>\n<meta name=\"robots\" content=\"index, follow, max-snippet:-1, max-image-preview:large, max-video-preview:-1\" \/>\n<link rel=\"canonical\" href=\"https:\/\/bmmaf.org\/en\/sponsors\/\" \/>\n<meta property=\"og:locale\" content=\"en_GB\" \/>\n<meta property=\"og:type\" content=\"article\" \/>\n<meta property=\"og:title\" content=\"Sponsors - Belgian Mixed Martial Arts Federation\" \/>\n<meta property=\"og:description\" content=\"Sponsors Nos sponsors et partenaires sont essentiels \u00e0 la r\u00e9alisation de nos activit\u00e9s. Nous visons \u00e0 cr\u00e9er des relations long termes qui profitent autant \u00e0 nos membres qu\u2019\u00e0 nos sponsors et apportent un soutien financier \u00e0 la f\u00e9d\u00e9ration. L\u2019int\u00e9r\u00eat pour le MMA ne cesse de grandir et le public impact\u00e9 se diversifie de plus en [&hellip;]\" \/>\n<meta property=\"og:url\" content=\"https:\/\/bmmaf.org\/en\/sponsors\/\" \/>\n<meta property=\"og:site_name\" content=\"Belgian Mixed Martial Arts Federation\" \/>\n<meta property=\"article:modified_time\" content=\"2024-12-05T13:52:33+00:00\" \/>\n<meta property=\"og:image\" content=\"http:\/\/bmmaf.org\/wp-content\/uploads\/2021\/08\/fightoff_0.png\" \/>\n<meta name=\"twitter:card\" content=\"summary_large_image\" \/>\n<script type=\"application\/ld+json\" class=\"yoast-schema-graph\">{\"@context\":\"https:\/\/schema.org\",\"@graph\":[{\"@type\":\"WebPage\",\"@id\":\"https:\/\/bmmaf.org\/fr\/sponsors\/\",\"url\":\"https:\/\/bmmaf.org\/fr\/sponsors\/\",\"name\":\"Sponsors - Belgian Mixed Martial Arts Federation\",\"isPartOf\":{\"@id\":\"https:\/\/bmmaf.org\/fr\/#website\"},\"primaryImageOfPage\":{\"@id\":\"https:\/\/bmmaf.org\/fr\/sponsors\/#primaryimage\"},\"image\":{\"@id\":\"https:\/\/bmmaf.org\/fr\/sponsors\/#primaryimage\"},\"thumbnailUrl\":\"http:\/\/bmmaf.org\/wp-content\/uploads\/2021\/08\/fightoff_0.png\",\"datePublished\":\"2021-04-12T15:06:31+00:00\",\"dateModified\":\"2024-12-05T13:52:33+00:00\",\"breadcrumb\":{\"@id\":\"https:\/\/bmmaf.org\/fr\/sponsors\/#breadcrumb\"},\"inLanguage\":\"en-GB\",\"potentialAction\":[{\"@type\":\"ReadAction\",\"target\":[\"https:\/\/bmmaf.org\/fr\/sponsors\/\"]}]},{\"@type\":\"ImageObject\",\"inLanguage\":\"en-GB\",\"@id\":\"https:\/\/bmmaf.org\/fr\/sponsors\/#primaryimage\",\"url\":\"http:\/\/bmmaf.org\/wp-content\/uploads\/2021\/08\/fightoff_0.png\",\"contentUrl\":\"http:\/\/bmmaf.org\/wp-content\/uploads\/2021\/08\/fightoff_0.png\"},{\"@type\":\"BreadcrumbList\",\"@id\":\"https:\/\/bmmaf.org\/fr\/sponsors\/#breadcrumb\",\"itemListElement\":[{\"@type\":\"ListItem\",\"position\":1,\"name\":\"Home\",\"item\":\"https:\/\/bmmaf.org\/fr\/\"},{\"@type\":\"ListItem\",\"position\":2,\"name\":\"Sponsors\"}]},{\"@type\":\"WebSite\",\"@id\":\"https:\/\/bmmaf.org\/fr\/#website\",\"url\":\"https:\/\/bmmaf.org\/fr\/\",\"name\":\"Belgian Mixed Martial Arts Federation\",\"description\":\"\",\"publisher\":{\"@id\":\"https:\/\/bmmaf.org\/fr\/#organization\"},\"potentialAction\":[{\"@type\":\"SearchAction\",\"target\":{\"@type\":\"EntryPoint\",\"urlTemplate\":\"https:\/\/bmmaf.org\/fr\/?s={search_term_string}\"},\"query-input\":{\"@type\":\"PropertyValueSpecification\",\"valueRequired\":true,\"valueName\":\"search_term_string\"}}],\"inLanguage\":\"en-GB\"},{\"@type\":\"Organization\",\"@id\":\"https:\/\/bmmaf.org\/fr\/#organization\",\"name\":\"BMMAF\",\"url\":\"https:\/\/bmmaf.org\/fr\/\",\"logo\":{\"@type\":\"ImageObject\",\"inLanguage\":\"en-GB\",\"@id\":\"https:\/\/bmmaf.org\/fr\/#\/schema\/logo\/image\/\",\"url\":\"https:\/\/bmmaf.org\/wp-content\/uploads\/2021\/04\/logo-icon.svg\",\"contentUrl\":\"https:\/\/bmmaf.org\/wp-content\/uploads\/2021\/04\/logo-icon.svg\",\"width\":1,\"height\":1,\"caption\":\"BMMAF\"},\"image\":{\"@id\":\"https:\/\/bmmaf.org\/fr\/#\/schema\/logo\/image\/\"}}]}<\/script>\n<!-- \/ Yoast SEO plugin. -->","yoast_head_json":{"title":"Sponsors - Belgian Mixed Martial Arts Federation","robots":{"index":"index","follow":"follow","max-snippet":"max-snippet:-1","max-image-preview":"max-image-preview:large","max-video-preview":"max-video-preview:-1"},"canonical":"https:\/\/bmmaf.org\/en\/sponsors\/","og_locale":"en_GB","og_type":"article","og_title":"Sponsors - Belgian Mixed Martial Arts Federation","og_description":"Sponsors Nos sponsors et partenaires sont essentiels \u00e0 la r\u00e9alisation de nos activit\u00e9s. Nous visons \u00e0 cr\u00e9er des relations long termes qui profitent autant \u00e0 nos membres qu\u2019\u00e0 nos sponsors et apportent un soutien financier \u00e0 la f\u00e9d\u00e9ration. L\u2019int\u00e9r\u00eat pour le MMA ne cesse de grandir et le public impact\u00e9 se diversifie de plus en [&hellip;]","og_url":"https:\/\/bmmaf.org\/en\/sponsors\/","og_site_name":"Belgian Mixed Martial Arts Federation","article_modified_time":"2024-12-05T13:52:33+00:00","og_image":[{"url":"http:\/\/bmmaf.org\/wp-content\/uploads\/2021\/08\/fightoff_0.png","type":"","width":"","height":""}],"twitter_card":"summary_large_image","schema":{"@context":"https:\/\/schema.org","@graph":[{"@type":"WebPage","@id":"https:\/\/bmmaf.org\/fr\/sponsors\/","url":"https:\/\/bmmaf.org\/fr\/sponsors\/","name":"Sponsors - Belgian Mixed Martial Arts Federation","isPartOf":{"@id":"https:\/\/bmmaf.org\/fr\/#website"},"primaryImageOfPage":{"@id":"https:\/\/bmmaf.org\/fr\/sponsors\/#primaryimage"},"image":{"@id":"https:\/\/bmmaf.org\/fr\/sponsors\/#primaryimage"},"thumbnailUrl":"http:\/\/bmmaf.org\/wp-content\/uploads\/2021\/08\/fightoff_0.png","datePublished":"2021-04-12T15:06:31+00:00","dateModified":"2024-12-05T13:52:33+00:00","breadcrumb":{"@id":"https:\/\/bmmaf.org\/fr\/sponsors\/#breadcrumb"},"inLanguage":"en-GB","potentialAction":[{"@type":"ReadAction","target":["https:\/\/bmmaf.org\/fr\/sponsors\/"]}]},{"@type":"ImageObject","inLanguage":"en-GB","@id":"https:\/\/bmmaf.org\/fr\/sponsors\/#primaryimage","url":"http:\/\/bmmaf.org\/wp-content\/uploads\/2021\/08\/fightoff_0.png","contentUrl":"http:\/\/bmmaf.org\/wp-content\/uploads\/2021\/08\/fightoff_0.png"},{"@type":"BreadcrumbList","@id":"https:\/\/bmmaf.org\/fr\/sponsors\/#breadcrumb","itemListElement":[{"@type":"ListItem","position":1,"name":"Home","item":"https:\/\/bmmaf.org\/fr\/"},{"@type":"ListItem","position":2,"name":"Sponsors"}]},{"@type":"WebSite","@id":"https:\/\/bmmaf.org\/fr\/#website","url":"https:\/\/bmmaf.org\/fr\/","name":"Belgian Mixed Martial Arts Federation","description":"","publisher":{"@id":"https:\/\/bmmaf.org\/fr\/#organization"},"potentialAction":[{"@type":"SearchAction","target":{"@type":"EntryPoint","urlTemplate":"https:\/\/bmmaf.org\/fr\/?s={search_term_string}"},"query-input":{"@type":"PropertyValueSpecification","valueRequired":true,"valueName":"search_term_string"}}],"inLanguage":"en-GB"},{"@type":"Organization","@id":"https:\/\/bmmaf.org\/fr\/#organization","name":"BMMAF","url":"https:\/\/bmmaf.org\/fr\/","logo":{"@type":"ImageObject","inLanguage":"en-GB","@id":"https:\/\/bmmaf.org\/fr\/#\/schema\/logo\/image\/","url":"https:\/\/bmmaf.org\/wp-content\/uploads\/2021\/04\/logo-icon.svg","contentUrl":"https:\/\/bmmaf.org\/wp-content\/uploads\/2021\/04\/logo-icon.svg","width":1,"height":1,"caption":"BMMAF"},"image":{"@id":"https:\/\/bmmaf.org\/fr\/#\/schema\/logo\/image\/"}}]}},"builder_content":"<p><h5-page-header>Sponsors<\/h5-page-header><\/p>\n<p>Nos sponsors et partenaires sont essentiels \u00e0 la r\u00e9alisation de nos activit\u00e9s. Nous visons \u00e0 cr\u00e9er des relations long termes qui profitent autant \u00e0 nos membres qu\u2019\u00e0 nos sponsors et apportent un soutien financier \u00e0 la f\u00e9d\u00e9ration.<\/p> <p>L\u2019int\u00e9r\u00eat pour le MMA ne cesse de grandir et le public impact\u00e9 se diversifie de plus en plus, tant au niveau local que mondial. Les nombreuses activit\u00e9s de la BMMAF vous permettent non seulement de cibler le public d\u00e9sir\u00e9 (clubs, girls, athl\u00e8tes.\u2026) mais \u00e9galement de personnaliser vos actions et communications selon l\u2019impact que vous recherchez. (B2C, social media\u2026).<\/p>\n<a href=\"mailto:bmmaf.org@gmail.com\" > Devenez Sponsors <\/a>\n<img src=\"http:\/\/bmmaf.org\/wp-content\/uploads\/2021\/08\/fightoff_0.png\" width=\"225\" height=\"225\" title=\"FightOff\" alt=\"Centre sportif, sports de combat\"> <h3> FightOff <\/h3> Centre sportif, sports de combat\n<ul><li><h4>BIO<\/h4><p><a href=\"https:\/\/www.fight-off.com\/\">Site Web<\/a><\/p> <p>Nous sommes une organisation d\u00e9di\u00e9e \u00e0 la pratique des sports de combat et arts martiaux. Nous proposons des activit\u00e9s au sein de nos 1 500m\u00b2 d'infrastructures\u00a0 situ\u00e9es \u00e0 Wavre (Brabant Wallon, Wallonie, Belgique).<\/p> <p>\u200bPour les adultes, nous proposons des\u00a0<a href=\"https:\/\/www.fight-off.com\/adultes\" target=\"_self\">cours collectifs<\/a>\u00a0au grand public ou aux comp\u00e9titeurs,\u00a0 en\u00a0<a href=\"https:\/\/www.fight-off.com\/boxe-anglaise\" target=\"_self\">boxe anglaise<\/a>,\u00a0<a href=\"https:\/\/www.fight-off.com\/boxe-thai-kick-boxing\" target=\"_self\">muay tha\u00ef<\/a>\u00a0(boxe tha\u00eflandaise),\u00a0<a href=\"https:\/\/www.fight-off.com\/boxe-thai-kick-boxing\" target=\"_self\">kick boxing<\/a>,\u00a0<a href=\"https:\/\/www.fight-off.com\/mma\" target=\"_self\">MMA<\/a> (mixed martial arts), <a href=\"https:\/\/www.fight-off.com\/lutte-et-grappling\" target=\"_self\">grappling<\/a>\u00a0et\u00a0<a href=\"https:\/\/www.fight-off.com\/lutte-et-grappling\" target=\"_self\">lutte<\/a>\u00a0ainsi que des cours priv\u00e9s, des activit\u00e9s en entreprises (cours et team building) et du coaching fitness.<\/p> <p>\u200bPour les enfants, nous proposons des cours collectifs (<a href=\"https:\/\/www.fight-off.com\/boxe-thai-kick-boxing\" target=\"_self\">boxe tha\u00eflandaise<\/a>,\u00a0<a href=\"https:\/\/www.fight-off.com\/boxe-anglaise\" target=\"_self\">boxe anglaise<\/a>\u00a0et\u00a0<a href=\"https:\/\/www.fight-off.com\/judo\" target=\"_self\">judo<\/a>) pendant l'ann\u00e9e, des\u00a0<a href=\"https:\/\/www.fight-off.com\/stages\" target=\"_self\">stages sportifs durant les vacances scolaires<\/a>\u00a0(arts martiaux et activit\u00e9s ludiques), des\u00a0<a href=\"https:\/\/www.fight-off.com\/anniversaires\" target=\"_self\">anniversaires<\/a>\u00a0et des cours priv\u00e9s.<\/p> <ul> <li> <p>1 centre d'entra\u00eenement de 1500m\u00b2 enti\u00e8rement d\u00e9di\u00e9 \u00e0 la \u00a0 \u00a0 \u00a0 \u00a0pratique des sports de combat et arts martiaux;<\/p> <\/li> <li> <p>4 salles d'entra\u00eenement;<\/p> <\/li> <li> <p>2 rings professionnels;<\/p> <\/li> <li> <p>1 cage professionnelle;<\/p> <\/li> <li> <p>650m\u00b2 de tatamis;<\/p> <\/li> <li> <p>40 sacs de frappes;<\/p> <\/li> <li> <p>1 espace musculation\/ cross training;<\/p> <\/li> <li> <p>1 espace cardio;<\/p> <\/li> <li> <p>1 magasin d'articles de sports de combat;<\/p> <\/li> <li> <p>1 bar;<\/p> <\/li> <li> <p>1 espace lounge;<\/p> <\/li> <li> <p>1 d\u00e9fibrillateur.<\/p> <\/li> <\/ul><\/li><\/ul>","_links":{"self":[{"href":"https:\/\/bmmaf.org\/en\/wp-json\/wp\/v2\/pages\/290","targetHints":{"allow":["GET"]}}],"collection":[{"href":"https:\/\/bmmaf.org\/en\/wp-json\/wp\/v2\/pages"}],"about":[{"href":"https:\/\/bmmaf.org\/en\/wp-json\/wp\/v2\/types\/page"}],"author":[{"embeddable":true,"href":"https:\/\/bmmaf.org\/en\/wp-json\/wp\/v2\/users\/3"}],"replies":[{"embeddable":true,"href":"https:\/\/bmmaf.org\/en\/wp-json\/wp\/v2\/comments?post=290"}],"version-history":[{"count":20,"href":"https:\/\/bmmaf.org\/en\/wp-json\/wp\/v2\/pages\/290\/revisions"}],"predecessor-version":[{"id":1742,"href":"https:\/\/bmmaf.org\/en\/wp-json\/wp\/v2\/pages\/290\/revisions\/1742"}],"wp:attachment":[{"href":"https:\/\/bmmaf.org\/en\/wp-json\/wp\/v2\/media?parent=290"}],"curies":[{"name":"wp","href":"https:\/\/api.w.org\/{rel}","templated":true}]}}