{"id":253,"date":"2021-04-12T14:52:35","date_gmt":"2021-04-12T14:52:35","guid":{"rendered":"http:\/\/bmmaf.org\/la-federation\/vision-copy\/"},"modified":"2024-12-05T13:52:23","modified_gmt":"2024-12-05T13:52:23","slug":"affiliations-clubs","status":"publish","type":"page","link":"https:\/\/bmmaf.org\/fr\/affiliations-clubs\/","title":{"rendered":"Affiliations Clubs"},"content":{"rendered":"<!--themify_builder_content-->\n<div id=\"themify_builder_content-253\" data-postid=\"253\" class=\"themify_builder_content themify_builder_content-253 themify_builder tf_clear\">\n                    <div  data-css_id=\"tmcq82\" data-lazy=\"1\" class=\"module_row themify_builder_row fullwidth tb_tmcq82 tb_first tf_w\">\n            <span  class=\"builder_row_cover tf_abs\" data-lazy=\"1\"><\/span>            <div class=\"row_inner col_align_top tb_col_count_1 tf_box tf_rel\">\n                        <div  data-lazy=\"1\" class=\"module_column tb-column col-full tb_evy483 first\">\n                            <\/div>\n                        <\/div>\n        <\/div>\n                        <div  data-lazy=\"1\" class=\"module_row themify_builder_row tb_rmhw82 tf_w\">\n                        <div class=\"row_inner col_align_top tb_col_count_1 tf_box tf_rel\">\n                        <div  data-lazy=\"1\" class=\"module_column tb-column col-full tb_hv5083 first\">\n                    <!-- module text -->\n<div  class=\"module module-text tb_8clk84   \" data-lazy=\"1\">\n        <div  class=\"tb_text_wrap\">\n        <p><h5-page-header>Affiliation Clubs<\/h5-page-header><\/p>    <\/div>\n<\/div>\n<!-- \/module text --><!-- module text -->\n<div  class=\"module module-text tb_nzbo84   \" data-lazy=\"1\">\n        <div  class=\"tb_text_wrap\">\n        <p>Les formulaires de cette page sont uniquement destin\u00e9s aux clubs Wallonie \/ Bruxelles. Pour affilier un club situ\u00e9 en Flandres, consultez la page neerlandophone.<\/p>\n<p>L\u2019affiliation \u00e0 la BMMAF vous permet d\u2019offrir aux membres de votre club un encadrement propice \u00e0 leur \u00e9volution du niveau d\u00e9butant \u00e0 Elite.<\/p>\n<p>Elle offre aussi de nombreux avantages, notre strat\u00e9gie est bas\u00e9e sur le soutien apport\u00e9 au d\u00e9veloppement des clubs (\u00e9quipement, passages de grades, formations&#8230;) L\u2019affiliation de tout pratiquant ne peut se faire que via un club reconnu par la BMMAF.<\/p>    <\/div>\n<\/div>\n<!-- \/module text --><!-- module text -->\n<div  class=\"module module-text tb_vgvp168   \" data-lazy=\"1\">\n        <div  class=\"tb_text_wrap\">\n        <div class=\"cognito\"><script src=\"https:\/\/www.cognitoforms.com\/s\/AUD1bf4hJ0Olh98FX2aVaA\"><\/script> <script>Cognito.load(\"forms\", { id: \"15\" });<\/script><\/div>    <\/div>\n<\/div>\n<!-- \/module text -->        <\/div>\n                        <\/div>\n        <\/div>\n        <\/div>\n<!--\/themify_builder_content-->","protected":false},"excerpt":{"rendered":"<p>Affiliation Clubs Les formulaires de cette page sont uniquement destin\u00e9s aux clubs Wallonie \/ Bruxelles. Pour affilier un club situ\u00e9 en Flandres, consultez la page neerlandophone. L\u2019affiliation \u00e0 la BMMAF vous permet d\u2019offrir aux membres de votre club un encadrement propice \u00e0 leur \u00e9volution du niveau d\u00e9butant \u00e0 Elite. Elle offre aussi de nombreux avantages, [&hellip;]<\/p>\n","protected":false},"author":3,"featured_media":0,"parent":0,"menu_order":0,"comment_status":"closed","ping_status":"closed","template":"","meta":{"iawp_total_views":1515,"footnotes":""},"class_list":["post-253","page","type-page","status-publish","hentry","has-post-title","has-post-date","has-post-category","has-post-tag","has-post-comment","has-post-author",""],"yoast_head":"<!-- This site is optimized with the Yoast SEO plugin v27.4 - https:\/\/yoast.com\/product\/yoast-seo-wordpress\/ -->\n<title>Affiliations Clubs - Belgian Mixed Martial Arts Federation<\/title>\n<meta name=\"robots\" content=\"index, follow, max-snippet:-1, max-image-preview:large, max-video-preview:-1\" \/>\n<link rel=\"canonical\" href=\"https:\/\/bmmaf.org\/fr\/affiliations-clubs\/\" \/>\n<meta property=\"og:locale\" content=\"fr_FR\" \/>\n<meta property=\"og:type\" content=\"article\" \/>\n<meta property=\"og:title\" content=\"Affiliations Clubs - Belgian Mixed Martial Arts Federation\" \/>\n<meta property=\"og:description\" content=\"Affiliation Clubs Les formulaires de cette page sont uniquement destin\u00e9s aux clubs Wallonie \/ Bruxelles. Pour affilier un club situ\u00e9 en Flandres, consultez la page neerlandophone. L\u2019affiliation \u00e0 la BMMAF vous permet d\u2019offrir aux membres de votre club un encadrement propice \u00e0 leur \u00e9volution du niveau d\u00e9butant \u00e0 Elite. Elle offre aussi de nombreux avantages, [&hellip;]\" \/>\n<meta property=\"og:url\" content=\"https:\/\/bmmaf.org\/fr\/affiliations-clubs\/\" \/>\n<meta property=\"og:site_name\" content=\"Belgian Mixed Martial Arts Federation\" \/>\n<meta property=\"article:modified_time\" content=\"2024-12-05T13:52:23+00:00\" \/>\n<meta name=\"twitter:card\" content=\"summary_large_image\" \/>\n<script type=\"application\/ld+json\" class=\"yoast-schema-graph\">{\"@context\":\"https:\\\/\\\/schema.org\",\"@graph\":[{\"@type\":\"WebPage\",\"@id\":\"https:\\\/\\\/bmmaf.org\\\/affiliations-clubs\\\/\",\"url\":\"https:\\\/\\\/bmmaf.org\\\/affiliations-clubs\\\/\",\"name\":\"Affiliations Clubs - Belgian Mixed Martial Arts Federation\",\"isPartOf\":{\"@id\":\"https:\\\/\\\/bmmaf.org\\\/fr\\\/#website\"},\"datePublished\":\"2021-04-12T14:52:35+00:00\",\"dateModified\":\"2024-12-05T13:52:23+00:00\",\"breadcrumb\":{\"@id\":\"https:\\\/\\\/bmmaf.org\\\/affiliations-clubs\\\/#breadcrumb\"},\"inLanguage\":\"fr-BE\",\"potentialAction\":[{\"@type\":\"ReadAction\",\"target\":[\"https:\\\/\\\/bmmaf.org\\\/affiliations-clubs\\\/\"]}]},{\"@type\":\"BreadcrumbList\",\"@id\":\"https:\\\/\\\/bmmaf.org\\\/affiliations-clubs\\\/#breadcrumb\",\"itemListElement\":[{\"@type\":\"ListItem\",\"position\":1,\"name\":\"Home\",\"item\":\"https:\\\/\\\/bmmaf.org\\\/fr\\\/\"},{\"@type\":\"ListItem\",\"position\":2,\"name\":\"Affiliations Clubs\"}]},{\"@type\":\"WebSite\",\"@id\":\"https:\\\/\\\/bmmaf.org\\\/fr\\\/#website\",\"url\":\"https:\\\/\\\/bmmaf.org\\\/fr\\\/\",\"name\":\"Belgian Mixed Martial Arts Federation\",\"description\":\"\",\"publisher\":{\"@id\":\"https:\\\/\\\/bmmaf.org\\\/fr\\\/#organization\"},\"potentialAction\":[{\"@type\":\"SearchAction\",\"target\":{\"@type\":\"EntryPoint\",\"urlTemplate\":\"https:\\\/\\\/bmmaf.org\\\/fr\\\/?s={search_term_string}\"},\"query-input\":{\"@type\":\"PropertyValueSpecification\",\"valueRequired\":true,\"valueName\":\"search_term_string\"}}],\"inLanguage\":\"fr-BE\"},{\"@type\":\"Organization\",\"@id\":\"https:\\\/\\\/bmmaf.org\\\/fr\\\/#organization\",\"name\":\"BMMAF\",\"url\":\"https:\\\/\\\/bmmaf.org\\\/fr\\\/\",\"logo\":{\"@type\":\"ImageObject\",\"inLanguage\":\"fr-BE\",\"@id\":\"https:\\\/\\\/bmmaf.org\\\/fr\\\/#\\\/schema\\\/logo\\\/image\\\/\",\"url\":\"https:\\\/\\\/bmmaf.org\\\/wp-content\\\/uploads\\\/2021\\\/04\\\/logo-icon.svg\",\"contentUrl\":\"https:\\\/\\\/bmmaf.org\\\/wp-content\\\/uploads\\\/2021\\\/04\\\/logo-icon.svg\",\"width\":1,\"height\":1,\"caption\":\"BMMAF\"},\"image\":{\"@id\":\"https:\\\/\\\/bmmaf.org\\\/fr\\\/#\\\/schema\\\/logo\\\/image\\\/\"}}]}<\/script>\n<!-- \/ Yoast SEO plugin. -->","yoast_head_json":{"title":"Affiliations Clubs - Belgian Mixed Martial Arts Federation","robots":{"index":"index","follow":"follow","max-snippet":"max-snippet:-1","max-image-preview":"max-image-preview:large","max-video-preview":"max-video-preview:-1"},"canonical":"https:\/\/bmmaf.org\/fr\/affiliations-clubs\/","og_locale":"fr_FR","og_type":"article","og_title":"Affiliations Clubs - Belgian Mixed Martial Arts Federation","og_description":"Affiliation Clubs Les formulaires de cette page sont uniquement destin\u00e9s aux clubs Wallonie \/ Bruxelles. Pour affilier un club situ\u00e9 en Flandres, consultez la page neerlandophone. L\u2019affiliation \u00e0 la BMMAF vous permet d\u2019offrir aux membres de votre club un encadrement propice \u00e0 leur \u00e9volution du niveau d\u00e9butant \u00e0 Elite. Elle offre aussi de nombreux avantages, [&hellip;]","og_url":"https:\/\/bmmaf.org\/fr\/affiliations-clubs\/","og_site_name":"Belgian Mixed Martial Arts Federation","article_modified_time":"2024-12-05T13:52:23+00:00","twitter_card":"summary_large_image","schema":{"@context":"https:\/\/schema.org","@graph":[{"@type":"WebPage","@id":"https:\/\/bmmaf.org\/affiliations-clubs\/","url":"https:\/\/bmmaf.org\/affiliations-clubs\/","name":"Affiliations Clubs - Belgian Mixed Martial Arts Federation","isPartOf":{"@id":"https:\/\/bmmaf.org\/fr\/#website"},"datePublished":"2021-04-12T14:52:35+00:00","dateModified":"2024-12-05T13:52:23+00:00","breadcrumb":{"@id":"https:\/\/bmmaf.org\/affiliations-clubs\/#breadcrumb"},"inLanguage":"fr-BE","potentialAction":[{"@type":"ReadAction","target":["https:\/\/bmmaf.org\/affiliations-clubs\/"]}]},{"@type":"BreadcrumbList","@id":"https:\/\/bmmaf.org\/affiliations-clubs\/#breadcrumb","itemListElement":[{"@type":"ListItem","position":1,"name":"Home","item":"https:\/\/bmmaf.org\/fr\/"},{"@type":"ListItem","position":2,"name":"Affiliations Clubs"}]},{"@type":"WebSite","@id":"https:\/\/bmmaf.org\/fr\/#website","url":"https:\/\/bmmaf.org\/fr\/","name":"Belgian Mixed Martial Arts Federation","description":"","publisher":{"@id":"https:\/\/bmmaf.org\/fr\/#organization"},"potentialAction":[{"@type":"SearchAction","target":{"@type":"EntryPoint","urlTemplate":"https:\/\/bmmaf.org\/fr\/?s={search_term_string}"},"query-input":{"@type":"PropertyValueSpecification","valueRequired":true,"valueName":"search_term_string"}}],"inLanguage":"fr-BE"},{"@type":"Organization","@id":"https:\/\/bmmaf.org\/fr\/#organization","name":"BMMAF","url":"https:\/\/bmmaf.org\/fr\/","logo":{"@type":"ImageObject","inLanguage":"fr-BE","@id":"https:\/\/bmmaf.org\/fr\/#\/schema\/logo\/image\/","url":"https:\/\/bmmaf.org\/wp-content\/uploads\/2021\/04\/logo-icon.svg","contentUrl":"https:\/\/bmmaf.org\/wp-content\/uploads\/2021\/04\/logo-icon.svg","width":1,"height":1,"caption":"BMMAF"},"image":{"@id":"https:\/\/bmmaf.org\/fr\/#\/schema\/logo\/image\/"}}]}},"builder_content":"<p><h5-page-header>Affiliation Clubs<\/h5-page-header><\/p>\n<p>Les formulaires de cette page sont uniquement destin\u00e9s aux clubs Wallonie \/ Bruxelles. Pour affilier un club situ\u00e9 en Flandres, consultez la page neerlandophone.<\/p> <p>L\u2019affiliation \u00e0 la BMMAF vous permet d\u2019offrir aux membres de votre club un encadrement propice \u00e0 leur \u00e9volution du niveau d\u00e9butant \u00e0 Elite.<\/p> <p>Elle offre aussi de nombreux avantages, notre strat\u00e9gie est bas\u00e9e sur le soutien apport\u00e9 au d\u00e9veloppement des clubs (\u00e9quipement, passages de grades, formations...) L\u2019affiliation de tout pratiquant ne peut se faire que via un club reconnu par la BMMAF.<\/p>\n","_links":{"self":[{"href":"https:\/\/bmmaf.org\/fr\/wp-json\/wp\/v2\/pages\/253","targetHints":{"allow":["GET"]}}],"collection":[{"href":"https:\/\/bmmaf.org\/fr\/wp-json\/wp\/v2\/pages"}],"about":[{"href":"https:\/\/bmmaf.org\/fr\/wp-json\/wp\/v2\/types\/page"}],"author":[{"embeddable":true,"href":"https:\/\/bmmaf.org\/fr\/wp-json\/wp\/v2\/users\/3"}],"replies":[{"embeddable":true,"href":"https:\/\/bmmaf.org\/fr\/wp-json\/wp\/v2\/comments?post=253"}],"version-history":[{"count":18,"href":"https:\/\/bmmaf.org\/fr\/wp-json\/wp\/v2\/pages\/253\/revisions"}],"predecessor-version":[{"id":1739,"href":"https:\/\/bmmaf.org\/fr\/wp-json\/wp\/v2\/pages\/253\/revisions\/1739"}],"wp:attachment":[{"href":"https:\/\/bmmaf.org\/fr\/wp-json\/wp\/v2\/media?parent=253"}],"curies":[{"name":"wp","href":"https:\/\/api.w.org\/{rel}","templated":true}]}}