{"id":270,"date":"2021-04-12T14:58:04","date_gmt":"2021-04-12T14:58:04","guid":{"rendered":"http:\/\/bmmaf.org\/rejoignez-nous\/affiliations-clubs-copy\/"},"modified":"2024-12-05T13:52:28","modified_gmt":"2024-12-05T13:52:28","slug":"affiliations-membres","status":"publish","type":"page","link":"https:\/\/bmmaf.org\/fr\/affiliations-membres\/","title":{"rendered":"Affiliations Membres"},"content":{"rendered":"<!--themify_builder_content-->\n<div id=\"themify_builder_content-270\" data-postid=\"270\" class=\"themify_builder_content themify_builder_content-270 themify_builder tf_clear\">\n                    <div  data-css_id=\"adf3170\" data-lazy=\"1\" class=\"module_row themify_builder_row fullwidth tb_adf3170 tb_first tf_w\">\n            <span  class=\"builder_row_cover tf_abs\" data-lazy=\"1\"><\/span>            <div class=\"row_inner col_align_top tb_col_count_1 tf_box tf_rel\">\n                        <div  data-lazy=\"1\" class=\"module_column tb-column col-full tb_oo2p051 first\">\n                            <\/div>\n                        <\/div>\n        <\/div>\n                        <div  data-lazy=\"1\" class=\"module_row themify_builder_row tb_scuz550 tf_w\">\n                        <div class=\"row_inner col_align_top tb_col_count_1 tf_box tf_rel\">\n                        <div  data-lazy=\"1\" class=\"module_column tb-column col-full tb_6fgg521 first\">\n                    <!-- module text -->\n<div  class=\"module module-text tb_8bo2055   \" data-lazy=\"1\">\n        <div  class=\"tb_text_wrap\">\n        <p><h5-page-header>Affiliation Membres<\/h5-page-header><\/p>    <\/div>\n<\/div>\n<!-- \/module text --><!-- module text -->\n<div  class=\"module module-text tb_11h6010   \" data-lazy=\"1\">\n        <div  class=\"tb_text_wrap\">\n        <p><span style=\"vertical-align: inherit;\"><span style=\"vertical-align: inherit;\">Pour vous affilier, vous devez appartenir \u00e0 un club membre de la f\u00e9d\u00e9ration. <\/span><span style=\"vertical-align: inherit;\">Les formulaires de cette page sont uniquement destin\u00e9s aux membres des clubs Wallonie \/ Bruxelles, pour toute demande d&#8217;affiliation en Flandre, consultez notre page Nederlandophone.<\/span><\/span><\/p>\n<p><span style=\"vertical-align: inherit;\"><span style=\"vertical-align: inherit;\">Le prix de l&#8217;affiliation est de 35 \u20ac par an. <\/span><span style=\"vertical-align: inherit;\">L&#8217;affiliation du membre sera effective des r\u00e9ception des documents et du paiement sur le compte en banque de la f\u00e9d\u00e9ration.<\/span><\/span><\/p>\n<p><a href=\"https:\/\/www.cognitoforms.com\/BMMAF1\/AffiliationMembre\">Cliquez ici si le formulaire ne s&#8217;affiche pas correctement<\/a><\/p>    <\/div>\n<\/div>\n<!-- \/module text --><!-- module text -->\n<div  class=\"module module-text tb_u1a2688   \" data-lazy=\"1\">\n        <div  class=\"tb_text_wrap\">\n        <div class=\"cognito\"><script src=\"https:\/\/www.cognitoforms.com\/s\/AUD1bf4hJ0Olh98FX2aVaA\"><\/script> <script>Cognito.load(\"forms\", { id: \"16\" });<\/script><\/div>    <\/div>\n<\/div>\n<!-- \/module text -->        <\/div>\n                        <\/div>\n        <\/div>\n        <\/div>\n<!--\/themify_builder_content-->","protected":false},"excerpt":{"rendered":"<p>Affiliation Membres<\/p>\n","protected":false},"author":3,"featured_media":0,"parent":0,"menu_order":0,"comment_status":"closed","ping_status":"closed","template":"","meta":{"iawp_total_views":6580,"footnotes":""},"class_list":["post-270","page","type-page","status-publish","hentry","has-post-title","has-post-date","has-post-category","has-post-tag","has-post-comment","has-post-author",""],"yoast_head":"<!-- This site is optimized with the Yoast SEO plugin v27.2 - https:\/\/yoast.com\/product\/yoast-seo-wordpress\/ -->\n<title>Affiliations Membres - Belgian Mixed Martial Arts Federation<\/title>\n<meta name=\"robots\" content=\"index, follow, max-snippet:-1, max-image-preview:large, max-video-preview:-1\" \/>\n<link rel=\"canonical\" href=\"https:\/\/bmmaf.org\/fr\/affiliations-membres\/\" \/>\n<meta property=\"og:locale\" content=\"fr_FR\" \/>\n<meta property=\"og:type\" content=\"article\" \/>\n<meta property=\"og:title\" content=\"Affiliations Membres - Belgian Mixed Martial Arts Federation\" \/>\n<meta property=\"og:description\" content=\"Affiliation Membres\" \/>\n<meta property=\"og:url\" content=\"https:\/\/bmmaf.org\/fr\/affiliations-membres\/\" \/>\n<meta property=\"og:site_name\" content=\"Belgian Mixed Martial Arts Federation\" \/>\n<meta property=\"article:modified_time\" content=\"2024-12-05T13:52:28+00:00\" \/>\n<meta name=\"twitter:card\" content=\"summary_large_image\" \/>\n<script type=\"application\/ld+json\" class=\"yoast-schema-graph\">{\"@context\":\"https:\/\/schema.org\",\"@graph\":[{\"@type\":\"WebPage\",\"@id\":\"https:\/\/bmmaf.org\/affiliations-membres\/\",\"url\":\"https:\/\/bmmaf.org\/affiliations-membres\/\",\"name\":\"Affiliations Membres - Belgian Mixed Martial Arts Federation\",\"isPartOf\":{\"@id\":\"https:\/\/bmmaf.org\/fr\/#website\"},\"datePublished\":\"2021-04-12T14:58:04+00:00\",\"dateModified\":\"2024-12-05T13:52:28+00:00\",\"breadcrumb\":{\"@id\":\"https:\/\/bmmaf.org\/affiliations-membres\/#breadcrumb\"},\"inLanguage\":\"fr-BE\",\"potentialAction\":[{\"@type\":\"ReadAction\",\"target\":[\"https:\/\/bmmaf.org\/affiliations-membres\/\"]}]},{\"@type\":\"BreadcrumbList\",\"@id\":\"https:\/\/bmmaf.org\/affiliations-membres\/#breadcrumb\",\"itemListElement\":[{\"@type\":\"ListItem\",\"position\":1,\"name\":\"Home\",\"item\":\"https:\/\/bmmaf.org\/fr\/\"},{\"@type\":\"ListItem\",\"position\":2,\"name\":\"Affiliations Membres\"}]},{\"@type\":\"WebSite\",\"@id\":\"https:\/\/bmmaf.org\/fr\/#website\",\"url\":\"https:\/\/bmmaf.org\/fr\/\",\"name\":\"Belgian Mixed Martial Arts Federation\",\"description\":\"\",\"publisher\":{\"@id\":\"https:\/\/bmmaf.org\/fr\/#organization\"},\"potentialAction\":[{\"@type\":\"SearchAction\",\"target\":{\"@type\":\"EntryPoint\",\"urlTemplate\":\"https:\/\/bmmaf.org\/fr\/?s={search_term_string}\"},\"query-input\":{\"@type\":\"PropertyValueSpecification\",\"valueRequired\":true,\"valueName\":\"search_term_string\"}}],\"inLanguage\":\"fr-BE\"},{\"@type\":\"Organization\",\"@id\":\"https:\/\/bmmaf.org\/fr\/#organization\",\"name\":\"BMMAF\",\"url\":\"https:\/\/bmmaf.org\/fr\/\",\"logo\":{\"@type\":\"ImageObject\",\"inLanguage\":\"fr-BE\",\"@id\":\"https:\/\/bmmaf.org\/fr\/#\/schema\/logo\/image\/\",\"url\":\"https:\/\/bmmaf.org\/wp-content\/uploads\/2021\/04\/logo-icon.svg\",\"contentUrl\":\"https:\/\/bmmaf.org\/wp-content\/uploads\/2021\/04\/logo-icon.svg\",\"width\":1,\"height\":1,\"caption\":\"BMMAF\"},\"image\":{\"@id\":\"https:\/\/bmmaf.org\/fr\/#\/schema\/logo\/image\/\"}}]}<\/script>\n<!-- \/ Yoast SEO plugin. -->","yoast_head_json":{"title":"Affiliations Membres - Belgian Mixed Martial Arts Federation","robots":{"index":"index","follow":"follow","max-snippet":"max-snippet:-1","max-image-preview":"max-image-preview:large","max-video-preview":"max-video-preview:-1"},"canonical":"https:\/\/bmmaf.org\/fr\/affiliations-membres\/","og_locale":"fr_FR","og_type":"article","og_title":"Affiliations Membres - Belgian Mixed Martial Arts Federation","og_description":"Affiliation Membres","og_url":"https:\/\/bmmaf.org\/fr\/affiliations-membres\/","og_site_name":"Belgian Mixed Martial Arts Federation","article_modified_time":"2024-12-05T13:52:28+00:00","twitter_card":"summary_large_image","schema":{"@context":"https:\/\/schema.org","@graph":[{"@type":"WebPage","@id":"https:\/\/bmmaf.org\/affiliations-membres\/","url":"https:\/\/bmmaf.org\/affiliations-membres\/","name":"Affiliations Membres - Belgian Mixed Martial Arts Federation","isPartOf":{"@id":"https:\/\/bmmaf.org\/fr\/#website"},"datePublished":"2021-04-12T14:58:04+00:00","dateModified":"2024-12-05T13:52:28+00:00","breadcrumb":{"@id":"https:\/\/bmmaf.org\/affiliations-membres\/#breadcrumb"},"inLanguage":"fr-BE","potentialAction":[{"@type":"ReadAction","target":["https:\/\/bmmaf.org\/affiliations-membres\/"]}]},{"@type":"BreadcrumbList","@id":"https:\/\/bmmaf.org\/affiliations-membres\/#breadcrumb","itemListElement":[{"@type":"ListItem","position":1,"name":"Home","item":"https:\/\/bmmaf.org\/fr\/"},{"@type":"ListItem","position":2,"name":"Affiliations Membres"}]},{"@type":"WebSite","@id":"https:\/\/bmmaf.org\/fr\/#website","url":"https:\/\/bmmaf.org\/fr\/","name":"Belgian Mixed Martial Arts Federation","description":"","publisher":{"@id":"https:\/\/bmmaf.org\/fr\/#organization"},"potentialAction":[{"@type":"SearchAction","target":{"@type":"EntryPoint","urlTemplate":"https:\/\/bmmaf.org\/fr\/?s={search_term_string}"},"query-input":{"@type":"PropertyValueSpecification","valueRequired":true,"valueName":"search_term_string"}}],"inLanguage":"fr-BE"},{"@type":"Organization","@id":"https:\/\/bmmaf.org\/fr\/#organization","name":"BMMAF","url":"https:\/\/bmmaf.org\/fr\/","logo":{"@type":"ImageObject","inLanguage":"fr-BE","@id":"https:\/\/bmmaf.org\/fr\/#\/schema\/logo\/image\/","url":"https:\/\/bmmaf.org\/wp-content\/uploads\/2021\/04\/logo-icon.svg","contentUrl":"https:\/\/bmmaf.org\/wp-content\/uploads\/2021\/04\/logo-icon.svg","width":1,"height":1,"caption":"BMMAF"},"image":{"@id":"https:\/\/bmmaf.org\/fr\/#\/schema\/logo\/image\/"}}]}},"builder_content":"<p><h5-page-header>Affiliation Membres<\/h5-page-header><\/p>\n<p>Pour vous affilier, vous devez appartenir \u00e0 un club membre de la f\u00e9d\u00e9ration. Les formulaires de cette page sont uniquement destin\u00e9s aux membres des clubs Wallonie \/ Bruxelles, pour toute demande d'affiliation en Flandre, consultez notre page Nederlandophone.<\/p> <p>Le prix de l'affiliation est de 35 \u20ac par an. L'affiliation du membre sera effective des r\u00e9ception des documents et du paiement sur le compte en banque de la f\u00e9d\u00e9ration.<\/p> <p><a href=\"https:\/\/www.cognitoforms.com\/BMMAF1\/AffiliationMembre\">Cliquez ici si le formulaire ne s'affiche pas correctement<\/a><\/p>\n","_links":{"self":[{"href":"https:\/\/bmmaf.org\/fr\/wp-json\/wp\/v2\/pages\/270","targetHints":{"allow":["GET"]}}],"collection":[{"href":"https:\/\/bmmaf.org\/fr\/wp-json\/wp\/v2\/pages"}],"about":[{"href":"https:\/\/bmmaf.org\/fr\/wp-json\/wp\/v2\/types\/page"}],"author":[{"embeddable":true,"href":"https:\/\/bmmaf.org\/fr\/wp-json\/wp\/v2\/users\/3"}],"replies":[{"embeddable":true,"href":"https:\/\/bmmaf.org\/fr\/wp-json\/wp\/v2\/comments?post=270"}],"version-history":[{"count":15,"href":"https:\/\/bmmaf.org\/fr\/wp-json\/wp\/v2\/pages\/270\/revisions"}],"predecessor-version":[{"id":815,"href":"https:\/\/bmmaf.org\/fr\/wp-json\/wp\/v2\/pages\/270\/revisions\/815"}],"wp:attachment":[{"href":"https:\/\/bmmaf.org\/fr\/wp-json\/wp\/v2\/media?parent=270"}],"curies":[{"name":"wp","href":"https:\/\/api.w.org\/{rel}","templated":true}]}}