{"id":396,"date":"2021-04-13T13:23:27","date_gmt":"2021-04-13T13:23:27","guid":{"rendered":"http:\/\/bmmaf.org\/la-federation\/vision-copy\/"},"modified":"2024-12-04T14:23:27","modified_gmt":"2024-12-04T14:23:27","slug":"mma-pour-tous","status":"publish","type":"page","link":"https:\/\/bmmaf.org\/fr\/mma-pour-tous\/","title":{"rendered":"MMA Pour Tous"},"content":{"rendered":"<!--themify_builder_content-->\n<div id=\"themify_builder_content-396\" data-postid=\"396\" class=\"themify_builder_content themify_builder_content-396 themify_builder tf_clear\">\n                    <div  data-css_id=\"sty2322\" data-lazy=\"1\" class=\"module_row themify_builder_row fullwidth tb_sty2322 tb_first tf_w\">\n            <span  class=\"builder_row_cover tf_abs\" data-lazy=\"1\"><\/span>            <div class=\"row_inner col_align_top tb_col_count_1 tf_box tf_rel\">\n                        <div  data-lazy=\"1\" class=\"module_column tb-column col-full tb_b2l1101 first\">\n                            <\/div>\n                        <\/div>\n        <\/div>\n                        <div  data-anchor=\"immaf\" data-lazy=\"1\" class=\"module_row themify_builder_row tb_has_section tb_section-immaf tb_o3km160 tf_w\">\n                        <div class=\"row_inner col_align_top tb_col_count_2 tf_box tf_rel\">\n                        <div  data-lazy=\"1\" class=\"module_column tb-column col4-2 tb_ctvp650 first\">\n                    <!-- module text -->\n<div  class=\"module module-text tb_pc48440   \" data-lazy=\"1\">\n        <div  class=\"tb_text_wrap\">\n        <p><h5-page-header>MMA pour tous<\/h5-page-header><\/p>    <\/div>\n<\/div>\n<!-- \/module text -->        <\/div>\n                    <div  data-lazy=\"1\" class=\"module_column tb-column col4-2 tb_qz9m046 last\">\n                            <\/div>\n                        <\/div>\n        <\/div>\n                        <div  data-lazy=\"1\" class=\"module_row themify_builder_row tb_n6he007 tf_w\">\n                        <div class=\"row_inner col_align_top tb_col_count_2 tf_box tf_rel\">\n                        <div  data-lazy=\"1\" class=\"module_column tb-column col4-2 tb_ph2n999 first\">\n                    <!-- module text -->\n<div  class=\"module module-text tb_b647700    wow\" data-tf-animation=\"fadeInUp\" data-lazy=\"1\">\n        <div  class=\"tb_text_wrap\">\n        <h3>Kids<\/h3>\n<p>Nous accordons une attention particuli\u00e8re \u00e0 l\u2019engagement et \u00e0 l\u2019encadrement des plus jeunes. Des journ\u00e9es kids sont organis\u00e9es pour les enfants \u00e0 partir de 8 ans, leur permettant de d\u00e9couvrir le MMA en prenant part \u00e9galement \u00e0 une activit\u00e9 fun. Des formations officielles pour les coachs qui d\u00e9sirent d\u00e9velopper une section jeune seront prochainement disponibles et nous travaillons \u00e0 organiser les premi\u00e8res comp\u00e9titions \u00e0 partir de 12 ans sous des r\u00e8gles adapt\u00e9es fin 2021.<\/p>\n<p><img loading=\"lazy\" decoding=\"async\" class=\"alignleft size-medium wp-image-36397\" src=\"https:\/\/immaf.wpengine.com\/wp-content\/uploads\/2020\/03\/icon-blk.svg\" alt=\"\" width=\"50\" height=\"1\" \/><\/p>    <\/div>\n<\/div>\n<!-- \/module text -->        <\/div>\n                    <div  data-lazy=\"1\" class=\"module_column tb-column col4-2 tb_3pqv900 last\">\n                    <!-- module image -->\n<div  class=\"module module-image tb_w0ms000 image-top   tf_mw wow\" data-tf-animation=\"fadeInUp\" data-lazy=\"1\">\n        <div class=\"image-wrap tf_rel tf_mw\">\n            <img loading=\"lazy\" decoding=\"async\" src=\"http:\/\/bmmaf.org\/wp-content\/uploads\/2021\/06\/BMMAF-pour-tous-1.jpg\" width=\"2000\" height=\"2000\" title=\"MMA Pour Tous\" alt=\"MMA Pour Tous\">    \n        <\/div>\n    <!-- \/image-wrap -->\n    \n        <\/div>\n<!-- \/module image -->        <\/div>\n                        <\/div>\n        <\/div>\n                        <div  data-lazy=\"1\" class=\"module_row themify_builder_row tb_vrni174 tf_w\">\n                        <div class=\"row_inner col_align_top tb_col_count_2 tf_box tf_rel\">\n                        <div  data-lazy=\"1\" class=\"module_column tb-column col4-2 tb_f2ds070 first\">\n                    <!-- module image -->\n<div  class=\"module module-image tb_tmxs117 image-top   tf_mw wow\" data-tf-animation=\"fadeInUp\" data-lazy=\"1\">\n        <div class=\"image-wrap tf_rel tf_mw\">\n            <img loading=\"lazy\" decoding=\"async\" src=\"https:\/\/immafstaging.wpengine.com\/wp-content\/uploads\/2020\/03\/about-2.jpg\" width=\"2490\" height=\"2494\" title=\"MMA Pour Tous\" alt=\"MMA Pour Tous\">    \n        <\/div>\n    <!-- \/image-wrap -->\n    \n        <\/div>\n<!-- \/module image -->        <\/div>\n                    <div  data-lazy=\"1\" class=\"module_column tb-column col4-2 tb_0e2e727 last\">\n                    <!-- module text -->\n<div  class=\"module module-text tb_l3qd004    wow\" data-tf-animation=\"fadeInUp\" data-lazy=\"1\">\n        <div  class=\"tb_text_wrap\">\n        <h3>Girls<\/h3>\n<p>Bien que le MMA f\u00e9minin prenne de l\u2019ampleur au niveau mondial, nos athl\u00e8tes belges peinent souvent \u00e0 trouver des partenaires d\u2019entra\u00eenement ou des adversaires en comp\u00e9tition. Afin de combler ce manque, nous organisons r\u00e9guli\u00e8rement des sessions d\u2019initiation ou d\u2019entra\u00eenement 100% Girls pour d\u00e9montrer l\u2019accessibilit\u00e9 et les bien faits du MMA.<\/p>\n<p><img loading=\"lazy\" decoding=\"async\" class=\"alignleft size-medium wp-image-36397\" src=\"https:\/\/immaf.wpengine.com\/wp-content\/uploads\/2020\/03\/icon-blk.svg\" alt=\"\" width=\"50\" height=\"1\" \/><\/p>    <\/div>\n<\/div>\n<!-- \/module text -->        <\/div>\n                        <\/div>\n        <\/div>\n                        <div  data-lazy=\"1\" class=\"module_row themify_builder_row tb_jyrn119 tf_w\">\n                        <div class=\"row_inner col_align_top tb_col_count_2 tf_box tf_rel\">\n                        <div  data-lazy=\"1\" class=\"module_column tb-column col4-2 tb_lxgp401 first\">\n                    <!-- module text -->\n<div  class=\"module module-text tb_828o404    wow\" data-tf-animation=\"fadeInUp\" data-lazy=\"1\">\n        <div  class=\"tb_text_wrap\">\n        <h3>Promouvoir<\/h3>\n<p>Notre but premier est de connecter un maximum de gens autour du MMA. Que vous soyez \u00e0 la recherche d\u2019une journ\u00e9e d\u00e9couverte pour un public pr\u00e9cis, d\u2019une d\u00e9monstration ou de toute activit\u00e9 li\u00e9e au MMA, nous pouvons mettre notre exp\u00e9rience \u00e0 votre service pour vous aider \u00e0 promouvoir notre discipline.<\/p>\n<p>Si vous faites partie d\u2019une organisation caritative, n\u2019h\u00e9sitez pas \u00e0 nous contacter, la passion est souvent b\u00e9n\u00e9vole.<\/p>\n<p><img loading=\"lazy\" decoding=\"async\" class=\"alignleft size-medium wp-image-36397\" src=\"https:\/\/immaf.wpengine.com\/wp-content\/uploads\/2020\/03\/icon-blk.svg\" alt=\"\" width=\"50\" height=\"1\" \/><\/p>    <\/div>\n<\/div>\n<!-- \/module text -->        <\/div>\n                    <div  data-lazy=\"1\" class=\"module_column tb-column col4-2 tb_2qqh072 last\">\n                    <!-- module image -->\n<div  class=\"module module-image tb_t7ag944 image-top   tf_mw wow\" data-tf-animation=\"fadeInUp\" data-lazy=\"1\">\n        <div class=\"image-wrap tf_rel tf_mw\">\n            <img loading=\"lazy\" decoding=\"async\" src=\"http:\/\/bmmaf.org\/wp-content\/uploads\/2021\/06\/BMMAF-pour-tous-2.jpg\" width=\"2000\" height=\"2000\" title=\"MMA Pour Tous\" alt=\"MMA Pour Tous\">    \n        <\/div>\n    <!-- \/image-wrap -->\n    \n        <\/div>\n<!-- \/module image -->        <\/div>\n                        <\/div>\n        <\/div>\n        <\/div>\n<!--\/themify_builder_content-->","protected":false},"excerpt":{"rendered":"<p>MMA pour tous Kids Nous accordons une attention particuli\u00e8re \u00e0 l\u2019engagement et \u00e0 l\u2019encadrement des plus jeunes. Des journ\u00e9es kids sont organis\u00e9es pour les enfants \u00e0 partir de 8 ans, leur permettant de d\u00e9couvrir le MMA en prenant part \u00e9galement \u00e0 une activit\u00e9 fun. Des formations officielles pour les coachs qui d\u00e9sirent d\u00e9velopper une section [&hellip;]<\/p>\n","protected":false},"author":3,"featured_media":0,"parent":0,"menu_order":0,"comment_status":"closed","ping_status":"closed","template":"","meta":{"iawp_total_views":581,"footnotes":""},"class_list":["post-396","page","type-page","status-publish","hentry","has-post-title","has-post-date","has-post-category","has-post-tag","has-post-comment","has-post-author",""],"yoast_head":"<!-- This site is optimized with the Yoast SEO plugin v27.2 - https:\/\/yoast.com\/product\/yoast-seo-wordpress\/ -->\n<title>MMA Pour Tous - Belgian Mixed Martial Arts Federation<\/title>\n<meta name=\"robots\" content=\"index, follow, max-snippet:-1, max-image-preview:large, max-video-preview:-1\" \/>\n<link rel=\"canonical\" href=\"https:\/\/bmmaf.org\/fr\/mma-pour-tous\/\" \/>\n<meta property=\"og:locale\" content=\"fr_FR\" \/>\n<meta property=\"og:type\" content=\"article\" \/>\n<meta property=\"og:title\" content=\"MMA Pour Tous - Belgian Mixed Martial Arts Federation\" \/>\n<meta property=\"og:description\" content=\"MMA pour tous Kids Nous accordons une attention particuli\u00e8re \u00e0 l\u2019engagement et \u00e0 l\u2019encadrement des plus jeunes. Des journ\u00e9es kids sont organis\u00e9es pour les enfants \u00e0 partir de 8 ans, leur permettant de d\u00e9couvrir le MMA en prenant part \u00e9galement \u00e0 une activit\u00e9 fun. Des formations officielles pour les coachs qui d\u00e9sirent d\u00e9velopper une section [&hellip;]\" \/>\n<meta property=\"og:url\" content=\"https:\/\/bmmaf.org\/fr\/mma-pour-tous\/\" \/>\n<meta property=\"og:site_name\" content=\"Belgian Mixed Martial Arts Federation\" \/>\n<meta property=\"article:modified_time\" content=\"2024-12-04T14:23:27+00:00\" \/>\n<meta property=\"og:image\" content=\"https:\/\/immaf.wpengine.com\/wp-content\/uploads\/2020\/03\/icon-blk.svg\" \/>\n<meta name=\"twitter:card\" content=\"summary_large_image\" \/>\n<script type=\"application\/ld+json\" class=\"yoast-schema-graph\">{\"@context\":\"https:\/\/schema.org\",\"@graph\":[{\"@type\":\"WebPage\",\"@id\":\"https:\/\/bmmaf.org\/mma-pour-tous\/\",\"url\":\"https:\/\/bmmaf.org\/mma-pour-tous\/\",\"name\":\"MMA Pour Tous - Belgian Mixed Martial Arts Federation\",\"isPartOf\":{\"@id\":\"https:\/\/bmmaf.org\/fr\/#website\"},\"primaryImageOfPage\":{\"@id\":\"https:\/\/bmmaf.org\/mma-pour-tous\/#primaryimage\"},\"image\":{\"@id\":\"https:\/\/bmmaf.org\/mma-pour-tous\/#primaryimage\"},\"thumbnailUrl\":\"https:\/\/immaf.wpengine.com\/wp-content\/uploads\/2020\/03\/icon-blk.svg\",\"datePublished\":\"2021-04-13T13:23:27+00:00\",\"dateModified\":\"2024-12-04T14:23:27+00:00\",\"breadcrumb\":{\"@id\":\"https:\/\/bmmaf.org\/mma-pour-tous\/#breadcrumb\"},\"inLanguage\":\"fr-BE\",\"potentialAction\":[{\"@type\":\"ReadAction\",\"target\":[\"https:\/\/bmmaf.org\/mma-pour-tous\/\"]}]},{\"@type\":\"ImageObject\",\"inLanguage\":\"fr-BE\",\"@id\":\"https:\/\/bmmaf.org\/mma-pour-tous\/#primaryimage\",\"url\":\"https:\/\/immaf.wpengine.com\/wp-content\/uploads\/2020\/03\/icon-blk.svg\",\"contentUrl\":\"https:\/\/immaf.wpengine.com\/wp-content\/uploads\/2020\/03\/icon-blk.svg\"},{\"@type\":\"BreadcrumbList\",\"@id\":\"https:\/\/bmmaf.org\/mma-pour-tous\/#breadcrumb\",\"itemListElement\":[{\"@type\":\"ListItem\",\"position\":1,\"name\":\"Home\",\"item\":\"https:\/\/bmmaf.org\/fr\/\"},{\"@type\":\"ListItem\",\"position\":2,\"name\":\"MMA Pour Tous\"}]},{\"@type\":\"WebSite\",\"@id\":\"https:\/\/bmmaf.org\/fr\/#website\",\"url\":\"https:\/\/bmmaf.org\/fr\/\",\"name\":\"Belgian Mixed Martial Arts Federation\",\"description\":\"\",\"publisher\":{\"@id\":\"https:\/\/bmmaf.org\/fr\/#organization\"},\"potentialAction\":[{\"@type\":\"SearchAction\",\"target\":{\"@type\":\"EntryPoint\",\"urlTemplate\":\"https:\/\/bmmaf.org\/fr\/?s={search_term_string}\"},\"query-input\":{\"@type\":\"PropertyValueSpecification\",\"valueRequired\":true,\"valueName\":\"search_term_string\"}}],\"inLanguage\":\"fr-BE\"},{\"@type\":\"Organization\",\"@id\":\"https:\/\/bmmaf.org\/fr\/#organization\",\"name\":\"BMMAF\",\"url\":\"https:\/\/bmmaf.org\/fr\/\",\"logo\":{\"@type\":\"ImageObject\",\"inLanguage\":\"fr-BE\",\"@id\":\"https:\/\/bmmaf.org\/fr\/#\/schema\/logo\/image\/\",\"url\":\"https:\/\/bmmaf.org\/wp-content\/uploads\/2021\/04\/logo-icon.svg\",\"contentUrl\":\"https:\/\/bmmaf.org\/wp-content\/uploads\/2021\/04\/logo-icon.svg\",\"width\":1,\"height\":1,\"caption\":\"BMMAF\"},\"image\":{\"@id\":\"https:\/\/bmmaf.org\/fr\/#\/schema\/logo\/image\/\"}}]}<\/script>\n<!-- \/ Yoast SEO plugin. -->","yoast_head_json":{"title":"MMA Pour Tous - Belgian Mixed Martial Arts Federation","robots":{"index":"index","follow":"follow","max-snippet":"max-snippet:-1","max-image-preview":"max-image-preview:large","max-video-preview":"max-video-preview:-1"},"canonical":"https:\/\/bmmaf.org\/fr\/mma-pour-tous\/","og_locale":"fr_FR","og_type":"article","og_title":"MMA Pour Tous - Belgian Mixed Martial Arts Federation","og_description":"MMA pour tous Kids Nous accordons une attention particuli\u00e8re \u00e0 l\u2019engagement et \u00e0 l\u2019encadrement des plus jeunes. Des journ\u00e9es kids sont organis\u00e9es pour les enfants \u00e0 partir de 8 ans, leur permettant de d\u00e9couvrir le MMA en prenant part \u00e9galement \u00e0 une activit\u00e9 fun. Des formations officielles pour les coachs qui d\u00e9sirent d\u00e9velopper une section [&hellip;]","og_url":"https:\/\/bmmaf.org\/fr\/mma-pour-tous\/","og_site_name":"Belgian Mixed Martial Arts Federation","article_modified_time":"2024-12-04T14:23:27+00:00","og_image":[{"url":"https:\/\/immaf.wpengine.com\/wp-content\/uploads\/2020\/03\/icon-blk.svg","type":"","width":"","height":""}],"twitter_card":"summary_large_image","schema":{"@context":"https:\/\/schema.org","@graph":[{"@type":"WebPage","@id":"https:\/\/bmmaf.org\/mma-pour-tous\/","url":"https:\/\/bmmaf.org\/mma-pour-tous\/","name":"MMA Pour Tous - Belgian Mixed Martial Arts Federation","isPartOf":{"@id":"https:\/\/bmmaf.org\/fr\/#website"},"primaryImageOfPage":{"@id":"https:\/\/bmmaf.org\/mma-pour-tous\/#primaryimage"},"image":{"@id":"https:\/\/bmmaf.org\/mma-pour-tous\/#primaryimage"},"thumbnailUrl":"https:\/\/immaf.wpengine.com\/wp-content\/uploads\/2020\/03\/icon-blk.svg","datePublished":"2021-04-13T13:23:27+00:00","dateModified":"2024-12-04T14:23:27+00:00","breadcrumb":{"@id":"https:\/\/bmmaf.org\/mma-pour-tous\/#breadcrumb"},"inLanguage":"fr-BE","potentialAction":[{"@type":"ReadAction","target":["https:\/\/bmmaf.org\/mma-pour-tous\/"]}]},{"@type":"ImageObject","inLanguage":"fr-BE","@id":"https:\/\/bmmaf.org\/mma-pour-tous\/#primaryimage","url":"https:\/\/immaf.wpengine.com\/wp-content\/uploads\/2020\/03\/icon-blk.svg","contentUrl":"https:\/\/immaf.wpengine.com\/wp-content\/uploads\/2020\/03\/icon-blk.svg"},{"@type":"BreadcrumbList","@id":"https:\/\/bmmaf.org\/mma-pour-tous\/#breadcrumb","itemListElement":[{"@type":"ListItem","position":1,"name":"Home","item":"https:\/\/bmmaf.org\/fr\/"},{"@type":"ListItem","position":2,"name":"MMA Pour Tous"}]},{"@type":"WebSite","@id":"https:\/\/bmmaf.org\/fr\/#website","url":"https:\/\/bmmaf.org\/fr\/","name":"Belgian Mixed Martial Arts Federation","description":"","publisher":{"@id":"https:\/\/bmmaf.org\/fr\/#organization"},"potentialAction":[{"@type":"SearchAction","target":{"@type":"EntryPoint","urlTemplate":"https:\/\/bmmaf.org\/fr\/?s={search_term_string}"},"query-input":{"@type":"PropertyValueSpecification","valueRequired":true,"valueName":"search_term_string"}}],"inLanguage":"fr-BE"},{"@type":"Organization","@id":"https:\/\/bmmaf.org\/fr\/#organization","name":"BMMAF","url":"https:\/\/bmmaf.org\/fr\/","logo":{"@type":"ImageObject","inLanguage":"fr-BE","@id":"https:\/\/bmmaf.org\/fr\/#\/schema\/logo\/image\/","url":"https:\/\/bmmaf.org\/wp-content\/uploads\/2021\/04\/logo-icon.svg","contentUrl":"https:\/\/bmmaf.org\/wp-content\/uploads\/2021\/04\/logo-icon.svg","width":1,"height":1,"caption":"BMMAF"},"image":{"@id":"https:\/\/bmmaf.org\/fr\/#\/schema\/logo\/image\/"}}]}},"builder_content":"<p><h5-page-header>MMA pour tous<\/h5-page-header><\/p>\n<h3>Kids<\/h3> <p>Nous accordons une attention particuli\u00e8re \u00e0 l\u2019engagement et \u00e0 l\u2019encadrement des plus jeunes. Des journ\u00e9es kids sont organis\u00e9es pour les enfants \u00e0 partir de 8 ans, leur permettant de d\u00e9couvrir le MMA en prenant part \u00e9galement \u00e0 une activit\u00e9 fun. Des formations officielles pour les coachs qui d\u00e9sirent d\u00e9velopper une section jeune seront prochainement disponibles et nous travaillons \u00e0 organiser les premi\u00e8res comp\u00e9titions \u00e0 partir de 12 ans sous des r\u00e8gles adapt\u00e9es fin 2021.<\/p> <p><img loading=\"lazy\" decoding=\"async\" src=\"https:\/\/immaf.wpengine.com\/wp-content\/uploads\/2020\/03\/icon-blk.svg\" alt=\"\" width=\"50\" height=\"1\" \/><\/p>\n<img src=\"http:\/\/bmmaf.org\/wp-content\/uploads\/2021\/06\/BMMAF-pour-tous-1.jpg\" width=\"2000\" height=\"2000\" title=\"MMA Pour Tous\" alt=\"MMA Pour Tous\">\n<img src=\"https:\/\/immafstaging.wpengine.com\/wp-content\/uploads\/2020\/03\/about-2.jpg\" width=\"2490\" height=\"2494\" title=\"MMA Pour Tous\" alt=\"MMA Pour Tous\">\n<h3>Girls<\/h3> <p>Bien que le MMA f\u00e9minin prenne de l\u2019ampleur au niveau mondial, nos athl\u00e8tes belges peinent souvent \u00e0 trouver des partenaires d\u2019entra\u00eenement ou des adversaires en comp\u00e9tition. Afin de combler ce manque, nous organisons r\u00e9guli\u00e8rement des sessions d\u2019initiation ou d\u2019entra\u00eenement 100% Girls pour d\u00e9montrer l\u2019accessibilit\u00e9 et les bien faits du MMA.<\/p> <p><img loading=\"lazy\" decoding=\"async\" src=\"https:\/\/immaf.wpengine.com\/wp-content\/uploads\/2020\/03\/icon-blk.svg\" alt=\"\" width=\"50\" height=\"1\" \/><\/p>\n<h3>Promouvoir<\/h3> <p>Notre but premier est de connecter un maximum de gens autour du MMA. Que vous soyez \u00e0 la recherche d\u2019une journ\u00e9e d\u00e9couverte pour un public pr\u00e9cis, d\u2019une d\u00e9monstration ou de toute activit\u00e9 li\u00e9e au MMA, nous pouvons mettre notre exp\u00e9rience \u00e0 votre service pour vous aider \u00e0 promouvoir notre discipline.<\/p> <p>Si vous faites partie d\u2019une organisation caritative, n\u2019h\u00e9sitez pas \u00e0 nous contacter, la passion est souvent b\u00e9n\u00e9vole.<\/p> <p><img loading=\"lazy\" decoding=\"async\" src=\"https:\/\/immaf.wpengine.com\/wp-content\/uploads\/2020\/03\/icon-blk.svg\" alt=\"\" width=\"50\" height=\"1\" \/><\/p>\n<img src=\"http:\/\/bmmaf.org\/wp-content\/uploads\/2021\/06\/BMMAF-pour-tous-2.jpg\" width=\"2000\" height=\"2000\" title=\"MMA Pour Tous\" alt=\"MMA Pour Tous\">","_links":{"self":[{"href":"https:\/\/bmmaf.org\/fr\/wp-json\/wp\/v2\/pages\/396","targetHints":{"allow":["GET"]}}],"collection":[{"href":"https:\/\/bmmaf.org\/fr\/wp-json\/wp\/v2\/pages"}],"about":[{"href":"https:\/\/bmmaf.org\/fr\/wp-json\/wp\/v2\/types\/page"}],"author":[{"embeddable":true,"href":"https:\/\/bmmaf.org\/fr\/wp-json\/wp\/v2\/users\/3"}],"replies":[{"embeddable":true,"href":"https:\/\/bmmaf.org\/fr\/wp-json\/wp\/v2\/comments?post=396"}],"version-history":[{"count":15,"href":"https:\/\/bmmaf.org\/fr\/wp-json\/wp\/v2\/pages\/396\/revisions"}],"predecessor-version":[{"id":1712,"href":"https:\/\/bmmaf.org\/fr\/wp-json\/wp\/v2\/pages\/396\/revisions\/1712"}],"wp:attachment":[{"href":"https:\/\/bmmaf.org\/fr\/wp-json\/wp\/v2\/media?parent=396"}],"curies":[{"name":"wp","href":"https:\/\/api.w.org\/{rel}","templated":true}]}}