{"id":345,"date":"2021-04-12T15:16:03","date_gmt":"2021-04-12T15:16:03","guid":{"rendered":"http:\/\/bmmaf.org\/education\/anti-doping-copy\/"},"modified":"2024-12-05T13:51:53","modified_gmt":"2024-12-05T13:51:53","slug":"rules-and-competition","status":"publish","type":"page","link":"https:\/\/bmmaf.org\/en\/regles-et-competition\/","title":{"rendered":"Rules and competition"},"content":{"rendered":"<!--themify_builder_content-->\n<div id=\"themify_builder_content-345\" data-postid=\"345\" class=\"themify_builder_content themify_builder_content-345 themify_builder tf_clear\">\n                    <div  data-css_id=\"w4wk789\" data-lazy=\"1\" class=\"module_row themify_builder_row fullwidth tb_w4wk789 tb_first tf_w\">\n            <span  class=\"builder_row_cover tf_abs\" data-lazy=\"1\"><\/span>            <div class=\"row_inner col_align_top tb_col_count_1 tf_box tf_rel\">\n                        <div  data-lazy=\"1\" class=\"module_column tb-column col-full tb_55rb790 first\">\n                            <\/div>\n                        <\/div>\n        <\/div>\n                        <div  data-anchor=\"competition\" data-lazy=\"1\" class=\"module_row themify_builder_row tb_has_section tb_section-competition tb_kuyr790 tf_w\">\n                        <div class=\"row_inner col_align_top tb_col_count_1 tf_box tf_rel\">\n                        <div  data-lazy=\"1\" class=\"module_column tb-column col-full tb_1eij792 first\">\n                    <!-- module text -->\n<div  class=\"module module-text tb_5sqc793\" data-lazy=\"1\">\n        <div  class=\"tb_text_wrap\">\n        <p><h5-page-header>Rules and competition<\/h5-page-header><\/p>    <\/div>\n<\/div>\n<!-- \/module text --><!-- module text -->\n<div  class=\"module module-text tb_ugaf793\" data-lazy=\"1\">\n        <div  class=\"tb_text_wrap\">\n        <h4><span style=\"vertical-align: inherit;\"><span style=\"vertical-align: inherit;\">Rules<\/span><\/span><\/h4>\n<p><span style=\"vertical-align: inherit;\"><span style=\"vertical-align: inherit;\">The IMMAF amateur MMA rules are a set of standardised rules that create a high level of safety during competitions. <\/span><span style=\"vertical-align: inherit;\">It is the result of a review of best practice by the IMMAF Technical Committee.<\/span><\/span><\/p>\n<p><span style=\"vertical-align: inherit;\"><span style=\"vertical-align: inherit;\">In Belgium, the IMMAF regulation is applied, with certain particularities in terms of experience classes:<\/span><\/span><\/p>\n<ul>\n<li><span style=\"vertical-align: inherit;\"><span style=\"vertical-align: inherit;\">An intermediate novice class allowing the most beginners to do <\/span><\/span><br \/><span style=\"vertical-align: inherit;\"><span style=\"vertical-align: inherit;\">their first steps in competition<\/span><\/span><\/li>\n<li><span style=\"vertical-align: inherit;\"><span style=\"vertical-align: inherit;\">A Teenager class for 16\/17 year-olds<\/span><\/span><\/li>\n<li><span style=\"vertical-align: inherit;\"><span style=\"vertical-align: inherit;\">We are planning the first competitions for the 12+ age group in 2021, under particularly secure rules.<\/span><\/span><\/li>\n<\/ul>\n<p>Summary of rules (all categories)<\/p>\n<ul>\n<li><a href=\"https:\/\/bmmaf.org\/wp-content\/uploads\/2021\/10\/Resume-des-regles-BMMAF.docx\">French<\/a><\/li>\n<li><a href=\"https:\/\/bmmaf.org\/wp-content\/uploads\/2021\/10\/Samenvatting-BMMAF-regels.docx\">Nederlands<\/a><\/li>\n<\/ul>    <\/div>\n<\/div>\n<!-- \/module text --><!-- module text -->\n<div  class=\"module module-text tb_2d33623\" data-lazy=\"1\">\n        <div  class=\"tb_text_wrap\">\n        <h4>MMA Rules<\/h4>    <\/div>\n<\/div>\n<!-- \/module text --><!-- module accordion -->\n<div  class=\"module module-accordion tb_ktsb317\" data-behavior=\"toggle\" data-lazy=\"1\">\n    \n    <ul class=\"ui module-accordion   tb_default_color\">\n            <li>\n            <div class=\"accordion-title tf_rel\">\n                <a href=\"#acc-ktsb317-0\" class=\"tb_title_accordion\" aria-controls=\"acc-ktsb317-0-content\" aria-expanded=\"false\">\n                    <i class=\"accordion-icon\"><svg  class=\"tf_fa tf-ti-angle-down\" xmlns:xlink=\"http:\/\/www.w3.org\/1999\/xlink\" aria-hidden=\"true\"><use href=\"#tf-ti-angle-down\" xlink:href=\"#tf-ti-angle-down\"><\/use><\/svg><\/i>                    <i class=\"accordion-active-icon tf_hide\"><svg  class=\"tf_fa tf-ti-angle-up\" xmlns:xlink=\"http:\/\/www.w3.org\/1999\/xlink\" aria-hidden=\"true\"><use href=\"#tf-ti-angle-up\" xlink:href=\"#tf-ti-angle-up\"><\/use><\/svg><\/i>                    <span class=\"accordion-title-wrap\">Amateur<\/span>                <\/a>\n            <\/div><!-- .accordion-title -->\n            <div id=\"acc-ktsb317-0-content\" data-id=\"acc-ktsb317-0\" aria-hidden=\"true\" class=\"accordion-content tf_hide tf_clearfix\">\n                                    <div class=\"tb_text_wrap\">\n                        <p>Amateur rules<\/p>                    <\/div>\n                            <\/div><!-- .accordion-content -->\n        <\/li>\n            <li>\n            <div class=\"accordion-title tf_rel\">\n                <a href=\"#acc-ktsb317-1\" class=\"tb_title_accordion\" aria-controls=\"acc-ktsb317-1-content\" aria-expanded=\"false\">\n                    <i class=\"accordion-icon\"><svg  class=\"tf_fa tf-ti-angle-down\" xmlns:xlink=\"http:\/\/www.w3.org\/1999\/xlink\" aria-hidden=\"true\"><use href=\"#tf-ti-angle-down\" xlink:href=\"#tf-ti-angle-down\"><\/use><\/svg><\/i>                    <i class=\"accordion-active-icon tf_hide\"><svg  class=\"tf_fa tf-ti-angle-up\" xmlns:xlink=\"http:\/\/www.w3.org\/1999\/xlink\" aria-hidden=\"true\"><use href=\"#tf-ti-angle-up\" xlink:href=\"#tf-ti-angle-up\"><\/use><\/svg><\/i>                    <span class=\"accordion-title-wrap\">Novice<\/span>                <\/a>\n            <\/div><!-- .accordion-title -->\n            <div id=\"acc-ktsb317-1-content\" data-id=\"acc-ktsb317-1\" aria-hidden=\"true\" class=\"accordion-content tf_hide tf_clearfix\">\n                                    <div class=\"tb_text_wrap\">\n                        <p>Novice rules<\/p>                    <\/div>\n                            <\/div><!-- .accordion-content -->\n        <\/li>\n            <li>\n            <div class=\"accordion-title tf_rel\">\n                <a href=\"#acc-ktsb317-2\" class=\"tb_title_accordion\" aria-controls=\"acc-ktsb317-2-content\" aria-expanded=\"false\">\n                    <i class=\"accordion-icon\"><svg  class=\"tf_fa tf-ti-angle-down\" xmlns:xlink=\"http:\/\/www.w3.org\/1999\/xlink\" aria-hidden=\"true\"><use href=\"#tf-ti-angle-down\" xlink:href=\"#tf-ti-angle-down\"><\/use><\/svg><\/i>                    <i class=\"accordion-active-icon tf_hide\"><svg  class=\"tf_fa tf-ti-angle-up\" xmlns:xlink=\"http:\/\/www.w3.org\/1999\/xlink\" aria-hidden=\"true\"><use href=\"#tf-ti-angle-up\" xlink:href=\"#tf-ti-angle-up\"><\/use><\/svg><\/i>                    <span class=\"accordion-title-wrap\">Teenager<\/span>                <\/a>\n            <\/div><!-- .accordion-title -->\n            <div id=\"acc-ktsb317-2-content\" data-id=\"acc-ktsb317-2\" aria-hidden=\"true\" class=\"accordion-content tf_hide tf_clearfix\">\n                                    <div class=\"tb_text_wrap\">\n                        <p>Teenagar rules<\/p>                    <\/div>\n                            <\/div><!-- .accordion-content -->\n        <\/li>\n        <\/ul>\n\n<\/div><!-- \/module accordion --><!-- module text -->\n<div  class=\"module module-text tb_ldwd901\" data-lazy=\"1\">\n        <div  class=\"tb_text_wrap\">\n        <table class=\"wp-block-table\">\n<tbody>\n<tr>\n<td><strong><span style=\"vertical-align: inherit;\"><span style=\"vertical-align: inherit;\">Level<\/span><\/span><\/strong><\/td>\n<td><strong><span style=\"vertical-align: inherit;\"><span style=\"vertical-align: inherit;\">Details<\/span><\/span><\/strong><\/td>\n<\/tr>\n<tr>\n<td><strong><span style=\"vertical-align: inherit;\"><span style=\"vertical-align: inherit;\">Amateur<\/span><\/span><\/strong><\/td>\n<td>\n<ul>\n<li><span style=\"vertical-align: inherit;\"><span style=\"vertical-align: inherit;\">IMMAF rules<\/span><\/span><\/li>\n<\/ul>\n<\/td>\n<\/tr>\n<tr>\n<td><strong><span style=\"vertical-align: inherit;\"><span style=\"vertical-align: inherit;\">Novice<\/span><\/span><\/strong><\/td>\n<td>\n<ul>\n<li><span style=\"vertical-align: inherit;\"><span style=\"vertical-align: inherit;\">Max 3 wins or 5 fights<\/span><\/span><\/li>\n<li><span style=\"vertical-align: inherit;\"><span style=\"vertical-align: inherit;\">No experience of high-level competition in another martial discipline.<\/span><\/span><\/li>\n<li><span style=\"vertical-align: inherit;\"><span style=\"vertical-align: inherit;\">Face strikes on the ground<\/span><\/span><\/li>\n<\/ul>\n<\/td>\n<\/tr>\n<tr>\n<td><strong><span style=\"vertical-align: inherit;\"><span style=\"vertical-align: inherit;\">Teenagers (16\/17)<\/span><\/span><\/strong><\/td>\n<td>\n<ul>\n<li><span style=\"vertical-align: inherit;\"><span style=\"vertical-align: inherit;\">Helmet compulsory<\/span><\/span><\/li>\n<li><span style=\"vertical-align: inherit;\"><span style=\"vertical-align: inherit;\">Rules adapted for a higher level of safety<\/span><\/span><\/li>\n<\/ul>\n<\/td>\n<\/tr>\n<tr>\n<td><strong><span style=\"vertical-align: inherit;\"><span style=\"vertical-align: inherit;\">Young (12\/13\/14\/15)<\/span><\/span><\/strong><\/td>\n<td>\n<ul>\n<li><span style=\"vertical-align: inherit;\"><span style=\"vertical-align: inherit;\">IMMAF youth rules<\/span><\/span><\/li>\n<li><span style=\"vertical-align: inherit;\"><span style=\"vertical-align: inherit;\">No punches to the face and limited rules for greater safety<\/span><\/span><\/li>\n<li><span style=\"vertical-align: inherit;\"><span style=\"vertical-align: inherit;\">First events scheduled for Belgium and 2021<\/span><\/span><\/li>\n<\/ul>\n<\/td>\n<\/tr>\n<\/tbody>\n<\/table>    <\/div>\n<\/div>\n<!-- \/module text -->        <\/div>\n                        <\/div>\n        <\/div>\n        <\/div>\n<!--\/themify_builder_content-->","protected":false},"excerpt":{"rendered":"<p>Rules and competition<\/p>","protected":false},"author":3,"featured_media":0,"parent":0,"menu_order":0,"comment_status":"closed","ping_status":"closed","template":"","meta":{"iawp_total_views":1159,"footnotes":""},"class_list":["post-345","page","type-page","status-publish","hentry","has-post-title","has-post-date","has-post-category","has-post-tag","has-post-comment","has-post-author",""],"yoast_head":"<!-- This site is optimized with the Yoast SEO plugin v27.4 - https:\/\/yoast.com\/product\/yoast-seo-wordpress\/ -->\n<title>R\u00e8gles et comp\u00e9tition - Belgian Mixed Martial Arts Federation<\/title>\n<meta name=\"robots\" content=\"index, follow, max-snippet:-1, max-image-preview:large, max-video-preview:-1\" \/>\n<link rel=\"canonical\" href=\"https:\/\/bmmaf.org\/en\/rules-and-competition\/\" \/>\n<meta property=\"og:locale\" content=\"en_GB\" \/>\n<meta property=\"og:type\" content=\"article\" \/>\n<meta property=\"og:title\" content=\"R\u00e8gles et comp\u00e9tition - Belgian Mixed Martial Arts Federation\" \/>\n<meta property=\"og:description\" content=\"R\u00e8gles et comp\u00e9tition\" \/>\n<meta property=\"og:url\" content=\"https:\/\/bmmaf.org\/en\/rules-and-competition\/\" \/>\n<meta property=\"og:site_name\" content=\"Belgian Mixed Martial Arts Federation\" \/>\n<meta property=\"article:modified_time\" content=\"2024-12-05T13:51:53+00:00\" \/>\n<meta name=\"twitter:card\" content=\"summary_large_image\" \/>\n<script type=\"application\/ld+json\" class=\"yoast-schema-graph\">{\"@context\":\"https:\\\/\\\/schema.org\",\"@graph\":[{\"@type\":\"WebPage\",\"@id\":\"https:\\\/\\\/bmmaf.org\\\/regles-et-competition\\\/\",\"url\":\"https:\\\/\\\/bmmaf.org\\\/regles-et-competition\\\/\",\"name\":\"R\u00e8gles et comp\u00e9tition - Belgian Mixed Martial Arts Federation\",\"isPartOf\":{\"@id\":\"https:\\\/\\\/bmmaf.org\\\/fr\\\/#website\"},\"datePublished\":\"2021-04-12T15:16:03+00:00\",\"dateModified\":\"2024-12-05T13:51:53+00:00\",\"breadcrumb\":{\"@id\":\"https:\\\/\\\/bmmaf.org\\\/regles-et-competition\\\/#breadcrumb\"},\"inLanguage\":\"en-GB\",\"potentialAction\":[{\"@type\":\"ReadAction\",\"target\":[\"https:\\\/\\\/bmmaf.org\\\/regles-et-competition\\\/\"]}]},{\"@type\":\"BreadcrumbList\",\"@id\":\"https:\\\/\\\/bmmaf.org\\\/regles-et-competition\\\/#breadcrumb\",\"itemListElement\":[{\"@type\":\"ListItem\",\"position\":1,\"name\":\"Home\",\"item\":\"https:\\\/\\\/bmmaf.org\\\/fr\\\/\"},{\"@type\":\"ListItem\",\"position\":2,\"name\":\"R\u00e8gles et comp\u00e9tition\"}]},{\"@type\":\"WebSite\",\"@id\":\"https:\\\/\\\/bmmaf.org\\\/fr\\\/#website\",\"url\":\"https:\\\/\\\/bmmaf.org\\\/fr\\\/\",\"name\":\"Belgian Mixed Martial Arts Federation\",\"description\":\"\",\"publisher\":{\"@id\":\"https:\\\/\\\/bmmaf.org\\\/fr\\\/#organization\"},\"potentialAction\":[{\"@type\":\"SearchAction\",\"target\":{\"@type\":\"EntryPoint\",\"urlTemplate\":\"https:\\\/\\\/bmmaf.org\\\/fr\\\/?s={search_term_string}\"},\"query-input\":{\"@type\":\"PropertyValueSpecification\",\"valueRequired\":true,\"valueName\":\"search_term_string\"}}],\"inLanguage\":\"en-GB\"},{\"@type\":\"Organization\",\"@id\":\"https:\\\/\\\/bmmaf.org\\\/fr\\\/#organization\",\"name\":\"BMMAF\",\"url\":\"https:\\\/\\\/bmmaf.org\\\/fr\\\/\",\"logo\":{\"@type\":\"ImageObject\",\"inLanguage\":\"en-GB\",\"@id\":\"https:\\\/\\\/bmmaf.org\\\/fr\\\/#\\\/schema\\\/logo\\\/image\\\/\",\"url\":\"https:\\\/\\\/bmmaf.org\\\/wp-content\\\/uploads\\\/2021\\\/04\\\/logo-icon.svg\",\"contentUrl\":\"https:\\\/\\\/bmmaf.org\\\/wp-content\\\/uploads\\\/2021\\\/04\\\/logo-icon.svg\",\"width\":1,\"height\":1,\"caption\":\"BMMAF\"},\"image\":{\"@id\":\"https:\\\/\\\/bmmaf.org\\\/fr\\\/#\\\/schema\\\/logo\\\/image\\\/\"}}]}<\/script>\n<!-- \/ Yoast SEO plugin. -->","yoast_head_json":{"title":"Rules and competition - Belgian Mixed Martial Arts Federation","robots":{"index":"index","follow":"follow","max-snippet":"max-snippet:-1","max-image-preview":"max-image-preview:large","max-video-preview":"max-video-preview:-1"},"canonical":"https:\/\/bmmaf.org\/en\/rules-and-competition\/","og_locale":"en_GB","og_type":"article","og_title":"R\u00e8gles et comp\u00e9tition - Belgian Mixed Martial Arts Federation","og_description":"R\u00e8gles et comp\u00e9tition","og_url":"https:\/\/bmmaf.org\/en\/rules-and-competition\/","og_site_name":"Belgian Mixed Martial Arts Federation","article_modified_time":"2024-12-05T13:51:53+00:00","twitter_card":"summary_large_image","schema":{"@context":"https:\/\/schema.org","@graph":[{"@type":"WebPage","@id":"https:\/\/bmmaf.org\/regles-et-competition\/","url":"https:\/\/bmmaf.org\/regles-et-competition\/","name":"Rules and competition - Belgian Mixed Martial Arts Federation","isPartOf":{"@id":"https:\/\/bmmaf.org\/fr\/#website"},"datePublished":"2021-04-12T15:16:03+00:00","dateModified":"2024-12-05T13:51:53+00:00","breadcrumb":{"@id":"https:\/\/bmmaf.org\/regles-et-competition\/#breadcrumb"},"inLanguage":"en-GB","potentialAction":[{"@type":"ReadAction","target":["https:\/\/bmmaf.org\/regles-et-competition\/"]}]},{"@type":"BreadcrumbList","@id":"https:\/\/bmmaf.org\/regles-et-competition\/#breadcrumb","itemListElement":[{"@type":"ListItem","position":1,"name":"Home","item":"https:\/\/bmmaf.org\/fr\/"},{"@type":"ListItem","position":2,"name":"R\u00e8gles et comp\u00e9tition"}]},{"@type":"WebSite","@id":"https:\/\/bmmaf.org\/fr\/#website","url":"https:\/\/bmmaf.org\/fr\/","name":"Belgian Mixed Martial Arts Federation","description":"","publisher":{"@id":"https:\/\/bmmaf.org\/fr\/#organization"},"potentialAction":[{"@type":"SearchAction","target":{"@type":"EntryPoint","urlTemplate":"https:\/\/bmmaf.org\/fr\/?s={search_term_string}"},"query-input":{"@type":"PropertyValueSpecification","valueRequired":true,"valueName":"search_term_string"}}],"inLanguage":"en-GB"},{"@type":"Organization","@id":"https:\/\/bmmaf.org\/fr\/#organization","name":"BMMAF","url":"https:\/\/bmmaf.org\/fr\/","logo":{"@type":"ImageObject","inLanguage":"en-GB","@id":"https:\/\/bmmaf.org\/fr\/#\/schema\/logo\/image\/","url":"https:\/\/bmmaf.org\/wp-content\/uploads\/2021\/04\/logo-icon.svg","contentUrl":"https:\/\/bmmaf.org\/wp-content\/uploads\/2021\/04\/logo-icon.svg","width":1,"height":1,"caption":"BMMAF"},"image":{"@id":"https:\/\/bmmaf.org\/fr\/#\/schema\/logo\/image\/"}}]}},"builder_content":"<p><h5-page-header>R\u00e8gles et comp\u00e9tition<\/h5-page-header><\/p>\n<h4>R\u00e8gles<\/h4> <p>Les r\u00e8gles du MMA amateur de l'IMMAF sont un ensemble de r\u00e8gles standardis\u00e9es cr\u00e9\u00e9es un haut niveau de s\u00e9curit\u00e9 lors des comp\u00e9titions. Il est le r\u00e9sultat de l'examen des meilleures pratiques observ\u00e9es, effectu\u00e9 par le comit\u00e9 technique de l'IMMAF.<\/p> <p>En Belgique, le r\u00e8glement IMMAF est appliqu\u00e9, avec certaines particularit\u00e9s au niveau des classes d'exp\u00e9rience\u00a0:<\/p> <ul> <li>Une classe novice interm\u00e9diaire permettant aux plus d\u00e9butants de faire <br \/>leurs premiers pas en comp\u00e9tition<\/li> <li>Une classe Teenager pour les 16\/17 ans<\/li> <li>Nous pr\u00e9voyons les premi\u00e8res comp\u00e9titions pour les + 12 ans en 2021, sous des r\u00e8gles particuli\u00e8rement s\u00e9curis\u00e9es<\/li> <\/ul> <p>R\u00e9sum\u00e9 des r\u00e8gles (toutes cat\u00e9gories)<\/p> <ul> <li><a href=\"https:\/\/bmmaf.org\/wp-content\/uploads\/2021\/10\/Resume-des-regles-BMMAF.docx\">Fran\u00e7ais<\/a><\/li> <li><a href=\"https:\/\/bmmaf.org\/wp-content\/uploads\/2021\/10\/Samenvatting-BMMAF-regels.docx\">Nederlands<\/a><\/li> <\/ul>\n<h4>MMA Rules<\/h4>\n<ul><li><h4>Amateur<\/h4><p>Amateur rules<\/p><\/li><li><h4>Novice<\/h4><p>Novice rules<\/p><\/li><li><h4>Teenager<\/h4><p>Teenagar rules<\/p><\/li><\/ul>\n<table> <tbody> <tr> <td><strong>Niveau<\/strong><\/td> <td><strong>D\u00e9tails<\/strong><\/td> <\/tr> <tr> <td><strong>Amateur<\/strong><\/td> <td> <ul> <li>R\u00e8gles IMMAF<\/li> <\/ul> <\/td> <\/tr> <tr> <td><strong>Novice<\/strong><\/td> <td> <ul> <li>Max 3 victoires ou 5 combats<\/li> <li>Pas d'exp\u00e9rience en comp\u00e9tition de haut niveau dans une autre discipline martiale.<\/li> <li>Passer les frappes au visage au sol<\/li> <\/ul> <\/td> <\/tr> <tr> <td><strong>Adolescent (16\/17)<\/strong><\/td> <td> <ul> <li>Casque obligatoire<\/li> <li>R\u00e8gles adapt\u00e9es pour un plus haut niveau de s\u00e9curit\u00e9<\/li> <\/ul> <\/td> <\/tr> <tr> <td><strong>Jeune (12\/13\/14\/15)<\/strong><\/td> <td> <ul> <li>R\u00e8gles IMMAF jeunesse<\/li> <li>Aucune frappe au visage et r\u00e8gles limit\u00e9es pour plus de s\u00e9curit\u00e9<\/li> <li>Premi\u00e8res manifestations pr\u00e9vues en Belgique et 2021<\/li> <\/ul> <\/td> <\/tr> <\/tbody> <\/table>","_links":{"self":[{"href":"https:\/\/bmmaf.org\/en\/wp-json\/wp\/v2\/pages\/345","targetHints":{"allow":["GET"]}}],"collection":[{"href":"https:\/\/bmmaf.org\/en\/wp-json\/wp\/v2\/pages"}],"about":[{"href":"https:\/\/bmmaf.org\/en\/wp-json\/wp\/v2\/types\/page"}],"author":[{"embeddable":true,"href":"https:\/\/bmmaf.org\/en\/wp-json\/wp\/v2\/users\/3"}],"replies":[{"embeddable":true,"href":"https:\/\/bmmaf.org\/en\/wp-json\/wp\/v2\/comments?post=345"}],"version-history":[{"count":21,"href":"https:\/\/bmmaf.org\/en\/wp-json\/wp\/v2\/pages\/345\/revisions"}],"predecessor-version":[{"id":1736,"href":"https:\/\/bmmaf.org\/en\/wp-json\/wp\/v2\/pages\/345\/revisions\/1736"}],"wp:attachment":[{"href":"https:\/\/bmmaf.org\/en\/wp-json\/wp\/v2\/media?parent=345"}],"curies":[{"name":"wp","href":"https:\/\/api.w.org\/{rel}","templated":true}]}}