{"id":1153,"date":"2023-03-03T15:29:26","date_gmt":"2023-03-03T15:29:26","guid":{"rendered":"https:\/\/bmmaf.org\/?page_id=1153"},"modified":"2023-03-03T15:29:27","modified_gmt":"2023-03-03T15:29:27","slug":"news","status":"publish","type":"page","link":"https:\/\/bmmaf.org\/fr\/news\/","title":{"rendered":"News"},"content":{"rendered":"<!--themify_builder_content-->\n<div id=\"themify_builder_content-1153\" data-postid=\"1153\" class=\"themify_builder_content themify_builder_content-1153 themify_builder tf_clear\">\n                    <div  data-lazy=\"1\" class=\"module_row themify_builder_row tb_kbrz005 tb_first tf_w\">\n                        <div class=\"row_inner col_align_top tb_col_count_1 tf_box tf_rel\">\n                        <div  data-lazy=\"1\" class=\"module_column tb-column col-full tb_2spl550 first\">\n                    <!-- module template_part -->\n<div  class=\"module module-layout-part tb_e9ho500 \">\n    <\/div>\n<!-- \/module template_part -->        <\/div>\n                        <\/div>\n        <\/div>\n                        <div  data-lazy=\"1\" class=\"module_row themify_builder_row tb_rr38035 tf_w\">\n                        <div class=\"row_inner col_align_top tb_col_count_2 tf_box tf_rel\">\n                        <div  data-lazy=\"1\" class=\"module_column tb-column col2-1 tb_7vdl400 first\">\n                    <!-- module text -->\n<div  class=\"module module-text tb_zjrs031   \" data-lazy=\"1\">\n        <div  class=\"tb_text_wrap\">\n        <h3>All News<\/h3>    <\/div>\n<\/div>\n<!-- \/module text -->        <\/div>\n                    <div  data-lazy=\"1\" class=\"module_column tb-column col2-1 tb_urjb351 last\">\n                            <\/div>\n                        <\/div>\n        <\/div>\n                        <div  data-lazy=\"1\" class=\"module_row themify_builder_row tb_ys08505 tf_w wow\" data-tf-animation=\"fadeInUp\">\n                        <div class=\"row_inner col_align_top tb_col_count_1 tf_box tf_rel\">\n                        <div  data-lazy=\"1\" class=\"module_column tb-column col-full tb_101u201 first\">\n                    <!-- module post -->\n<div  class=\"module module-post tb_sut4707  tb_fullwidth_image\">\n    <div  class=\"builder-posts-wrap loops-wrapper grid3 classic tf_clear tf_clearfix\" data-lazy=\"1\">\n    <article id=\"post-1938\" class=\"post tf_clearfix post-1938 type-post status-publish format-standard has-post-thumbnail hentry category-news has-post-title has-post-date has-post-category has-post-tag has-post-comment has-post-author \">\n\t    \n\t                <figure class=\"post-image tf_clearfix\">\n                                                            <a href=\"https:\/\/bmmaf.org\/fr\/2026\/02\/25\/bmmaf-league-2026-amateur-elite-tournament\/\">\n                                        <img loading=\"lazy\" decoding=\"async\" width=\"378\" height=\"472\" src=\"https:\/\/bmmaf.org\/wp-content\/uploads\/2026\/02\/75dc59cb-ee82-4f9a-b03a-f6737e1d0958.png\" class=\"wp-post-image wp-image-1941\" title=\"75dc59cb-ee82-4f9a-b03a-f6737e1d0958\" alt=\"75dc59cb-ee82-4f9a-b03a-f6737e1d0958\" srcset=\"https:\/\/bmmaf.org\/wp-content\/uploads\/2026\/02\/75dc59cb-ee82-4f9a-b03a-f6737e1d0958.png 378w, https:\/\/bmmaf.org\/wp-content\/uploads\/2026\/02\/75dc59cb-ee82-4f9a-b03a-f6737e1d0958-240x300.png 240w, https:\/\/bmmaf.org\/wp-content\/uploads\/2026\/02\/75dc59cb-ee82-4f9a-b03a-f6737e1d0958-10x12.png 10w, https:\/\/bmmaf.org\/wp-content\/uploads\/2026\/02\/75dc59cb-ee82-4f9a-b03a-f6737e1d0958-600x749.png 600w\" sizes=\"auto, (max-width: 378px) 100vw, 378px\" \/>                                                                    <\/a>\n                                                                <\/figure>\n                    \t<div class=\"post-content\">\n\t\t<div class=\"post-content-inner\">\n\n\t\t\t\t\t\t\t\t<div class=\"post-date-wrap post-date-inline\">\n\t\t<time class=\"post-date entry-date updated\" datetime=\"2026-02-25\">\n\t\t\t\t\t<span class=\"year\">f\u00e9vrier 25, 2026<\/span>\n\t\t\t\t<\/time>\n\t<\/div><!-- .post-date-wrap -->\n\t\t\t\t\n\t\t\t<h2 class=\"post-title entry-title\"><a href=\"https:\/\/bmmaf.org\/fr\/2026\/02\/25\/bmmaf-league-2026-amateur-elite-tournament\/\">BMMAF LEAGUE 2026 &#8211; AMATEUR ELITE TOURNAMENT<\/a><\/h2>\n\t\t\t\n\t\t\t\n\t\t\t        <div class=\"entry-content\">\n\n        \n        <\/div><!-- \/.entry-content -->\n        \n\t\t<\/div>\n\t\t<!-- \/.post-content-inner -->\n\t<\/div>\n\t<!-- \/.post-content -->\n\t\n<\/article>\n<!-- \/.post -->\n<article id=\"post-1848\" class=\"post tf_clearfix post-1848 type-post status-publish format-standard has-post-thumbnail hentry category-news has-post-title has-post-date has-post-category has-post-tag has-post-comment has-post-author \">\n\t    \n\t                <figure class=\"post-image tf_clearfix\">\n                                                            <a href=\"https:\/\/bmmaf.org\/fr\/2025\/11\/24\/equipe-nationale-belge-de-mixed-martial-arts-bmmaf\/\">\n                                        <img decoding=\"async\" src=\"https:\/\/bmmaf.org\/wp-content\/uploads\/2021\/04\/logo-icon.svg\" title=\"\u00c9quipe nationale belge de Mixed Martial Arts \u2013 BMMAF\" alt=\"\u00c9quipe nationale belge de Mixed Martial Arts \u2013 BMMAF\">                                                                    <\/a>\n                                                                <\/figure>\n                    \t<div class=\"post-content\">\n\t\t<div class=\"post-content-inner\">\n\n\t\t\t\t\t\t\t\t<div class=\"post-date-wrap post-date-inline\">\n\t\t<time class=\"post-date entry-date updated\" datetime=\"2025-11-24\">\n\t\t\t\t\t<span class=\"year\">novembre 24, 2025<\/span>\n\t\t\t\t<\/time>\n\t<\/div><!-- .post-date-wrap -->\n\t\t\t\t\n\t\t\t<h2 class=\"post-title entry-title\"><a href=\"https:\/\/bmmaf.org\/fr\/2025\/11\/24\/equipe-nationale-belge-de-mixed-martial-arts-bmmaf\/\">\u00c9quipe nationale belge de Mixed Martial Arts \u2013 BMMAF<\/a><\/h2>\n\t\t\t\n\t\t\t\n\t\t\t        <div class=\"entry-content\">\n\n        \n        <\/div><!-- \/.entry-content -->\n        \n\t\t<\/div>\n\t\t<!-- \/.post-content-inner -->\n\t<\/div>\n\t<!-- \/.post-content -->\n\t\n<\/article>\n<!-- \/.post -->\n<article id=\"post-1820\" class=\"post tf_clearfix post-1820 type-post status-publish format-standard has-post-thumbnail hentry category-news has-post-title has-post-date has-post-category has-post-tag has-post-comment has-post-author \">\n\t    \n\t                <figure class=\"post-image tf_clearfix\">\n                                                            <a href=\"https:\/\/bmmaf.org\/fr\/2025\/04\/29\/assemblee-generale-ordinaire-de-la-federation-belge-de-mma\/\">\n                                        <img decoding=\"async\" src=\"https:\/\/bmmaf.org\/wp-content\/uploads\/2021\/04\/logo-icon.svg\" title=\"Assembl\u00e9e G\u00e9n\u00e9rale Ordinaire de la F\u00e9d\u00e9ration Belge de MMA\" alt=\"Assembl\u00e9e G\u00e9n\u00e9rale Ordinaire de la F\u00e9d\u00e9ration Belge de MMA\">                                                                    <\/a>\n                                                                <\/figure>\n                    \t<div class=\"post-content\">\n\t\t<div class=\"post-content-inner\">\n\n\t\t\t\t\t\t\t\t<div class=\"post-date-wrap post-date-inline\">\n\t\t<time class=\"post-date entry-date updated\" datetime=\"2025-04-29\">\n\t\t\t\t\t<span class=\"year\">avril 29, 2025<\/span>\n\t\t\t\t<\/time>\n\t<\/div><!-- .post-date-wrap -->\n\t\t\t\t\n\t\t\t<h2 class=\"post-title entry-title\"><a href=\"https:\/\/bmmaf.org\/fr\/2025\/04\/29\/assemblee-generale-ordinaire-de-la-federation-belge-de-mma\/\">Assembl\u00e9e G\u00e9n\u00e9rale Ordinaire de la F\u00e9d\u00e9ration Belge de MMA<\/a><\/h2>\n\t\t\t\n\t\t\t\n\t\t\t        <div class=\"entry-content\">\n\n        \n        <\/div><!-- \/.entry-content -->\n        \n\t\t<\/div>\n\t\t<!-- \/.post-content-inner -->\n\t<\/div>\n\t<!-- \/.post-content -->\n\t\n<\/article>\n<!-- \/.post -->\n<article id=\"post-1141\" class=\"post tf_clearfix post-1141 type-post status-publish format-standard has-post-thumbnail hentry category-news has-post-title has-post-date has-post-category has-post-tag has-post-comment has-post-author \">\n\t    \n\t                <figure class=\"post-image tf_clearfix\">\n                                                            <a href=\"https:\/\/bmmaf.org\/fr\/2023\/03\/02\/bmmaf-novice-championship-25-26-fevrier-resultats-photos-videos\/\">\n                                        <img loading=\"lazy\" decoding=\"async\" width=\"1080\" height=\"1080\" src=\"https:\/\/bmmaf.org\/wp-content\/uploads\/2023\/01\/Yellow-Modern-Steep-Hill-Climbing-Promotion-Instagram-Post-1.png\" class=\"wp-post-image wp-image-1016\" title=\"Yellow Modern Steep Hill Climbing Promotion Instagram Post (1)\" alt=\"Yellow Modern Steep Hill Climbing Promotion Instagram Post (1)\" srcset=\"https:\/\/bmmaf.org\/wp-content\/uploads\/2023\/01\/Yellow-Modern-Steep-Hill-Climbing-Promotion-Instagram-Post-1.png 1080w, https:\/\/bmmaf.org\/wp-content\/uploads\/2023\/01\/Yellow-Modern-Steep-Hill-Climbing-Promotion-Instagram-Post-1-300x300.png 300w, https:\/\/bmmaf.org\/wp-content\/uploads\/2023\/01\/Yellow-Modern-Steep-Hill-Climbing-Promotion-Instagram-Post-1-1024x1024.png 1024w, https:\/\/bmmaf.org\/wp-content\/uploads\/2023\/01\/Yellow-Modern-Steep-Hill-Climbing-Promotion-Instagram-Post-1-150x150.png 150w, https:\/\/bmmaf.org\/wp-content\/uploads\/2023\/01\/Yellow-Modern-Steep-Hill-Climbing-Promotion-Instagram-Post-1-768x768.png 768w, https:\/\/bmmaf.org\/wp-content\/uploads\/2023\/01\/Yellow-Modern-Steep-Hill-Climbing-Promotion-Instagram-Post-1-12x12.png 12w, https:\/\/bmmaf.org\/wp-content\/uploads\/2023\/01\/Yellow-Modern-Steep-Hill-Climbing-Promotion-Instagram-Post-1-1024x1024-600x600.png 600w\" sizes=\"auto, (max-width: 1080px) 100vw, 1080px\" \/>                                                                    <\/a>\n                                                                <\/figure>\n                    \t<div class=\"post-content\">\n\t\t<div class=\"post-content-inner\">\n\n\t\t\t\t\t\t\t\t<div class=\"post-date-wrap post-date-inline\">\n\t\t<time class=\"post-date entry-date updated\" datetime=\"2023-03-02\">\n\t\t\t\t\t<span class=\"year\">mars 2, 2023<\/span>\n\t\t\t\t<\/time>\n\t<\/div><!-- .post-date-wrap -->\n\t\t\t\t\n\t\t\t<h2 class=\"post-title entry-title\"><a href=\"https:\/\/bmmaf.org\/fr\/2023\/03\/02\/bmmaf-novice-championship-25-26-fevrier-resultats-photos-videos\/\">BMMAF Novice Championship 25 &#038; 26 F\u00e9vrier\u2013 R\u00e9sultats, photos &#038; vid\u00e9os<\/a><\/h2>\n\t\t\t\n\t\t\t\n\t\t\t        <div class=\"entry-content\">\n\n        \n        <\/div><!-- \/.entry-content -->\n        \n\t\t<\/div>\n\t\t<!-- \/.post-content-inner -->\n\t<\/div>\n\t<!-- \/.post-content -->\n\t\n<\/article>\n<!-- \/.post -->\n    <\/div><!-- .builder-posts-wrap -->\n                                                <\/div>\n<!-- \/module post -->\n            <\/div>\n                        <\/div>\n        <\/div>\n        <\/div>\n<!--\/themify_builder_content-->","protected":false},"excerpt":{"rendered":"<p>All News<\/p>\n","protected":false},"author":3,"featured_media":0,"parent":0,"menu_order":0,"comment_status":"closed","ping_status":"closed","template":"","meta":{"iawp_total_views":192,"footnotes":""},"class_list":["post-1153","page","type-page","status-publish","hentry","has-post-title","has-post-date","has-post-category","has-post-tag","has-post-comment","has-post-author",""],"yoast_head":"<!-- This site is optimized with the Yoast SEO plugin v27.2 - https:\/\/yoast.com\/product\/yoast-seo-wordpress\/ -->\n<title>News - Belgian Mixed Martial Arts Federation<\/title>\n<meta name=\"robots\" content=\"index, follow, max-snippet:-1, max-image-preview:large, max-video-preview:-1\" \/>\n<link rel=\"canonical\" href=\"https:\/\/bmmaf.org\/fr\/news\/\" \/>\n<meta property=\"og:locale\" content=\"fr_FR\" \/>\n<meta property=\"og:type\" content=\"article\" \/>\n<meta property=\"og:title\" content=\"News - Belgian Mixed Martial Arts Federation\" \/>\n<meta property=\"og:description\" content=\"All News\" \/>\n<meta property=\"og:url\" content=\"https:\/\/bmmaf.org\/fr\/news\/\" \/>\n<meta property=\"og:site_name\" content=\"Belgian Mixed Martial Arts Federation\" \/>\n<meta property=\"article:modified_time\" content=\"2023-03-03T15:29:27+00:00\" \/>\n<meta name=\"twitter:card\" content=\"summary_large_image\" \/>\n<script type=\"application\/ld+json\" class=\"yoast-schema-graph\">{\"@context\":\"https:\/\/schema.org\",\"@graph\":[{\"@type\":\"WebPage\",\"@id\":\"https:\/\/bmmaf.org\/news\/\",\"url\":\"https:\/\/bmmaf.org\/news\/\",\"name\":\"News - Belgian Mixed Martial Arts Federation\",\"isPartOf\":{\"@id\":\"https:\/\/bmmaf.org\/fr\/#website\"},\"datePublished\":\"2023-03-03T15:29:26+00:00\",\"dateModified\":\"2023-03-03T15:29:27+00:00\",\"breadcrumb\":{\"@id\":\"https:\/\/bmmaf.org\/news\/#breadcrumb\"},\"inLanguage\":\"fr-BE\",\"potentialAction\":[{\"@type\":\"ReadAction\",\"target\":[\"https:\/\/bmmaf.org\/news\/\"]}]},{\"@type\":\"BreadcrumbList\",\"@id\":\"https:\/\/bmmaf.org\/news\/#breadcrumb\",\"itemListElement\":[{\"@type\":\"ListItem\",\"position\":1,\"name\":\"Home\",\"item\":\"https:\/\/bmmaf.org\/fr\/\"},{\"@type\":\"ListItem\",\"position\":2,\"name\":\"News\"}]},{\"@type\":\"WebSite\",\"@id\":\"https:\/\/bmmaf.org\/fr\/#website\",\"url\":\"https:\/\/bmmaf.org\/fr\/\",\"name\":\"Belgian Mixed Martial Arts Federation\",\"description\":\"\",\"publisher\":{\"@id\":\"https:\/\/bmmaf.org\/fr\/#organization\"},\"potentialAction\":[{\"@type\":\"SearchAction\",\"target\":{\"@type\":\"EntryPoint\",\"urlTemplate\":\"https:\/\/bmmaf.org\/fr\/?s={search_term_string}\"},\"query-input\":{\"@type\":\"PropertyValueSpecification\",\"valueRequired\":true,\"valueName\":\"search_term_string\"}}],\"inLanguage\":\"fr-BE\"},{\"@type\":\"Organization\",\"@id\":\"https:\/\/bmmaf.org\/fr\/#organization\",\"name\":\"BMMAF\",\"url\":\"https:\/\/bmmaf.org\/fr\/\",\"logo\":{\"@type\":\"ImageObject\",\"inLanguage\":\"fr-BE\",\"@id\":\"https:\/\/bmmaf.org\/fr\/#\/schema\/logo\/image\/\",\"url\":\"https:\/\/bmmaf.org\/wp-content\/uploads\/2021\/04\/logo-icon.svg\",\"contentUrl\":\"https:\/\/bmmaf.org\/wp-content\/uploads\/2021\/04\/logo-icon.svg\",\"width\":1,\"height\":1,\"caption\":\"BMMAF\"},\"image\":{\"@id\":\"https:\/\/bmmaf.org\/fr\/#\/schema\/logo\/image\/\"}}]}<\/script>\n<!-- \/ Yoast SEO plugin. -->","yoast_head_json":{"title":"News - Belgian Mixed Martial Arts Federation","robots":{"index":"index","follow":"follow","max-snippet":"max-snippet:-1","max-image-preview":"max-image-preview:large","max-video-preview":"max-video-preview:-1"},"canonical":"https:\/\/bmmaf.org\/fr\/news\/","og_locale":"fr_FR","og_type":"article","og_title":"News - Belgian Mixed Martial Arts Federation","og_description":"All News","og_url":"https:\/\/bmmaf.org\/fr\/news\/","og_site_name":"Belgian Mixed Martial Arts Federation","article_modified_time":"2023-03-03T15:29:27+00:00","twitter_card":"summary_large_image","schema":{"@context":"https:\/\/schema.org","@graph":[{"@type":"WebPage","@id":"https:\/\/bmmaf.org\/news\/","url":"https:\/\/bmmaf.org\/news\/","name":"News - Belgian Mixed Martial Arts Federation","isPartOf":{"@id":"https:\/\/bmmaf.org\/fr\/#website"},"datePublished":"2023-03-03T15:29:26+00:00","dateModified":"2023-03-03T15:29:27+00:00","breadcrumb":{"@id":"https:\/\/bmmaf.org\/news\/#breadcrumb"},"inLanguage":"fr-BE","potentialAction":[{"@type":"ReadAction","target":["https:\/\/bmmaf.org\/news\/"]}]},{"@type":"BreadcrumbList","@id":"https:\/\/bmmaf.org\/news\/#breadcrumb","itemListElement":[{"@type":"ListItem","position":1,"name":"Home","item":"https:\/\/bmmaf.org\/fr\/"},{"@type":"ListItem","position":2,"name":"News"}]},{"@type":"WebSite","@id":"https:\/\/bmmaf.org\/fr\/#website","url":"https:\/\/bmmaf.org\/fr\/","name":"Belgian Mixed Martial Arts Federation","description":"","publisher":{"@id":"https:\/\/bmmaf.org\/fr\/#organization"},"potentialAction":[{"@type":"SearchAction","target":{"@type":"EntryPoint","urlTemplate":"https:\/\/bmmaf.org\/fr\/?s={search_term_string}"},"query-input":{"@type":"PropertyValueSpecification","valueRequired":true,"valueName":"search_term_string"}}],"inLanguage":"fr-BE"},{"@type":"Organization","@id":"https:\/\/bmmaf.org\/fr\/#organization","name":"BMMAF","url":"https:\/\/bmmaf.org\/fr\/","logo":{"@type":"ImageObject","inLanguage":"fr-BE","@id":"https:\/\/bmmaf.org\/fr\/#\/schema\/logo\/image\/","url":"https:\/\/bmmaf.org\/wp-content\/uploads\/2021\/04\/logo-icon.svg","contentUrl":"https:\/\/bmmaf.org\/wp-content\/uploads\/2021\/04\/logo-icon.svg","width":1,"height":1,"caption":"BMMAF"},"image":{"@id":"https:\/\/bmmaf.org\/fr\/#\/schema\/logo\/image\/"}}]}},"builder_content":"<h3>All News<\/h3>","_links":{"self":[{"href":"https:\/\/bmmaf.org\/fr\/wp-json\/wp\/v2\/pages\/1153","targetHints":{"allow":["GET"]}}],"collection":[{"href":"https:\/\/bmmaf.org\/fr\/wp-json\/wp\/v2\/pages"}],"about":[{"href":"https:\/\/bmmaf.org\/fr\/wp-json\/wp\/v2\/types\/page"}],"author":[{"embeddable":true,"href":"https:\/\/bmmaf.org\/fr\/wp-json\/wp\/v2\/users\/3"}],"replies":[{"embeddable":true,"href":"https:\/\/bmmaf.org\/fr\/wp-json\/wp\/v2\/comments?post=1153"}],"version-history":[{"count":3,"href":"https:\/\/bmmaf.org\/fr\/wp-json\/wp\/v2\/pages\/1153\/revisions"}],"predecessor-version":[{"id":1156,"href":"https:\/\/bmmaf.org\/fr\/wp-json\/wp\/v2\/pages\/1153\/revisions\/1156"}],"wp:attachment":[{"href":"https:\/\/bmmaf.org\/fr\/wp-json\/wp\/v2\/media?parent=1153"}],"curies":[{"name":"wp","href":"https:\/\/api.w.org\/{rel}","templated":true}]}}