{"id":332,"date":"2021-04-12T15:14:08","date_gmt":"2021-04-12T15:14:08","guid":{"rendered":"http:\/\/bmmaf.org\/formation-coaches-copy\/"},"modified":"2024-12-05T13:51:46","modified_gmt":"2024-12-05T13:51:46","slug":"grades-et-stages","status":"publish","type":"page","link":"https:\/\/bmmaf.org\/fr\/grades-et-stages\/","title":{"rendered":"Grades et stages"},"content":{"rendered":"<!--themify_builder_content-->\n<div id=\"themify_builder_content-332\" data-postid=\"332\" class=\"themify_builder_content themify_builder_content-332 themify_builder tf_clear\">\n                    <div  data-css_id=\"p39v238\" data-lazy=\"1\" class=\"module_row themify_builder_row fullwidth tb_p39v238 tb_first tf_w\">\n            <span  class=\"builder_row_cover tf_abs\" data-lazy=\"1\"><\/span>            <div class=\"row_inner col_align_top tb_col_count_1 tf_box tf_rel\">\n                        <div  data-lazy=\"1\" class=\"module_column tb-column col-full tb_1r3r239 first\">\n                            <\/div>\n                        <\/div>\n        <\/div>\n                        <div  data-anchor=\"competition\" data-lazy=\"1\" class=\"module_row themify_builder_row tb_has_section tb_section-competition tb_gc9t238 tf_w\">\n                        <div class=\"row_inner col_align_top tb_col_count_2 tf_box tf_rel\">\n                        <div  data-lazy=\"1\" class=\"module_column tb-column col4-3 tb_4vd6241 first\">\n                    <!-- module text -->\n<div  class=\"module module-text tb_b5is241   \" data-lazy=\"1\">\n        <div  class=\"tb_text_wrap\">\n        <p><h5-page-header>Grades et stages<\/h5-page-header><\/p>    <\/div>\n<\/div>\n<!-- \/module text --><!-- module text -->\n<div  class=\"module module-text tb_tjrn241   \" data-lazy=\"1\">\n        <div  class=\"tb_text_wrap\">\n        <h4>Boostez votre pratique<\/h4>\n<p>La BMMAF soutient le programme de progression technique de l\u2019IMMAF (Talent Development Pathway), qui offre de nombreux avantages tant pour les coachs que les pratiquants. De nombreuses activit\u00e9s sont organis\u00e9es pour permettre \u00e0 chacun d\u2019am\u00e9liorer son bagage technique et son niveau de pratique.<\/p>\n<p>Les avantages du syst\u00e8me de grade IMMAF:<\/p>\n<ul>\n<li>Permet d&#8217;\u00e9tablir des normes dans le sport, de guider les athl\u00e8tes dans leur pratique<\/li>\n<li>\u00c9largir le public cibl\u00e9 et le nombre de pratiquants<\/li>\n<li>Offre aux non comp\u00e9titeurs une mani\u00e8re engageante de progresser dans la discipline, fid\u00e9lisation de la pratique r\u00e9cr\u00e9ative<\/li>\n<li>Permet aux clubs de mieux structurer leurs cours et g\u00e9rer leurs membres (encadrement des d\u00e9butants, progression des plus avanc\u00e9s)<\/li>\n<li>G\u00e9n\u00e9rer des revenus pour les clubs: retour sur participation des membres aux activit\u00e9s BMMAF, passages de grade, \u00e9quipements<\/li>\n<li>Assurer le niveau technique des participants aux comp\u00e9titions de la BMMAF (\u00e0 venir)<\/li>\n<li>Acc\u00e8s aux comp\u00e9titions internationales IMMAF (niveau technique minimum requis)<\/li>\n<\/ul>    <\/div>\n<\/div>\n<!-- \/module text -->        <\/div>\n                    <div  data-lazy=\"1\" class=\"module_column tb-column col4-1 tb_b0d2739 last\">\n                    <!-- module text -->\n<div  class=\"module module-text tb_8ryp440  repeat \" data-lazy=\"1\">\n        <div  class=\"tb_text_wrap\">\n        <h5><strong>L\u2019applicaton IMMAF<\/strong><\/h5>\n<p><i>Google Play store \/ App store<\/i><\/p>\n<p><strong>Il est n\u00e9cessaire d\u2019\u00eatre certifi\u00e9 level 1 pour acc\u00e9der \u00e0 l\u2019apllication en tant que coach<\/strong><\/p>\n<p>Pour les coachs:<\/p>\n<ul>\n<li>G\u00e9rer<span class=\"Apple-converted-space\">\u00a0 <\/span>l\u2019evolution technique et les ceintures de vos \u00e9l\u00e8ves<\/li>\n<li>\u00c9valuer leurs mouvements et ajuster leur progression<\/li>\n<li>Communiquez directment avec vos \u00e9l\u00e8ves (chat)<\/li>\n<li>Apprendre et am\u00e9liorer vos comp\u00e9tences gr\u00e2ce \u00e0 une vaste collection de vid\u00e9os<\/li>\n<\/ul>\n<p>Pour les athl\u00e8tes<\/p>\n<ul>\n<li>Visualiser et suivre vos progr\u00e8s techniques<\/li>\n<li>Recevoir vos ceintures<\/li>\n<li>Apprendre et am\u00e9liorer vos comp\u00e9tences gr\u00e2ce \u00e0 une vaste collection de vid\u00e9os<\/li>\n<li>Chatter avec votre coach<\/li>\n<\/ul>    <\/div>\n<\/div>\n<!-- \/module text -->        <\/div>\n                        <\/div>\n        <\/div>\n        <\/div>\n<!--\/themify_builder_content-->","protected":false},"excerpt":{"rendered":"<p>Grades et stages Boostez votre pratique La BMMAF soutient le programme de progression technique de l\u2019IMMAF (Talent Development Pathway), qui offre de nombreux avantages tant pour les coachs que les pratiquants. De nombreuses activit\u00e9s sont organis\u00e9es pour permettre \u00e0 chacun d\u2019am\u00e9liorer son bagage technique et son niveau de pratique. Les avantages du syst\u00e8me de grade [&hellip;]<\/p>\n","protected":false},"author":3,"featured_media":0,"parent":0,"menu_order":0,"comment_status":"closed","ping_status":"closed","template":"","meta":{"iawp_total_views":371,"footnotes":""},"class_list":["post-332","page","type-page","status-publish","hentry","has-post-title","has-post-date","has-post-category","has-post-tag","has-post-comment","has-post-author",""],"yoast_head":"<!-- This site is optimized with the Yoast SEO plugin v27.2 - https:\/\/yoast.com\/product\/yoast-seo-wordpress\/ -->\n<title>Grades et stages - Belgian Mixed Martial Arts Federation<\/title>\n<meta name=\"robots\" content=\"index, follow, max-snippet:-1, max-image-preview:large, max-video-preview:-1\" \/>\n<link rel=\"canonical\" href=\"https:\/\/bmmaf.org\/fr\/grades-et-stages\/\" \/>\n<meta property=\"og:locale\" content=\"fr_FR\" \/>\n<meta property=\"og:type\" content=\"article\" \/>\n<meta property=\"og:title\" content=\"Grades et stages - Belgian Mixed Martial Arts Federation\" \/>\n<meta property=\"og:description\" content=\"Grades et stages Boostez votre pratique La BMMAF soutient le programme de progression technique de l\u2019IMMAF (Talent Development Pathway), qui offre de nombreux avantages tant pour les coachs que les pratiquants. De nombreuses activit\u00e9s sont organis\u00e9es pour permettre \u00e0 chacun d\u2019am\u00e9liorer son bagage technique et son niveau de pratique. Les avantages du syst\u00e8me de grade [&hellip;]\" \/>\n<meta property=\"og:url\" content=\"https:\/\/bmmaf.org\/fr\/grades-et-stages\/\" \/>\n<meta property=\"og:site_name\" content=\"Belgian Mixed Martial Arts Federation\" \/>\n<meta property=\"article:modified_time\" content=\"2024-12-05T13:51:46+00:00\" \/>\n<meta name=\"twitter:card\" content=\"summary_large_image\" \/>\n<script type=\"application\/ld+json\" class=\"yoast-schema-graph\">{\"@context\":\"https:\/\/schema.org\",\"@graph\":[{\"@type\":\"WebPage\",\"@id\":\"https:\/\/bmmaf.org\/grades-et-stages\/\",\"url\":\"https:\/\/bmmaf.org\/grades-et-stages\/\",\"name\":\"Grades et stages - Belgian Mixed Martial Arts Federation\",\"isPartOf\":{\"@id\":\"https:\/\/bmmaf.org\/fr\/#website\"},\"datePublished\":\"2021-04-12T15:14:08+00:00\",\"dateModified\":\"2024-12-05T13:51:46+00:00\",\"breadcrumb\":{\"@id\":\"https:\/\/bmmaf.org\/grades-et-stages\/#breadcrumb\"},\"inLanguage\":\"fr-BE\",\"potentialAction\":[{\"@type\":\"ReadAction\",\"target\":[\"https:\/\/bmmaf.org\/grades-et-stages\/\"]}]},{\"@type\":\"BreadcrumbList\",\"@id\":\"https:\/\/bmmaf.org\/grades-et-stages\/#breadcrumb\",\"itemListElement\":[{\"@type\":\"ListItem\",\"position\":1,\"name\":\"Home\",\"item\":\"https:\/\/bmmaf.org\/fr\/\"},{\"@type\":\"ListItem\",\"position\":2,\"name\":\"Grades et stages\"}]},{\"@type\":\"WebSite\",\"@id\":\"https:\/\/bmmaf.org\/fr\/#website\",\"url\":\"https:\/\/bmmaf.org\/fr\/\",\"name\":\"Belgian Mixed Martial Arts Federation\",\"description\":\"\",\"publisher\":{\"@id\":\"https:\/\/bmmaf.org\/fr\/#organization\"},\"potentialAction\":[{\"@type\":\"SearchAction\",\"target\":{\"@type\":\"EntryPoint\",\"urlTemplate\":\"https:\/\/bmmaf.org\/fr\/?s={search_term_string}\"},\"query-input\":{\"@type\":\"PropertyValueSpecification\",\"valueRequired\":true,\"valueName\":\"search_term_string\"}}],\"inLanguage\":\"fr-BE\"},{\"@type\":\"Organization\",\"@id\":\"https:\/\/bmmaf.org\/fr\/#organization\",\"name\":\"BMMAF\",\"url\":\"https:\/\/bmmaf.org\/fr\/\",\"logo\":{\"@type\":\"ImageObject\",\"inLanguage\":\"fr-BE\",\"@id\":\"https:\/\/bmmaf.org\/fr\/#\/schema\/logo\/image\/\",\"url\":\"https:\/\/bmmaf.org\/wp-content\/uploads\/2021\/04\/logo-icon.svg\",\"contentUrl\":\"https:\/\/bmmaf.org\/wp-content\/uploads\/2021\/04\/logo-icon.svg\",\"width\":1,\"height\":1,\"caption\":\"BMMAF\"},\"image\":{\"@id\":\"https:\/\/bmmaf.org\/fr\/#\/schema\/logo\/image\/\"}}]}<\/script>\n<!-- \/ Yoast SEO plugin. -->","yoast_head_json":{"title":"Grades et stages - Belgian Mixed Martial Arts Federation","robots":{"index":"index","follow":"follow","max-snippet":"max-snippet:-1","max-image-preview":"max-image-preview:large","max-video-preview":"max-video-preview:-1"},"canonical":"https:\/\/bmmaf.org\/fr\/grades-et-stages\/","og_locale":"fr_FR","og_type":"article","og_title":"Grades et stages - Belgian Mixed Martial Arts Federation","og_description":"Grades et stages Boostez votre pratique La BMMAF soutient le programme de progression technique de l\u2019IMMAF (Talent Development Pathway), qui offre de nombreux avantages tant pour les coachs que les pratiquants. De nombreuses activit\u00e9s sont organis\u00e9es pour permettre \u00e0 chacun d\u2019am\u00e9liorer son bagage technique et son niveau de pratique. Les avantages du syst\u00e8me de grade [&hellip;]","og_url":"https:\/\/bmmaf.org\/fr\/grades-et-stages\/","og_site_name":"Belgian Mixed Martial Arts Federation","article_modified_time":"2024-12-05T13:51:46+00:00","twitter_card":"summary_large_image","schema":{"@context":"https:\/\/schema.org","@graph":[{"@type":"WebPage","@id":"https:\/\/bmmaf.org\/grades-et-stages\/","url":"https:\/\/bmmaf.org\/grades-et-stages\/","name":"Grades et stages - Belgian Mixed Martial Arts Federation","isPartOf":{"@id":"https:\/\/bmmaf.org\/fr\/#website"},"datePublished":"2021-04-12T15:14:08+00:00","dateModified":"2024-12-05T13:51:46+00:00","breadcrumb":{"@id":"https:\/\/bmmaf.org\/grades-et-stages\/#breadcrumb"},"inLanguage":"fr-BE","potentialAction":[{"@type":"ReadAction","target":["https:\/\/bmmaf.org\/grades-et-stages\/"]}]},{"@type":"BreadcrumbList","@id":"https:\/\/bmmaf.org\/grades-et-stages\/#breadcrumb","itemListElement":[{"@type":"ListItem","position":1,"name":"Home","item":"https:\/\/bmmaf.org\/fr\/"},{"@type":"ListItem","position":2,"name":"Grades et stages"}]},{"@type":"WebSite","@id":"https:\/\/bmmaf.org\/fr\/#website","url":"https:\/\/bmmaf.org\/fr\/","name":"Belgian Mixed Martial Arts Federation","description":"","publisher":{"@id":"https:\/\/bmmaf.org\/fr\/#organization"},"potentialAction":[{"@type":"SearchAction","target":{"@type":"EntryPoint","urlTemplate":"https:\/\/bmmaf.org\/fr\/?s={search_term_string}"},"query-input":{"@type":"PropertyValueSpecification","valueRequired":true,"valueName":"search_term_string"}}],"inLanguage":"fr-BE"},{"@type":"Organization","@id":"https:\/\/bmmaf.org\/fr\/#organization","name":"BMMAF","url":"https:\/\/bmmaf.org\/fr\/","logo":{"@type":"ImageObject","inLanguage":"fr-BE","@id":"https:\/\/bmmaf.org\/fr\/#\/schema\/logo\/image\/","url":"https:\/\/bmmaf.org\/wp-content\/uploads\/2021\/04\/logo-icon.svg","contentUrl":"https:\/\/bmmaf.org\/wp-content\/uploads\/2021\/04\/logo-icon.svg","width":1,"height":1,"caption":"BMMAF"},"image":{"@id":"https:\/\/bmmaf.org\/fr\/#\/schema\/logo\/image\/"}}]}},"builder_content":"<p><h5-page-header>Grades et stages<\/h5-page-header><\/p>\n<h4>Boostez votre pratique<\/h4> <p>La BMMAF soutient le programme de progression technique de l\u2019IMMAF (Talent Development Pathway), qui offre de nombreux avantages tant pour les coachs que les pratiquants. De nombreuses activit\u00e9s sont organis\u00e9es pour permettre \u00e0 chacun d\u2019am\u00e9liorer son bagage technique et son niveau de pratique.<\/p> <p>Les avantages du syst\u00e8me de grade IMMAF:<\/p> <ul> <li>Permet d'\u00e9tablir des normes dans le sport, de guider les athl\u00e8tes dans leur pratique<\/li> <li>\u00c9largir le public cibl\u00e9 et le nombre de pratiquants<\/li> <li>Offre aux non comp\u00e9titeurs une mani\u00e8re engageante de progresser dans la discipline, fid\u00e9lisation de la pratique r\u00e9cr\u00e9ative<\/li> <li>Permet aux clubs de mieux structurer leurs cours et g\u00e9rer leurs membres (encadrement des d\u00e9butants, progression des plus avanc\u00e9s)<\/li> <li>G\u00e9n\u00e9rer des revenus pour les clubs: retour sur participation des membres aux activit\u00e9s BMMAF, passages de grade, \u00e9quipements<\/li> <li>Assurer le niveau technique des participants aux comp\u00e9titions de la BMMAF (\u00e0 venir)<\/li> <li>Acc\u00e8s aux comp\u00e9titions internationales IMMAF (niveau technique minimum requis)<\/li> <\/ul>\n<h5><strong>L\u2019applicaton IMMAF<\/strong><\/h5> <p><i>Google Play store \/ App store<\/i><\/p> <p><strong>Il est n\u00e9cessaire d\u2019\u00eatre certifi\u00e9 level 1 pour acc\u00e9der \u00e0 l\u2019apllication en tant que coach<\/strong><\/p> <p>Pour les coachs:<\/p> <ul> <li>G\u00e9rer\u00a0 l\u2019evolution technique et les ceintures de vos \u00e9l\u00e8ves<\/li> <li>\u00c9valuer leurs mouvements et ajuster leur progression<\/li> <li>Communiquez directment avec vos \u00e9l\u00e8ves (chat)<\/li> <li>Apprendre et am\u00e9liorer vos comp\u00e9tences gr\u00e2ce \u00e0 une vaste collection de vid\u00e9os<\/li> <\/ul> <p>Pour les athl\u00e8tes<\/p> <ul> <li>Visualiser et suivre vos progr\u00e8s techniques<\/li> <li>Recevoir vos ceintures<\/li> <li>Apprendre et am\u00e9liorer vos comp\u00e9tences gr\u00e2ce \u00e0 une vaste collection de vid\u00e9os<\/li> <li>Chatter avec votre coach<\/li> <\/ul>","_links":{"self":[{"href":"https:\/\/bmmaf.org\/fr\/wp-json\/wp\/v2\/pages\/332","targetHints":{"allow":["GET"]}}],"collection":[{"href":"https:\/\/bmmaf.org\/fr\/wp-json\/wp\/v2\/pages"}],"about":[{"href":"https:\/\/bmmaf.org\/fr\/wp-json\/wp\/v2\/types\/page"}],"author":[{"embeddable":true,"href":"https:\/\/bmmaf.org\/fr\/wp-json\/wp\/v2\/users\/3"}],"replies":[{"embeddable":true,"href":"https:\/\/bmmaf.org\/fr\/wp-json\/wp\/v2\/comments?post=332"}],"version-history":[{"count":15,"href":"https:\/\/bmmaf.org\/fr\/wp-json\/wp\/v2\/pages\/332\/revisions"}],"predecessor-version":[{"id":1735,"href":"https:\/\/bmmaf.org\/fr\/wp-json\/wp\/v2\/pages\/332\/revisions\/1735"}],"wp:attachment":[{"href":"https:\/\/bmmaf.org\/fr\/wp-json\/wp\/v2\/media?parent=332"}],"curies":[{"name":"wp","href":"https:\/\/api.w.org\/{rel}","templated":true}]}}