{"id":325,"date":"2021-04-12T15:13:44","date_gmt":"2021-04-12T15:13:44","guid":{"rendered":"http:\/\/bmmaf.org\/education-copy\/"},"modified":"2024-12-05T13:51:40","modified_gmt":"2024-12-05T13:51:40","slug":"coachopleiding","status":"publish","type":"page","link":"https:\/\/bmmaf.org\/nl\/formation-coaches\/","title":{"rendered":"Coach opleiding"},"content":{"rendered":"<!--themify_builder_content-->\n<div id=\"themify_builder_content-325\" data-postid=\"325\" class=\"themify_builder_content themify_builder_content-325 themify_builder tf_clear\">\n                    <div  data-css_id=\"y8g0169\" data-lazy=\"1\" class=\"module_row themify_builder_row fullwidth tb_y8g0169 tb_first tf_w\">\n            <span  class=\"builder_row_cover tf_abs\" data-lazy=\"1\"><\/span>            <div class=\"row_inner col_align_top tb_col_count_1 tf_box tf_rel\">\n                        <div  data-lazy=\"1\" class=\"module_column tb-column col-full tb_94vm170 first\">\n                            <\/div>\n                        <\/div>\n        <\/div>\n                        <div  data-anchor=\"competition\" data-lazy=\"1\" class=\"module_row themify_builder_row tb_has_section tb_section-competition tb_7ans169 tf_w\">\n                        <div class=\"row_inner col_align_top tb_col_count_2 tf_box tf_rel\">\n                        <div  data-lazy=\"1\" class=\"module_column tb-column col4-3 tb_bx37171 first\">\n                    <!-- module text -->\n<div  class=\"module module-text tb_legm171\" data-lazy=\"1\">\n        <div  class=\"tb_text_wrap\">\n        <p><h5-page-header>Coaches opleiden<\/h5-page-header><\/p>    <\/div>\n<\/div>\n<!-- \/module text --><!-- module text -->\n<div  class=\"module module-text tb_dwca682\" data-lazy=\"1\">\n        <div  class=\"tb_text_wrap\">\n        <h4>Opleidings- en certificeringsprogramma voor coaches<\/h4>\n<p>Gefilterde kalender: Onderwijs Coaches staan garant voor een optimale beoefening van elke sport en kwaliteitsonderwijs is de sleutel tot de ontwikkeling van MMA - \"Coaching van de coaches\" is daarom een van onze prioriteiten. Naast het offici\u00eble IMMAF-programma bieden we aanvullende trainingen om coaches te helpen hun atleten optimaal te begeleiden.<\/p>\n<ul>\n<li>Technische seminars per graad of discipline (Striking, Worstelen, Grappling)<\/li>\n<li>Offici\u00eble IMMAF-certificeringen (zie hieronder)<\/li>\n<li>Aanvullende BMMAF-training: Regels en puntensysteem, bewustzijn van dopingbestrijding<\/li>\n<li>ADEL: Wada-antidopingtraining (eLearning) - verplicht vanaf 2022<\/li>\n<\/ul>    <\/div>\n<\/div>\n<!-- \/module text --><!-- module text -->\n<div  class=\"module module-text tb_6b9q159\" data-lazy=\"1\">\n        <div  class=\"tb_text_wrap\">\n        <h4>IMMAF-programma<\/h4>\n<p>Het IMMAF trainings- en certificeringsprogramma is ontworpen om coaches te helpen hun kennis te verdiepen, lesvaardigheden te verwerven en een solide trainingsmethodologie te ontwikkelen.<\/p>    <\/div>\n<\/div>\n<!-- \/module text --><!-- module text -->\n<div  class=\"module module-text tb_1ap3163\" data-lazy=\"1\">\n        <div  class=\"tb_text_wrap\">\n        <h4>Coach Niveau 1 (Bronzen Award)<\/h4>\n<p>Minimale technische graad van groene gordel voor<\/p>\n<ul>\n<li>Met vertrouwen het MMA progressieprogramma tot Blue Belt niveau kunnen geven<\/li>\n<li>In staat zijn om af en toe trainingssessies te leiden volgens een bepaald plan en senior coaches te vervangen bij hun afwezigheid<\/li>\n<li>Clubleden kunnen indelen tot \u00e9\u00e9n niveau onder je eigen rang (geel, oranje)<\/li>\n<\/ul>    <\/div>\n<\/div>\n<!-- \/module text --><!-- module text -->\n<div  class=\"module module-text tb_5v7q234\" data-lazy=\"1\">\n        <div  class=\"tb_text_wrap\">\n        <h4>Coach niveau 2 (Silver Award)<\/h4>\n<p>Minimale technische graad van groene gordel voor<\/p>\n<ul>\n<li>Met vertrouwen het IMMAF progressieprogramma tot en met paarse gordel kunnen toepassen<\/li>\n<li>In staat zijn om recreatieve en topsporters te coachen en te ontwikkelen en hen individuele ontwikkelingsprogramma's aan te bieden<\/li>\n<li>In staat zijn om trainingsprogramma's voor de middellange termijn in de club te beheren Clubleden indelen tot \u00e9\u00e9n niveau onder hun eigen rang (tot Blauw)<\/li>\n<li>In staat zijn om jeugdontwikkelingsprogramma's te implementeren<\/li>\n<\/ul>    <\/div>\n<\/div>\n<!-- \/module text --><!-- module text -->\n<div  class=\"module module-text tb_hse7197\" data-lazy=\"1\">\n        <div  class=\"tb_text_wrap\">\n        <h4>Coach niveau 3 (Gouden onderscheiding)<\/h4>\n<p>De trainer moet minimaal de rang van Zwarte Gordel hebben om<\/p>\n<ul>\n<li>Het volledige IMMAF progressieprogramma met vertrouwen kunnen implementeren<\/li>\n<li>Trainingsprogramma's voor de lange termijn kunnen plannen en beheren Clubleden kunnen indelen tot en met het niveau van de bruine band<\/li>\n<li>Atleten kunnen voorbereiden op deelname aan internationale evenementen<\/li>\n<li>Nationale teamleden kunnen aansturen tijdens hun optreden op het internationale evenement<\/li>\n<\/ul>    <\/div>\n<\/div>\n<!-- \/module text -->        <\/div>\n                    <div  data-lazy=\"1\" class=\"module_column tb-column col4-1 tb_eneg764 last\">\n                    <!-- module text -->\n<div  class=\"module module-text tb_78yg171\" data-lazy=\"1\">\n        <div  class=\"tb_text_wrap\">\n        <h4>Evenementen<\/h4>    <\/div>\n<\/div>\n<!-- \/module text --><!-- module post -->\n<div  class=\"module module-post tb_l4kz504  tb_fullwidth_image\">\n    <div  class=\"builder-posts-wrap loops-wrapper list-post classic tf_clear tf_clearfix\" data-lazy=\"1\">\n    <article id=\"post-369\" class=\"post tf_clearfix post-369 type-post status-publish format-standard has-post-thumbnail hentry category-education has-post-title no-post-date has-post-category has-post-tag has-post-comment has-post-author\">\n\t    \n\t                <figure class=\"post-image tf_clearfix\">\n                                                            <a href=\"https:\/\/bmmaf.org\/nl\/2021\/04\/12\/education-post\/\">\n                                        <img loading=\"lazy\" decoding=\"async\" width=\"758\" height=\"490\" src=\"https:\/\/bmmaf.org\/wp-content\/uploads\/2021\/04\/BE-PART-OF-THE-ACTION-BMMAF-REFEREE-TRAINING.png\" class=\"wp-post-image wp-image-720\" title=\"MAAK DEEL UIT VAN DE ACTIE BMMAF SCHEIDSRECHTERSOPLEIDING\" alt=\"MAAK DEEL UIT VAN DE ACTIE BMMAF SCHEIDSRECHTERSOPLEIDING\" srcset=\"https:\/\/bmmaf.org\/wp-content\/uploads\/2021\/04\/BE-PART-OF-THE-ACTION-BMMAF-REFEREE-TRAINING.png 758w, https:\/\/bmmaf.org\/wp-content\/uploads\/2021\/04\/BE-PART-OF-THE-ACTION-BMMAF-REFEREE-TRAINING-300x194.png 300w, https:\/\/bmmaf.org\/wp-content\/uploads\/2021\/04\/BE-PART-OF-THE-ACTION-BMMAF-REFEREE-TRAINING-600x387.png 600w\" sizes=\"auto, (max-width: 758px) 100vw, 758px\" \/>                                                                    <\/a>\n                                                                <\/figure>\n                    \t<div class=\"post-content\">\n\t\t<div class=\"post-content-inner\">\n\n\t\t\t\n\t\t\t<h2 class=\"post-title entry-title\"><a href=\"https:\/\/bmmaf.org\/nl\/2021\/04\/12\/education-post\/\">2+3.10.21 - MMA scheidsrechter en jury opleiding<\/a><\/h2>\n\t\t\t\n\t\t\t\n\t\t\t        <div class=\"entry-content\">\n\n        \n        <\/div><!-- \/.entry-content -->\n        \n\t\t<\/div>\n\t\t<!-- \/.post-content-inner -->\n\t<\/div>\n\t<!-- \/.post-content -->\n\t\n<\/article>\n<!-- \/.post -->\n    <\/div><!-- .builder-posts-wrap -->\n                                                <\/div>\n<!-- \/module post -->\n            <\/div>\n                        <\/div>\n        <\/div>\n        <\/div>\n<!--\/themify_builder_content-->","protected":false},"excerpt":{"rendered":"<p>Formation Coaches Programme de formation et de certification coachs Filtered calendar: Education Les entra\u00eeneurs sont les garants d&rsquo;une pratique optimale de tout sport et un enseignement de qualit\u00e9 est clef au d\u00e9veloppement du MMA &#8211; \u00ab\u00a0Coacher les coachs\u00a0\u00bb est donc l&rsquo;une de nos priorit\u00e9s. En plus du programme officiel de l\u2019IMMAF, nous proposons des formations [&hellip;]<\/p>\n","protected":false},"author":3,"featured_media":0,"parent":0,"menu_order":0,"comment_status":"closed","ping_status":"closed","template":"","meta":{"iawp_total_views":787,"footnotes":""},"class_list":["post-325","page","type-page","status-publish","hentry","has-post-title","has-post-date","has-post-category","has-post-tag","has-post-comment","has-post-author",""],"yoast_head":"<!-- This site is optimized with the Yoast SEO plugin v27.4 - https:\/\/yoast.com\/product\/yoast-seo-wordpress\/ -->\n<title>Formation coaches - Belgian Mixed Martial Arts Federation<\/title>\n<meta name=\"robots\" content=\"index, follow, max-snippet:-1, max-image-preview:large, max-video-preview:-1\" \/>\n<link rel=\"canonical\" href=\"https:\/\/bmmaf.org\/nl\/coachopleiding\/\" \/>\n<meta property=\"og:locale\" content=\"nl_NL\" \/>\n<meta property=\"og:type\" content=\"article\" \/>\n<meta property=\"og:title\" content=\"Formation coaches - Belgian Mixed Martial Arts Federation\" \/>\n<meta property=\"og:description\" content=\"Formation Coaches Programme de formation et de certification coachs Filtered calendar: Education Les entra\u00eeneurs sont les garants d&rsquo;une pratique optimale de tout sport et un enseignement de qualit\u00e9 est clef au d\u00e9veloppement du MMA &#8211; \u00ab\u00a0Coacher les coachs\u00a0\u00bb est donc l&rsquo;une de nos priorit\u00e9s. En plus du programme officiel de l\u2019IMMAF, nous proposons des formations [&hellip;]\" \/>\n<meta property=\"og:url\" content=\"https:\/\/bmmaf.org\/nl\/coachopleiding\/\" \/>\n<meta property=\"og:site_name\" content=\"Belgian Mixed Martial Arts Federation\" \/>\n<meta property=\"article:modified_time\" content=\"2024-12-05T13:51:40+00:00\" \/>\n<meta name=\"twitter:card\" content=\"summary_large_image\" \/>\n<script type=\"application\/ld+json\" class=\"yoast-schema-graph\">{\"@context\":\"https:\\\/\\\/schema.org\",\"@graph\":[{\"@type\":\"WebPage\",\"@id\":\"https:\\\/\\\/bmmaf.org\\\/formation-coaches\\\/\",\"url\":\"https:\\\/\\\/bmmaf.org\\\/formation-coaches\\\/\",\"name\":\"Formation coaches - Belgian Mixed Martial Arts Federation\",\"isPartOf\":{\"@id\":\"https:\\\/\\\/bmmaf.org\\\/fr\\\/#website\"},\"datePublished\":\"2021-04-12T15:13:44+00:00\",\"dateModified\":\"2024-12-05T13:51:40+00:00\",\"breadcrumb\":{\"@id\":\"https:\\\/\\\/bmmaf.org\\\/formation-coaches\\\/#breadcrumb\"},\"inLanguage\":\"nl-NL\",\"potentialAction\":[{\"@type\":\"ReadAction\",\"target\":[\"https:\\\/\\\/bmmaf.org\\\/formation-coaches\\\/\"]}]},{\"@type\":\"BreadcrumbList\",\"@id\":\"https:\\\/\\\/bmmaf.org\\\/formation-coaches\\\/#breadcrumb\",\"itemListElement\":[{\"@type\":\"ListItem\",\"position\":1,\"name\":\"Home\",\"item\":\"https:\\\/\\\/bmmaf.org\\\/fr\\\/\"},{\"@type\":\"ListItem\",\"position\":2,\"name\":\"Formation coaches\"}]},{\"@type\":\"WebSite\",\"@id\":\"https:\\\/\\\/bmmaf.org\\\/fr\\\/#website\",\"url\":\"https:\\\/\\\/bmmaf.org\\\/fr\\\/\",\"name\":\"Belgian Mixed Martial Arts Federation\",\"description\":\"\",\"publisher\":{\"@id\":\"https:\\\/\\\/bmmaf.org\\\/fr\\\/#organization\"},\"potentialAction\":[{\"@type\":\"SearchAction\",\"target\":{\"@type\":\"EntryPoint\",\"urlTemplate\":\"https:\\\/\\\/bmmaf.org\\\/fr\\\/?s={search_term_string}\"},\"query-input\":{\"@type\":\"PropertyValueSpecification\",\"valueRequired\":true,\"valueName\":\"search_term_string\"}}],\"inLanguage\":\"nl-NL\"},{\"@type\":\"Organization\",\"@id\":\"https:\\\/\\\/bmmaf.org\\\/fr\\\/#organization\",\"name\":\"BMMAF\",\"url\":\"https:\\\/\\\/bmmaf.org\\\/fr\\\/\",\"logo\":{\"@type\":\"ImageObject\",\"inLanguage\":\"nl-NL\",\"@id\":\"https:\\\/\\\/bmmaf.org\\\/fr\\\/#\\\/schema\\\/logo\\\/image\\\/\",\"url\":\"https:\\\/\\\/bmmaf.org\\\/wp-content\\\/uploads\\\/2021\\\/04\\\/logo-icon.svg\",\"contentUrl\":\"https:\\\/\\\/bmmaf.org\\\/wp-content\\\/uploads\\\/2021\\\/04\\\/logo-icon.svg\",\"width\":1,\"height\":1,\"caption\":\"BMMAF\"},\"image\":{\"@id\":\"https:\\\/\\\/bmmaf.org\\\/fr\\\/#\\\/schema\\\/logo\\\/image\\\/\"}}]}<\/script>\n<!-- \/ Yoast SEO plugin. -->","yoast_head_json":{"title":"Coach opleiding - Belgische Mixed Martial Arts Federatie","robots":{"index":"index","follow":"follow","max-snippet":"max-snippet:-1","max-image-preview":"max-image-preview:large","max-video-preview":"max-video-preview:-1"},"canonical":"https:\/\/bmmaf.org\/nl\/coachopleiding\/","og_locale":"nl_NL","og_type":"article","og_title":"Formation coaches - Belgian Mixed Martial Arts Federation","og_description":"Formation Coaches Programme de formation et de certification coachs Filtered calendar: Education Les entra\u00eeneurs sont les garants d&rsquo;une pratique optimale de tout sport et un enseignement de qualit\u00e9 est clef au d\u00e9veloppement du MMA &#8211; \u00ab\u00a0Coacher les coachs\u00a0\u00bb est donc l&rsquo;une de nos priorit\u00e9s. En plus du programme officiel de l\u2019IMMAF, nous proposons des formations [&hellip;]","og_url":"https:\/\/bmmaf.org\/nl\/coachopleiding\/","og_site_name":"Belgian Mixed Martial Arts Federation","article_modified_time":"2024-12-05T13:51:40+00:00","twitter_card":"summary_large_image","schema":{"@context":"https:\/\/schema.org","@graph":[{"@type":"WebPage","@id":"https:\/\/bmmaf.org\/formation-coaches\/","url":"https:\/\/bmmaf.org\/formation-coaches\/","name":"Coach opleiding - Belgische Mixed Martial Arts Federatie","isPartOf":{"@id":"https:\/\/bmmaf.org\/fr\/#website"},"datePublished":"2021-04-12T15:13:44+00:00","dateModified":"2024-12-05T13:51:40+00:00","breadcrumb":{"@id":"https:\/\/bmmaf.org\/formation-coaches\/#breadcrumb"},"inLanguage":"nl-NL","potentialAction":[{"@type":"ReadAction","target":["https:\/\/bmmaf.org\/formation-coaches\/"]}]},{"@type":"BreadcrumbList","@id":"https:\/\/bmmaf.org\/formation-coaches\/#breadcrumb","itemListElement":[{"@type":"ListItem","position":1,"name":"Home","item":"https:\/\/bmmaf.org\/fr\/"},{"@type":"ListItem","position":2,"name":"Formation coaches"}]},{"@type":"WebSite","@id":"https:\/\/bmmaf.org\/fr\/#website","url":"https:\/\/bmmaf.org\/fr\/","name":"Belgische Gemengde Vechtsportbond","description":"","publisher":{"@id":"https:\/\/bmmaf.org\/fr\/#organization"},"potentialAction":[{"@type":"SearchAction","target":{"@type":"EntryPoint","urlTemplate":"https:\/\/bmmaf.org\/fr\/?s={search_term_string}"},"query-input":{"@type":"PropertyValueSpecification","valueRequired":true,"valueName":"search_term_string"}}],"inLanguage":"nl-NL"},{"@type":"Organization","@id":"https:\/\/bmmaf.org\/fr\/#organization","name":"BMMAF","url":"https:\/\/bmmaf.org\/fr\/","logo":{"@type":"ImageObject","inLanguage":"nl-NL","@id":"https:\/\/bmmaf.org\/fr\/#\/schema\/logo\/image\/","url":"https:\/\/bmmaf.org\/wp-content\/uploads\/2021\/04\/logo-icon.svg","contentUrl":"https:\/\/bmmaf.org\/wp-content\/uploads\/2021\/04\/logo-icon.svg","width":1,"height":1,"caption":"BMMAF"},"image":{"@id":"https:\/\/bmmaf.org\/fr\/#\/schema\/logo\/image\/"}}]}},"builder_content":"<p><h5-page-header>Formation Coaches<\/h5-page-header><\/p>\n<h4>Programme de formation et de certification coachs<\/h4> <p>Filtered calendar: Education Les entra\u00eeneurs sont les garants d'une pratique optimale de tout sport et un enseignement de qualit\u00e9 est clef au d\u00e9veloppement du MMA - \"Coacher les coachs\" est donc l'une de nos priorit\u00e9s. En plus du programme officiel de l\u2019IMMAF, nous proposons des formations compl\u00e9mentaires pour aider les coachs \u00e0 apporter un encadrement id\u00e9al \u00e0 leurs athl\u00e8tes.<\/p> <ul> <li>S\u00e9minaires techniques par grade ou discipline (Striking, Wrestling, Grappling)<\/li> <li>Certifications officielles IMMAF (voir plus bas)<\/li> <li>Formations compl\u00e9mentaires BMMAF: Rules and point system, anti-doping awareness<\/li> <li>ADEL: Formation antidopage Wada (eLearning)- obligatoire d\u00e8s 2022<\/li> <\/ul>\n<h4>Programme IMMAF<\/h4> <p>Le programme de formation et de certification de l'IMMAF a pour but d'aider les entra\u00eeneurs \u00e0 approfondir leurs connaissances, \u00e0 acqu\u00e9rir des comp\u00e9tences p\u00e9dagogiques ainsi qu'une solide m\u00e9thodologie de formation.<\/p>\n<h4>Coach Level 1 (Bronze Award)<\/h4> <p>Grade technique minimum de ceinture verte pour<\/p> <ul> <li>\u00catre capable de dispenser avec confiance le programme de progression MMA jusqu'au niveau Blue Belt<\/li> <li>\u00catre capable de diriger occasionnellement des sessions d'entra\u00eenement selon un plan donn\u00e9 et de remplacer les entra\u00eeneurs seniors en leur absence<\/li> <li>\u00catre capable de classer les membres du club jusqu'au niveau inf\u00e9rieur d'un degr\u00e9 \u00e0 son propre grade (jaune, orange)<\/li> <\/ul>\n<h4>Coach Level 2 (Silver Award)<\/h4> <p>Grade technique minimum de ceinture verte pour<\/p> <ul> <li>\u00catre capable d'appliquer avec confiance le programme de progression de l'IMMAF jusqu'au niveau de la ceinture violette<\/li> <li>\u00catre capable d'entra\u00eener et de d\u00e9velopper des athl\u00e8tes de niveau r\u00e9cr\u00e9atif et de performance et de leur proposer des programmes de d\u00e9veloppement individuels<\/li> <li>\u00catre capable de g\u00e9rer des programmes d'entra\u00eenement \u00e0 moyen terme dans le clubclasser les membres du club jusqu'au niveau inf\u00e9rieur d'un degr\u00e9 \u00e0 son propre grade (jusqu'\u00e0 Bleue)<\/li> <li>\u00catre capable de mettre en \u0153uvre les programmes de d\u00e9veloppement des jeunes<\/li> <\/ul>\n<h4>Coach Level 3 (Gold Award)<\/h4> <p>L'entra\u00eeneur doit avoir un grade minimum de Ceinture noire pour<\/p> <ul> <li>\u00catre capable de mettre en \u0153uvre avec confiance le programme complet de progression de l'IMMAF<\/li> <li>\u00catre capable de planifier et de g\u00e9rer les programmes d'entra\u00eenement \u00e0 long terme \u00eatre capable de classer les membres du club jusqu'au niveau de la ceinture marron<\/li> <li>\u00catre capable de pr\u00e9parer les athl\u00e8tes \u00e0 la comp\u00e9tition dans les \u00e9v\u00e9nements internationaux<\/li> <li>\u00catre capable de g\u00e9rer les membres de l'\u00e9quipe nationale pendant leur performance lors de l'\u00e9v\u00e9nement international<\/li> <\/ul>\n<h4>Education events<\/h4>","_links":{"self":[{"href":"https:\/\/bmmaf.org\/nl\/wp-json\/wp\/v2\/pages\/325","targetHints":{"allow":["GET"]}}],"collection":[{"href":"https:\/\/bmmaf.org\/nl\/wp-json\/wp\/v2\/pages"}],"about":[{"href":"https:\/\/bmmaf.org\/nl\/wp-json\/wp\/v2\/types\/page"}],"author":[{"embeddable":true,"href":"https:\/\/bmmaf.org\/nl\/wp-json\/wp\/v2\/users\/3"}],"replies":[{"embeddable":true,"href":"https:\/\/bmmaf.org\/nl\/wp-json\/wp\/v2\/comments?post=325"}],"version-history":[{"count":19,"href":"https:\/\/bmmaf.org\/nl\/wp-json\/wp\/v2\/pages\/325\/revisions"}],"predecessor-version":[{"id":1732,"href":"https:\/\/bmmaf.org\/nl\/wp-json\/wp\/v2\/pages\/325\/revisions\/1732"}],"wp:attachment":[{"href":"https:\/\/bmmaf.org\/nl\/wp-json\/wp\/v2\/media?parent=325"}],"curies":[{"name":"wp","href":"https:\/\/api.w.org\/{rel}","templated":true}]}}