{"id":340,"date":"2021-04-12T15:15:33","date_gmt":"2021-04-12T15:15:33","guid":{"rendered":"http:\/\/bmmaf.org\/education\/formation-coaches-copy\/"},"modified":"2024-12-05T13:51:35","modified_gmt":"2024-12-05T13:51:35","slug":"antidoping","status":"publish","type":"page","link":"https:\/\/bmmaf.org\/nl\/anti-doping\/","title":{"rendered":"Antidoping"},"content":{"rendered":"<!--themify_builder_content-->\n<div id=\"themify_builder_content-340\" data-postid=\"340\" class=\"themify_builder_content themify_builder_content-340 themify_builder tf_clear\">\n                    <div  data-css_id=\"aora280\" data-lazy=\"1\" class=\"module_row themify_builder_row fullwidth tb_aora280 tb_first tf_w\">\n            <span  class=\"builder_row_cover tf_abs\" data-lazy=\"1\"><\/span>            <div class=\"row_inner col_align_top tb_col_count_1 tf_box tf_rel\">\n                        <div  data-lazy=\"1\" class=\"module_column tb-column col-full tb_e8hp281 first\">\n                            <\/div>\n                        <\/div>\n        <\/div>\n                        <div  data-anchor=\"competition\" data-lazy=\"1\" class=\"module_row themify_builder_row tb_has_section tb_section-competition tb_cjsu280 tf_w\">\n                        <div class=\"row_inner col_align_top tb_col_count_1 tf_box tf_rel\">\n                        <div  data-lazy=\"1\" class=\"module_column tb-column col-full tb_sd57283 first\">\n                    <!-- module text -->\n<div  class=\"module module-text tb_qcsp283\" data-lazy=\"1\">\n        <div  class=\"tb_text_wrap\">\n        <p><h5-page-header>Antidoping<\/h5-page-header><\/p>    <\/div>\n<\/div>\n<!-- \/module text --><!-- module text -->\n<div  class=\"module module-text tb_vt2c283\" data-lazy=\"1\">\n        <div  class=\"tb_text_wrap\">\n        <p>Op internationaal niveau heeft IMMAF in mei 2015 een antidopingbeleid en -programma aangenomen dat in lijn is met de Wereldantidopingcode en de bijbehorende internationale normen. Als lidfederatie van IMMAF hebben we de verantwoordelijkheid om het gebruik van dopingmiddelen in de sport te helpen voorkomen en uitroeien, niet alleen voor de gezondheid en veiligheid van atleten, maar ook voor de reputatie van de discipline.<\/p>\n<p>Er worden verschillende soorten opleidingen opgezet om de opleiding van coaches en atleten te bevorderen. Vanaf september 2021 worden deze cursussen verplicht voor BMMAF coaches en deelnemers.<\/p>\n<h4>Nuttige links<\/h4>\n<p><strong>Nationale antidopingorganisatie<\/strong><br \/><a href=\"https:\/\/dopage.cfwb.be\">https:\/\/dopage.cfwb.be<\/a><br \/><em>Informatie over rechten en verantwoordelijkheden, verboden stoffen, vergunningen, brochures en cursussen...)<\/em><\/p>\n<p><strong>Adel (Anti Doping Opleiding en Leren)<\/strong><br \/><a href=\"https:\/\/adel.wada-ama.org\/learn\">https:\/\/adel.wada-ama.org\/learn<\/a><br \/>Verplichte training voor coaches<br \/><em>Het wereldwijde platform voor educatie en leren in de strijd tegen doping - Training op maat voor sporters, coaches, ouders...<\/em><\/p>\n<p><strong>Echt spel spelen<\/strong><br \/><a href=\"https:\/\/quiz.wada-ama.org\">https:\/\/quiz.wada-ama.org<\/a><br \/><em>Test je kennis over antidoping<\/em><\/p>    <\/div>\n<\/div>\n<!-- \/module text -->        <\/div>\n                        <\/div>\n        <\/div>\n        <\/div>\n<!--\/themify_builder_content-->","protected":false},"excerpt":{"rendered":"<p>Anti-doping Au niveau international, L\u2019IMMAF a adopt\u00e9, en mai 2015, une politique et un programme antidopage conformes avec le Code mondial antidopage et ses normes internationales. En tant que f\u00e9d\u00e9ration membre de L&rsquo;IMMAF, nous avons la responsabilit\u00e9 d&rsquo;aider \u00e0 pr\u00e9venir et \u00e0 \u00e9radiquer l&rsquo;utilisation de substances et de produits dopants dans le sport, non seulement [&hellip;]<\/p>\n","protected":false},"author":3,"featured_media":0,"parent":0,"menu_order":0,"comment_status":"closed","ping_status":"closed","template":"","meta":{"iawp_total_views":116,"footnotes":""},"class_list":["post-340","page","type-page","status-publish","hentry","has-post-title","has-post-date","has-post-category","has-post-tag","has-post-comment","has-post-author",""],"yoast_head":"<!-- This site is optimized with the Yoast SEO plugin v27.4 - https:\/\/yoast.com\/product\/yoast-seo-wordpress\/ -->\n<title>Anti-doping - Belgian Mixed Martial Arts Federation<\/title>\n<meta name=\"robots\" content=\"index, follow, max-snippet:-1, max-image-preview:large, max-video-preview:-1\" \/>\n<link rel=\"canonical\" href=\"https:\/\/bmmaf.org\/nl\/antidoping\/\" \/>\n<meta property=\"og:locale\" content=\"nl_NL\" \/>\n<meta property=\"og:type\" content=\"article\" \/>\n<meta property=\"og:title\" content=\"Anti-doping - Belgian Mixed Martial Arts Federation\" \/>\n<meta property=\"og:description\" content=\"Anti-doping Au niveau international, L\u2019IMMAF a adopt\u00e9, en mai 2015, une politique et un programme antidopage conformes avec le Code mondial antidopage et ses normes internationales. En tant que f\u00e9d\u00e9ration membre de L&rsquo;IMMAF, nous avons la responsabilit\u00e9 d&rsquo;aider \u00e0 pr\u00e9venir et \u00e0 \u00e9radiquer l&rsquo;utilisation de substances et de produits dopants dans le sport, non seulement [&hellip;]\" \/>\n<meta property=\"og:url\" content=\"https:\/\/bmmaf.org\/nl\/antidoping\/\" \/>\n<meta property=\"og:site_name\" content=\"Belgian Mixed Martial Arts Federation\" \/>\n<meta property=\"article:modified_time\" content=\"2024-12-05T13:51:35+00:00\" \/>\n<meta name=\"twitter:card\" content=\"summary_large_image\" \/>\n<script type=\"application\/ld+json\" class=\"yoast-schema-graph\">{\"@context\":\"https:\\\/\\\/schema.org\",\"@graph\":[{\"@type\":\"WebPage\",\"@id\":\"https:\\\/\\\/bmmaf.org\\\/anti-doping\\\/\",\"url\":\"https:\\\/\\\/bmmaf.org\\\/anti-doping\\\/\",\"name\":\"Anti-doping - Belgian Mixed Martial Arts Federation\",\"isPartOf\":{\"@id\":\"https:\\\/\\\/bmmaf.org\\\/fr\\\/#website\"},\"datePublished\":\"2021-04-12T15:15:33+00:00\",\"dateModified\":\"2024-12-05T13:51:35+00:00\",\"breadcrumb\":{\"@id\":\"https:\\\/\\\/bmmaf.org\\\/anti-doping\\\/#breadcrumb\"},\"inLanguage\":\"nl-NL\",\"potentialAction\":[{\"@type\":\"ReadAction\",\"target\":[\"https:\\\/\\\/bmmaf.org\\\/anti-doping\\\/\"]}]},{\"@type\":\"BreadcrumbList\",\"@id\":\"https:\\\/\\\/bmmaf.org\\\/anti-doping\\\/#breadcrumb\",\"itemListElement\":[{\"@type\":\"ListItem\",\"position\":1,\"name\":\"Home\",\"item\":\"https:\\\/\\\/bmmaf.org\\\/fr\\\/\"},{\"@type\":\"ListItem\",\"position\":2,\"name\":\"Anti-doping\"}]},{\"@type\":\"WebSite\",\"@id\":\"https:\\\/\\\/bmmaf.org\\\/fr\\\/#website\",\"url\":\"https:\\\/\\\/bmmaf.org\\\/fr\\\/\",\"name\":\"Belgian Mixed Martial Arts Federation\",\"description\":\"\",\"publisher\":{\"@id\":\"https:\\\/\\\/bmmaf.org\\\/fr\\\/#organization\"},\"potentialAction\":[{\"@type\":\"SearchAction\",\"target\":{\"@type\":\"EntryPoint\",\"urlTemplate\":\"https:\\\/\\\/bmmaf.org\\\/fr\\\/?s={search_term_string}\"},\"query-input\":{\"@type\":\"PropertyValueSpecification\",\"valueRequired\":true,\"valueName\":\"search_term_string\"}}],\"inLanguage\":\"nl-NL\"},{\"@type\":\"Organization\",\"@id\":\"https:\\\/\\\/bmmaf.org\\\/fr\\\/#organization\",\"name\":\"BMMAF\",\"url\":\"https:\\\/\\\/bmmaf.org\\\/fr\\\/\",\"logo\":{\"@type\":\"ImageObject\",\"inLanguage\":\"nl-NL\",\"@id\":\"https:\\\/\\\/bmmaf.org\\\/fr\\\/#\\\/schema\\\/logo\\\/image\\\/\",\"url\":\"https:\\\/\\\/bmmaf.org\\\/wp-content\\\/uploads\\\/2021\\\/04\\\/logo-icon.svg\",\"contentUrl\":\"https:\\\/\\\/bmmaf.org\\\/wp-content\\\/uploads\\\/2021\\\/04\\\/logo-icon.svg\",\"width\":1,\"height\":1,\"caption\":\"BMMAF\"},\"image\":{\"@id\":\"https:\\\/\\\/bmmaf.org\\\/fr\\\/#\\\/schema\\\/logo\\\/image\\\/\"}}]}<\/script>\n<!-- \/ Yoast SEO plugin. -->","yoast_head_json":{"title":"Antidoping - Belgische Mixed Martial Arts Federatie","robots":{"index":"index","follow":"follow","max-snippet":"max-snippet:-1","max-image-preview":"max-image-preview:large","max-video-preview":"max-video-preview:-1"},"canonical":"https:\/\/bmmaf.org\/nl\/antidoping\/","og_locale":"nl_NL","og_type":"article","og_title":"Anti-doping - Belgian Mixed Martial Arts Federation","og_description":"Anti-doping Au niveau international, L\u2019IMMAF a adopt\u00e9, en mai 2015, une politique et un programme antidopage conformes avec le Code mondial antidopage et ses normes internationales. En tant que f\u00e9d\u00e9ration membre de L&rsquo;IMMAF, nous avons la responsabilit\u00e9 d&rsquo;aider \u00e0 pr\u00e9venir et \u00e0 \u00e9radiquer l&rsquo;utilisation de substances et de produits dopants dans le sport, non seulement [&hellip;]","og_url":"https:\/\/bmmaf.org\/nl\/antidoping\/","og_site_name":"Belgian Mixed Martial Arts Federation","article_modified_time":"2024-12-05T13:51:35+00:00","twitter_card":"summary_large_image","schema":{"@context":"https:\/\/schema.org","@graph":[{"@type":"WebPage","@id":"https:\/\/bmmaf.org\/anti-doping\/","url":"https:\/\/bmmaf.org\/anti-doping\/","name":"Antidoping - Belgische Mixed Martial Arts Federatie","isPartOf":{"@id":"https:\/\/bmmaf.org\/fr\/#website"},"datePublished":"2021-04-12T15:15:33+00:00","dateModified":"2024-12-05T13:51:35+00:00","breadcrumb":{"@id":"https:\/\/bmmaf.org\/anti-doping\/#breadcrumb"},"inLanguage":"nl-NL","potentialAction":[{"@type":"ReadAction","target":["https:\/\/bmmaf.org\/anti-doping\/"]}]},{"@type":"BreadcrumbList","@id":"https:\/\/bmmaf.org\/anti-doping\/#breadcrumb","itemListElement":[{"@type":"ListItem","position":1,"name":"Home","item":"https:\/\/bmmaf.org\/fr\/"},{"@type":"ListItem","position":2,"name":"Anti-doping"}]},{"@type":"WebSite","@id":"https:\/\/bmmaf.org\/fr\/#website","url":"https:\/\/bmmaf.org\/fr\/","name":"Belgische Gemengde Vechtsportbond","description":"","publisher":{"@id":"https:\/\/bmmaf.org\/fr\/#organization"},"potentialAction":[{"@type":"SearchAction","target":{"@type":"EntryPoint","urlTemplate":"https:\/\/bmmaf.org\/fr\/?s={search_term_string}"},"query-input":{"@type":"PropertyValueSpecification","valueRequired":true,"valueName":"search_term_string"}}],"inLanguage":"nl-NL"},{"@type":"Organization","@id":"https:\/\/bmmaf.org\/fr\/#organization","name":"BMMAF","url":"https:\/\/bmmaf.org\/fr\/","logo":{"@type":"ImageObject","inLanguage":"nl-NL","@id":"https:\/\/bmmaf.org\/fr\/#\/schema\/logo\/image\/","url":"https:\/\/bmmaf.org\/wp-content\/uploads\/2021\/04\/logo-icon.svg","contentUrl":"https:\/\/bmmaf.org\/wp-content\/uploads\/2021\/04\/logo-icon.svg","width":1,"height":1,"caption":"BMMAF"},"image":{"@id":"https:\/\/bmmaf.org\/fr\/#\/schema\/logo\/image\/"}}]}},"builder_content":"<p><h5-page-header>Anti-doping<\/h5-page-header><\/p>\n<p>Au niveau international, L\u2019IMMAF a adopt\u00e9, en mai 2015, une politique et un programme antidopage conformes avec le Code mondial antidopage et ses normes internationales. En tant que f\u00e9d\u00e9ration membre de L'IMMAF, nous avons la responsabilit\u00e9 d'aider \u00e0 pr\u00e9venir et \u00e0 \u00e9radiquer l'utilisation de substances et de produits dopants dans le sport, non seulement pour la sant\u00e9 et la s\u00e9curit\u00e9 des athl\u00e8tes, mais aussi pour la r\u00e9putation de discipline.<\/p> <p>Diff\u00e9rents types de formation sont mis en place pour favoriser l\u2019\u00e9ducation des coachs et des athl\u00e8tes. D\u00e8s septembre 2021, ces formations deviendront obligatoires pour les coachs et comp\u00e9titeurs de la BMMAF.<\/p> <h4>Liens utiles<\/h4> <p><strong>Organisation nationale antidopage<\/strong><br \/><a href=\"https:\/\/dopage.cfwb.be\">https:\/\/dopage.cfwb.be<\/a><br \/><em>Infos sur droits et responsabilit\u00e9s, substances interdites, autorisations, brochures et formations...)<\/em><\/p> <p><strong>Adel (Anti Doping Education and Learning)<\/strong><br \/><a href=\"https:\/\/adel.wada-ama.org\/learn\">https:\/\/adel.wada-ama.org\/learn<\/a><br \/>Formation obligatoire pour coachs<br \/><em>La plateforme mondiale d'\u00e9ducation et d'apprentissage en mati\u00e8re de lutte contre le dopage \u2013 Formations adapt\u00e9es aux sportifs, entra\u00eeneurs, parents...<\/em><\/p> <p><strong>Play true game<\/strong><br \/><a href=\"https:\/\/quiz.wada-ama.org\">https:\/\/quiz.wada-ama.org<\/a><br \/><em>Testez votre connaissance en mati\u00e8re d\u2019anti-dopage<\/em><\/p>","_links":{"self":[{"href":"https:\/\/bmmaf.org\/nl\/wp-json\/wp\/v2\/pages\/340","targetHints":{"allow":["GET"]}}],"collection":[{"href":"https:\/\/bmmaf.org\/nl\/wp-json\/wp\/v2\/pages"}],"about":[{"href":"https:\/\/bmmaf.org\/nl\/wp-json\/wp\/v2\/types\/page"}],"author":[{"embeddable":true,"href":"https:\/\/bmmaf.org\/nl\/wp-json\/wp\/v2\/users\/3"}],"replies":[{"embeddable":true,"href":"https:\/\/bmmaf.org\/nl\/wp-json\/wp\/v2\/comments?post=340"}],"version-history":[{"count":9,"href":"https:\/\/bmmaf.org\/nl\/wp-json\/wp\/v2\/pages\/340\/revisions"}],"predecessor-version":[{"id":1729,"href":"https:\/\/bmmaf.org\/nl\/wp-json\/wp\/v2\/pages\/340\/revisions\/1729"}],"wp:attachment":[{"href":"https:\/\/bmmaf.org\/nl\/wp-json\/wp\/v2\/media?parent=340"}],"curies":[{"name":"wp","href":"https:\/\/api.w.org\/{rel}","templated":true}]}}