{"id":546,"date":"2021-06-09T20:02:36","date_gmt":"2021-06-09T20:02:36","guid":{"rendered":"http:\/\/bmmaf.org\/la-federation\/vision-copy\/"},"modified":"2024-12-05T12:46:11","modified_gmt":"2024-12-05T12:46:11","slug":"nationaal-team","status":"publish","type":"page","link":"https:\/\/bmmaf.org\/nl\/equipe-nationale\/","title":{"rendered":"Nationaal team"},"content":{"rendered":"<!--themify_builder_content-->\n<div id=\"themify_builder_content-546\" data-postid=\"546\" class=\"themify_builder_content themify_builder_content-546 themify_builder tf_clear\">\n                    <div  data-css_id=\"kvz767\" data-lazy=\"1\" class=\"module_row themify_builder_row fullwidth tb_kvz767 tb_first tf_w\">\n            <span  class=\"builder_row_cover tf_abs\" data-lazy=\"1\"><\/span>            <div class=\"row_inner col_align_top tb_col_count_1 tf_box tf_rel\">\n                        <div  data-lazy=\"1\" class=\"module_column tb-column col-full tb_wfjb68 first\">\n                            <\/div>\n                        <\/div>\n        <\/div>\n                        <div  data-anchor=\"immaf\" data-lazy=\"1\" class=\"module_row themify_builder_row tb_has_section tb_section-immaf tb_nrc267 tf_w\">\n                        <div class=\"row_inner col_align_top tb_col_count_2 tf_box tf_rel\">\n                        <div  data-lazy=\"1\" class=\"module_column tb-column col4-2 tb_z36z69 first\">\n                    <!-- module text -->\n<div  class=\"module module-text tb_t7gc69\" data-lazy=\"1\">\n        <div  class=\"tb_text_wrap\">\n        <p><h5-page-header>Nationaal team<\/h5-page-header><\/p>    <\/div>\n<\/div>\n<!-- \/module text -->        <\/div>\n                    <div  data-lazy=\"1\" class=\"module_column tb-column col4-2 tb_2tpn69 last\">\n                            <\/div>\n                        <\/div>\n        <\/div>\n                        <div  data-lazy=\"1\" class=\"module_row themify_builder_row tb_fhgo67 tf_w\">\n                        <div class=\"row_inner col_align_top tb_col_count_2 tf_box tf_rel\">\n                        <div  data-lazy=\"1\" class=\"module_column tb-column col4-2 tb_c1vc72 first\">\n                    <!-- module text -->\n<div  class=\"module module-text tb_fub772    wow\" data-tf-animation=\"fadeInUp\" data-lazy=\"1\">\n        <div  class=\"tb_text_wrap\">\n        <h3>Visie<\/h3>\n<p><span>Ons doel is om de beste Belgische talenten samen te brengen voor nationale trainingssessies en om de best mogelijke omgeving te bieden aan atleten met ambities om deel te nemen aan de internationale IMMAF-kampioenschappen.<span class=\"Apple-converted-space\">\u00a0<\/span><\/span><\/p>\n<p><span>Onze eerste doelstelling voor 2021 is Belgische deelname aan de IMMAF wereldkampioenschappen voor junioren en senioren in Kazachstan in november 2021.<\/span><\/p>\n<p><img loading=\"lazy\" decoding=\"async\" class=\"alignleft size-medium wp-image-36397\" src=\"https:\/\/immaf.wpengine.com\/wp-content\/uploads\/2020\/03\/icon-blk.svg\" alt=\"\" width=\"50\" height=\"1\" \/><\/p>    <\/div>\n<\/div>\n<!-- \/module text -->        <\/div>\n                    <div  data-lazy=\"1\" class=\"module_column tb-column col4-2 tb_f38i72 last\">\n                    <!-- module image -->\n<div  class=\"module module-image tb_y3xn72 image-top   tf_mw wow\" data-tf-animation=\"fadeInUp\" data-lazy=\"1\">\n        <div class=\"image-wrap tf_rel tf_mw\">\n            <img loading=\"lazy\" decoding=\"async\" width=\"2500\" height=\"2500\" src=\"https:\/\/bmmaf.org\/wp-content\/uploads\/2021\/06\/BMMAF-national-team-3.jpg\" class=\"wp-post-image wp-image-554\" title=\"BMMAF-nationaal-team-3\" alt=\"BMMAF-nationaal-team-3\" srcset=\"https:\/\/bmmaf.org\/wp-content\/uploads\/2021\/06\/BMMAF-national-team-3.jpg 2500w, https:\/\/bmmaf.org\/wp-content\/uploads\/2021\/06\/BMMAF-national-team-3-300x300.jpg 300w, https:\/\/bmmaf.org\/wp-content\/uploads\/2021\/06\/BMMAF-national-team-3-1024x1024.jpg 1024w, https:\/\/bmmaf.org\/wp-content\/uploads\/2021\/06\/BMMAF-national-team-3-150x150.jpg 150w, https:\/\/bmmaf.org\/wp-content\/uploads\/2021\/06\/BMMAF-national-team-3-768x768.jpg 768w, https:\/\/bmmaf.org\/wp-content\/uploads\/2021\/06\/BMMAF-national-team-3-1536x1536.jpg 1536w, https:\/\/bmmaf.org\/wp-content\/uploads\/2021\/06\/BMMAF-national-team-3-2048x2048.jpg 2048w\" sizes=\"auto, (max-width: 2500px) 100vw, 2500px\" \/>    \n        <\/div>\n    <!-- \/image-wrap -->\n    \n        <\/div>\n<!-- \/module image -->        <\/div>\n                        <\/div>\n        <\/div>\n                        <div  data-lazy=\"1\" class=\"module_row themify_builder_row tb_0gg167 tf_w\">\n                        <div class=\"row_inner col_align_top tb_col_count_2 tf_box tf_rel\">\n                        <div  data-lazy=\"1\" class=\"module_column tb-column col4-2 tb_x3ux73 first\">\n                    <!-- module image -->\n<div  class=\"module module-image tb_27gu73 image-top   tf_mw wow\" data-tf-animation=\"fadeInUp\" data-lazy=\"1\">\n        <div class=\"image-wrap tf_rel tf_mw\">\n            <img loading=\"lazy\" decoding=\"async\" width=\"2000\" height=\"2000\" src=\"https:\/\/bmmaf.org\/wp-content\/uploads\/2021\/06\/BMMAF-national-team-4.jpg\" class=\"wp-post-image wp-image-555\" title=\"BMMAF-nationaal-team-4\" alt=\"BMMAF-nationaal-team-4\" srcset=\"https:\/\/bmmaf.org\/wp-content\/uploads\/2021\/06\/BMMAF-national-team-4.jpg 2000w, https:\/\/bmmaf.org\/wp-content\/uploads\/2021\/06\/BMMAF-national-team-4-300x300.jpg 300w, https:\/\/bmmaf.org\/wp-content\/uploads\/2021\/06\/BMMAF-national-team-4-1024x1024.jpg 1024w, https:\/\/bmmaf.org\/wp-content\/uploads\/2021\/06\/BMMAF-national-team-4-150x150.jpg 150w, https:\/\/bmmaf.org\/wp-content\/uploads\/2021\/06\/BMMAF-national-team-4-768x768.jpg 768w, https:\/\/bmmaf.org\/wp-content\/uploads\/2021\/06\/BMMAF-national-team-4-1536x1536.jpg 1536w\" sizes=\"auto, (max-width: 2000px) 100vw, 2000px\" \/>    \n        <\/div>\n    <!-- \/image-wrap -->\n    \n        <\/div>\n<!-- \/module image -->        <\/div>\n                    <div  data-lazy=\"1\" class=\"module_column tb-column col4-2 tb_h92a73 last\">\n                    <!-- module text -->\n<div  class=\"module module-text tb_m11n73    wow\" data-tf-animation=\"fadeInUp\" data-lazy=\"1\">\n        <div  class=\"tb_text_wrap\">\n        <h3>Samenstelling<\/h3>\n<p><span><\/span><span>Elk lid van de federatie kan deelnemen aan nationale trainingen als ze wedstrijdervaring hebben of een technisch niveau dat geschikt is voor langdurige training. De beste talenten worden tijdens BMMAF-trainingen en wedstrijden ge\u00efdentificeerd en uitgenodigd om deel te nemen aan het nationale team. De selectie voor de IMMAF kampioenschappen wordt dan gemaakt vanuit het team op basis van de resultaten en inzet van de atleet.<\/span><\/p>\n<p><img loading=\"lazy\" decoding=\"async\" class=\"alignleft size-medium wp-image-36397\" src=\"https:\/\/immaf.wpengine.com\/wp-content\/uploads\/2020\/03\/icon-blk.svg\" alt=\"\" width=\"50\" height=\"1\" \/><\/p>    <\/div>\n<\/div>\n<!-- \/module text -->        <\/div>\n                        <\/div>\n        <\/div>\n        <\/div>\n<!--\/themify_builder_content-->","protected":false},"excerpt":{"rendered":"<p>Equipe Nationale Vision Nous voulons rassembler les meilleurs talents belges lors d\u2019entra\u00eenements nationaux, et offrir un cadre optimal aux athl\u00e8tes qui ont ambition de participer aux championnats internationaux de l\u2019IMMAF.\u00a0 Notre premier objectif pour 2021 est la participation belge au championnat mondial pour les juniors et seniors de l\u2019IMMAF au Kazakhstan en novembre 2021. Composition [&hellip;]<\/p>\n","protected":false},"author":3,"featured_media":0,"parent":0,"menu_order":0,"comment_status":"closed","ping_status":"closed","template":"","meta":{"iawp_total_views":1580,"footnotes":""},"class_list":["post-546","page","type-page","status-publish","hentry","has-post-title","has-post-date","has-post-category","has-post-tag","has-post-comment","has-post-author",""],"yoast_head":"<!-- This site is optimized with the Yoast SEO plugin v27.4 - https:\/\/yoast.com\/product\/yoast-seo-wordpress\/ -->\n<title>Equipe Nationale - Belgian Mixed Martial Arts Federation<\/title>\n<meta name=\"robots\" content=\"index, follow, max-snippet:-1, max-image-preview:large, max-video-preview:-1\" \/>\n<link rel=\"canonical\" href=\"https:\/\/bmmaf.org\/nl\/nationaal-team\/\" \/>\n<meta property=\"og:locale\" content=\"nl_NL\" \/>\n<meta property=\"og:type\" content=\"article\" \/>\n<meta property=\"og:title\" content=\"Equipe Nationale - Belgian Mixed Martial Arts Federation\" \/>\n<meta property=\"og:description\" content=\"Equipe Nationale Vision Nous voulons rassembler les meilleurs talents belges lors d\u2019entra\u00eenements nationaux, et offrir un cadre optimal aux athl\u00e8tes qui ont ambition de participer aux championnats internationaux de l\u2019IMMAF.\u00a0 Notre premier objectif pour 2021 est la participation belge au championnat mondial pour les juniors et seniors de l\u2019IMMAF au Kazakhstan en novembre 2021. Composition [&hellip;]\" \/>\n<meta property=\"og:url\" content=\"https:\/\/bmmaf.org\/nl\/nationaal-team\/\" \/>\n<meta property=\"og:site_name\" content=\"Belgian Mixed Martial Arts Federation\" \/>\n<meta property=\"article:modified_time\" content=\"2024-12-05T12:46:11+00:00\" \/>\n<meta property=\"og:image\" content=\"https:\/\/immaf.wpengine.com\/wp-content\/uploads\/2020\/03\/icon-blk.svg\" \/>\n<meta name=\"twitter:card\" content=\"summary_large_image\" \/>\n<script type=\"application\/ld+json\" class=\"yoast-schema-graph\">{\"@context\":\"https:\\\/\\\/schema.org\",\"@graph\":[{\"@type\":\"WebPage\",\"@id\":\"https:\\\/\\\/bmmaf.org\\\/equipe-nationale\\\/\",\"url\":\"https:\\\/\\\/bmmaf.org\\\/equipe-nationale\\\/\",\"name\":\"Equipe Nationale - Belgian Mixed Martial Arts Federation\",\"isPartOf\":{\"@id\":\"https:\\\/\\\/bmmaf.org\\\/fr\\\/#website\"},\"primaryImageOfPage\":{\"@id\":\"https:\\\/\\\/bmmaf.org\\\/equipe-nationale\\\/#primaryimage\"},\"image\":{\"@id\":\"https:\\\/\\\/bmmaf.org\\\/equipe-nationale\\\/#primaryimage\"},\"thumbnailUrl\":\"https:\\\/\\\/immaf.wpengine.com\\\/wp-content\\\/uploads\\\/2020\\\/03\\\/icon-blk.svg\",\"datePublished\":\"2021-06-09T20:02:36+00:00\",\"dateModified\":\"2024-12-05T12:46:11+00:00\",\"breadcrumb\":{\"@id\":\"https:\\\/\\\/bmmaf.org\\\/equipe-nationale\\\/#breadcrumb\"},\"inLanguage\":\"nl-NL\",\"potentialAction\":[{\"@type\":\"ReadAction\",\"target\":[\"https:\\\/\\\/bmmaf.org\\\/equipe-nationale\\\/\"]}]},{\"@type\":\"ImageObject\",\"inLanguage\":\"nl-NL\",\"@id\":\"https:\\\/\\\/bmmaf.org\\\/equipe-nationale\\\/#primaryimage\",\"url\":\"https:\\\/\\\/immaf.wpengine.com\\\/wp-content\\\/uploads\\\/2020\\\/03\\\/icon-blk.svg\",\"contentUrl\":\"https:\\\/\\\/immaf.wpengine.com\\\/wp-content\\\/uploads\\\/2020\\\/03\\\/icon-blk.svg\"},{\"@type\":\"BreadcrumbList\",\"@id\":\"https:\\\/\\\/bmmaf.org\\\/equipe-nationale\\\/#breadcrumb\",\"itemListElement\":[{\"@type\":\"ListItem\",\"position\":1,\"name\":\"Home\",\"item\":\"https:\\\/\\\/bmmaf.org\\\/fr\\\/\"},{\"@type\":\"ListItem\",\"position\":2,\"name\":\"Equipe Nationale\"}]},{\"@type\":\"WebSite\",\"@id\":\"https:\\\/\\\/bmmaf.org\\\/fr\\\/#website\",\"url\":\"https:\\\/\\\/bmmaf.org\\\/fr\\\/\",\"name\":\"Belgian Mixed Martial Arts Federation\",\"description\":\"\",\"publisher\":{\"@id\":\"https:\\\/\\\/bmmaf.org\\\/fr\\\/#organization\"},\"potentialAction\":[{\"@type\":\"SearchAction\",\"target\":{\"@type\":\"EntryPoint\",\"urlTemplate\":\"https:\\\/\\\/bmmaf.org\\\/fr\\\/?s={search_term_string}\"},\"query-input\":{\"@type\":\"PropertyValueSpecification\",\"valueRequired\":true,\"valueName\":\"search_term_string\"}}],\"inLanguage\":\"nl-NL\"},{\"@type\":\"Organization\",\"@id\":\"https:\\\/\\\/bmmaf.org\\\/fr\\\/#organization\",\"name\":\"BMMAF\",\"url\":\"https:\\\/\\\/bmmaf.org\\\/fr\\\/\",\"logo\":{\"@type\":\"ImageObject\",\"inLanguage\":\"nl-NL\",\"@id\":\"https:\\\/\\\/bmmaf.org\\\/fr\\\/#\\\/schema\\\/logo\\\/image\\\/\",\"url\":\"https:\\\/\\\/bmmaf.org\\\/wp-content\\\/uploads\\\/2021\\\/04\\\/logo-icon.svg\",\"contentUrl\":\"https:\\\/\\\/bmmaf.org\\\/wp-content\\\/uploads\\\/2021\\\/04\\\/logo-icon.svg\",\"width\":1,\"height\":1,\"caption\":\"BMMAF\"},\"image\":{\"@id\":\"https:\\\/\\\/bmmaf.org\\\/fr\\\/#\\\/schema\\\/logo\\\/image\\\/\"}}]}<\/script>\n<!-- \/ Yoast SEO plugin. -->","yoast_head_json":{"title":"Nationaal Team - Belgische Gemengde Vechtsportbond","robots":{"index":"index","follow":"follow","max-snippet":"max-snippet:-1","max-image-preview":"max-image-preview:large","max-video-preview":"max-video-preview:-1"},"canonical":"https:\/\/bmmaf.org\/nl\/nationaal-team\/","og_locale":"nl_NL","og_type":"article","og_title":"Equipe Nationale - Belgian Mixed Martial Arts Federation","og_description":"Equipe Nationale Vision Nous voulons rassembler les meilleurs talents belges lors d\u2019entra\u00eenements nationaux, et offrir un cadre optimal aux athl\u00e8tes qui ont ambition de participer aux championnats internationaux de l\u2019IMMAF.\u00a0 Notre premier objectif pour 2021 est la participation belge au championnat mondial pour les juniors et seniors de l\u2019IMMAF au Kazakhstan en novembre 2021. Composition [&hellip;]","og_url":"https:\/\/bmmaf.org\/nl\/nationaal-team\/","og_site_name":"Belgian Mixed Martial Arts Federation","article_modified_time":"2024-12-05T12:46:11+00:00","og_image":[{"url":"https:\/\/immaf.wpengine.com\/wp-content\/uploads\/2020\/03\/icon-blk.svg","type":"","width":"","height":""}],"twitter_card":"summary_large_image","schema":{"@context":"https:\/\/schema.org","@graph":[{"@type":"WebPage","@id":"https:\/\/bmmaf.org\/equipe-nationale\/","url":"https:\/\/bmmaf.org\/equipe-nationale\/","name":"Nationaal Team - Belgische Gemengde Vechtsportbond","isPartOf":{"@id":"https:\/\/bmmaf.org\/fr\/#website"},"primaryImageOfPage":{"@id":"https:\/\/bmmaf.org\/equipe-nationale\/#primaryimage"},"image":{"@id":"https:\/\/bmmaf.org\/equipe-nationale\/#primaryimage"},"thumbnailUrl":"https:\/\/immaf.wpengine.com\/wp-content\/uploads\/2020\/03\/icon-blk.svg","datePublished":"2021-06-09T20:02:36+00:00","dateModified":"2024-12-05T12:46:11+00:00","breadcrumb":{"@id":"https:\/\/bmmaf.org\/equipe-nationale\/#breadcrumb"},"inLanguage":"nl-NL","potentialAction":[{"@type":"ReadAction","target":["https:\/\/bmmaf.org\/equipe-nationale\/"]}]},{"@type":"ImageObject","inLanguage":"nl-NL","@id":"https:\/\/bmmaf.org\/equipe-nationale\/#primaryimage","url":"https:\/\/immaf.wpengine.com\/wp-content\/uploads\/2020\/03\/icon-blk.svg","contentUrl":"https:\/\/immaf.wpengine.com\/wp-content\/uploads\/2020\/03\/icon-blk.svg"},{"@type":"BreadcrumbList","@id":"https:\/\/bmmaf.org\/equipe-nationale\/#breadcrumb","itemListElement":[{"@type":"ListItem","position":1,"name":"Home","item":"https:\/\/bmmaf.org\/fr\/"},{"@type":"ListItem","position":2,"name":"Equipe Nationale"}]},{"@type":"WebSite","@id":"https:\/\/bmmaf.org\/fr\/#website","url":"https:\/\/bmmaf.org\/fr\/","name":"Belgische Gemengde Vechtsportbond","description":"","publisher":{"@id":"https:\/\/bmmaf.org\/fr\/#organization"},"potentialAction":[{"@type":"SearchAction","target":{"@type":"EntryPoint","urlTemplate":"https:\/\/bmmaf.org\/fr\/?s={search_term_string}"},"query-input":{"@type":"PropertyValueSpecification","valueRequired":true,"valueName":"search_term_string"}}],"inLanguage":"nl-NL"},{"@type":"Organization","@id":"https:\/\/bmmaf.org\/fr\/#organization","name":"BMMAF","url":"https:\/\/bmmaf.org\/fr\/","logo":{"@type":"ImageObject","inLanguage":"nl-NL","@id":"https:\/\/bmmaf.org\/fr\/#\/schema\/logo\/image\/","url":"https:\/\/bmmaf.org\/wp-content\/uploads\/2021\/04\/logo-icon.svg","contentUrl":"https:\/\/bmmaf.org\/wp-content\/uploads\/2021\/04\/logo-icon.svg","width":1,"height":1,"caption":"BMMAF"},"image":{"@id":"https:\/\/bmmaf.org\/fr\/#\/schema\/logo\/image\/"}}]}},"builder_content":"<p><h5-page-header>Equipe Nationale<\/h5-page-header><\/p>\n<h3>Vision<\/h3> <p>Nous voulons rassembler les meilleurs talents belges lors d\u2019entra\u00eenements nationaux, et offrir un cadre optimal aux athl\u00e8tes qui ont ambition de participer aux championnats internationaux de l\u2019IMMAF.\u00a0<\/p> <p>Notre premier objectif pour 2021 est la participation belge au championnat mondial pour les juniors et seniors de l\u2019IMMAF au Kazakhstan en novembre 2021.<\/p> <p><img loading=\"lazy\" decoding=\"async\" src=\"https:\/\/immaf.wpengine.com\/wp-content\/uploads\/2020\/03\/icon-blk.svg\" alt=\"\" width=\"50\" height=\"1\" \/><\/p>\n<img src=\"https:\/\/bmmaf.org\/wp-content\/uploads\/2021\/06\/BMMAF-national-team-3.jpg\" title=\"BMMAF-national-team-3\" alt=\"BMMAF-national-team-3\" srcset=\"https:\/\/bmmaf.org\/wp-content\/uploads\/2021\/06\/BMMAF-national-team-3.jpg 2500w, https:\/\/bmmaf.org\/wp-content\/uploads\/2021\/06\/BMMAF-national-team-3-300x300.jpg 300w, https:\/\/bmmaf.org\/wp-content\/uploads\/2021\/06\/BMMAF-national-team-3-1024x1024.jpg 1024w, https:\/\/bmmaf.org\/wp-content\/uploads\/2021\/06\/BMMAF-national-team-3-150x150.jpg 150w, https:\/\/bmmaf.org\/wp-content\/uploads\/2021\/06\/BMMAF-national-team-3-768x768.jpg 768w, https:\/\/bmmaf.org\/wp-content\/uploads\/2021\/06\/BMMAF-national-team-3-1536x1536.jpg 1536w, https:\/\/bmmaf.org\/wp-content\/uploads\/2021\/06\/BMMAF-national-team-3-2048x2048.jpg 2048w\" sizes=\"(max-width: 2500px) 100vw, 2500px\" \/>\n<img src=\"https:\/\/bmmaf.org\/wp-content\/uploads\/2021\/06\/BMMAF-national-team-4.jpg\" title=\"BMMAF-national-team-4\" alt=\"BMMAF-national-team-4\" srcset=\"https:\/\/bmmaf.org\/wp-content\/uploads\/2021\/06\/BMMAF-national-team-4.jpg 2000w, https:\/\/bmmaf.org\/wp-content\/uploads\/2021\/06\/BMMAF-national-team-4-300x300.jpg 300w, https:\/\/bmmaf.org\/wp-content\/uploads\/2021\/06\/BMMAF-national-team-4-1024x1024.jpg 1024w, https:\/\/bmmaf.org\/wp-content\/uploads\/2021\/06\/BMMAF-national-team-4-150x150.jpg 150w, https:\/\/bmmaf.org\/wp-content\/uploads\/2021\/06\/BMMAF-national-team-4-768x768.jpg 768w, https:\/\/bmmaf.org\/wp-content\/uploads\/2021\/06\/BMMAF-national-team-4-1536x1536.jpg 1536w\" sizes=\"(max-width: 2000px) 100vw, 2000px\" \/>\n<h3>Composition<\/h3> <p>Tout membre de la f\u00e9d\u00e9ration peut participer aux entra\u00eenement nationaux si il poss\u00e8de une exp\u00e9rience en comp\u00e9tition ou un niveau technique appropri\u00e9 \u00e0 un entra\u00eenement soutenu. Les meilleurs talents sont d\u00e9tect\u00e9s lors des entra\u00eenements et comp\u00e9titions de la BMMAF et invit\u00e9s \u00e0 rejoindre l\u2019\u00e9quipe nationale. La s\u00e9lection pour les championnats IMMAF est alors faite au sein de l\u2019\u00e9quipe d\u2019apr\u00e8s les r\u00e9sultats et l\u2019engagement de l\u2019athl\u00e8te.<\/p> <p><img loading=\"lazy\" decoding=\"async\" src=\"https:\/\/immaf.wpengine.com\/wp-content\/uploads\/2020\/03\/icon-blk.svg\" alt=\"\" width=\"50\" height=\"1\" \/><\/p>","_links":{"self":[{"href":"https:\/\/bmmaf.org\/nl\/wp-json\/wp\/v2\/pages\/546","targetHints":{"allow":["GET"]}}],"collection":[{"href":"https:\/\/bmmaf.org\/nl\/wp-json\/wp\/v2\/pages"}],"about":[{"href":"https:\/\/bmmaf.org\/nl\/wp-json\/wp\/v2\/types\/page"}],"author":[{"embeddable":true,"href":"https:\/\/bmmaf.org\/nl\/wp-json\/wp\/v2\/users\/3"}],"replies":[{"embeddable":true,"href":"https:\/\/bmmaf.org\/nl\/wp-json\/wp\/v2\/comments?post=546"}],"version-history":[{"count":12,"href":"https:\/\/bmmaf.org\/nl\/wp-json\/wp\/v2\/pages\/546\/revisions"}],"predecessor-version":[{"id":1715,"href":"https:\/\/bmmaf.org\/nl\/wp-json\/wp\/v2\/pages\/546\/revisions\/1715"}],"wp:attachment":[{"href":"https:\/\/bmmaf.org\/nl\/wp-json\/wp\/v2\/media?parent=546"}],"curies":[{"name":"wp","href":"https:\/\/api.w.org\/{rel}","templated":true}]}}